{"id":56,"date":"2021-02-23T18:37:50","date_gmt":"2021-02-23T17:37:50","guid":{"rendered":"http:\/\/new.naturogers.com\/?page_id=56"},"modified":"2023-09-24T09:02:59","modified_gmt":"2023-09-24T07:02:59","slug":"naturopathie-presentation","status":"publish","type":"page","link":"https:\/\/www.celiajay.com\/index.php\/naturopathie-presentation\/","title":{"rendered":"Naturopathie"},"content":{"rendered":"\t\t<div data-elementor-type=\"wp-page\" data-elementor-id=\"56\" class=\"elementor elementor-56\" data-elementor-settings=\"[]\">\n\t\t\t\t\t\t\t<div class=\"elementor-section-wrap\">\n\t\t\t\t\t\t\t<section class=\"elementor-section elementor-top-section elementor-element elementor-element-3406d600 elementor-section-boxed elementor-section-height-default elementor-section-height-default default-style\" data-id=\"3406d600\" data-element_type=\"section\" data-settings=\"{&quot;rt_color_sets&quot;:&quot;default-style&quot;}\">\n\t\t\t\t\t\t<div class=\"elementor-container elementor-column-gap-default\">\n\t\t\t\t\t<div class=\"elementor-column elementor-col-100 elementor-top-column elementor-element elementor-element-465dacc0\" data-id=\"465dacc0\" data-element_type=\"column\">\n\t\t\t<div class=\"elementor-widget-wrap elementor-element-populated\">\n\t\t\t\t\t\t\t\t<div class=\"elementor-element elementor-element-48f69c6a elementor-widget elementor-widget-text-editor\" data-id=\"48f69c6a\" data-element_type=\"widget\" data-widget_type=\"text-editor.default\">\n\t\t\t\t<div class=\"elementor-widget-container\">\n\t\t\t\t\t<div class=\"elementor-text-editor elementor-clearfix\"><\/div>\n\t\t\t\t<\/div>\n\t\t\t\t<\/div>\n\t\t\t\t\t<\/div>\n\t\t<\/div>\n\t\t\t\t\t\t\t<\/div>\n\t\t<\/section>\n\t\t\t\t<section class=\"elementor-section elementor-top-section elementor-element elementor-element-5b6ee045 elementor-section-content-middle rt-background-text elementor-section-boxed elementor-section-height-default elementor-section-height-default default-style\" data-id=\"5b6ee045\" data-element_type=\"section\" data-settings=\"{&quot;background_background&quot;:&quot;classic&quot;,&quot;rt_color_sets&quot;:&quot;default-style&quot;}\">\n\t\t\t\t\t\t<div class=\"elementor-container elementor-column-gap-default\">\n\t\t\t\t\t<div class=\"elementor-column elementor-col-100 elementor-top-column elementor-element elementor-element-70813783\" data-id=\"70813783\" data-element_type=\"column\">\n\t\t\t<div class=\"elementor-widget-wrap elementor-element-populated\">\n\t\t\t\t\t\t\t\t<div class=\"elementor-element elementor-element-60a1084f elementor-widget elementor-widget-rt-heading\" data-id=\"60a1084f\" data-element_type=\"widget\" data-widget_type=\"rt-heading.default\">\n\t\t\t\t<div class=\"elementor-widget-container\">\n\t\t\t<div class=\"rt-heading-wrapper text-center\">\n\t\t\t\t\t\t<span class=\"   rt-heading secondary-color secondary-font\" ><\/span>\n\t\t\t\t\t<\/div>\t\t<\/div>\n\t\t\t\t<\/div>\n\t\t\t\t<div class=\"elementor-element elementor-element-60b1f4a4 elementor-widget elementor-widget-rt-heading\" data-id=\"60b1f4a4\" data-element_type=\"widget\" data-widget_type=\"rt-heading.default\">\n\t\t\t\t<div class=\"elementor-widget-container\">\n\t\t\t<div class=\"rt-heading-wrapper style-3\">\n\t\t\t\t\t\t<H2 class=\"   rt-heading style-3\" >L'Organisation Mondiale de la Sant\u00e9<\/H2>\n\t\t\t\t\t<\/div>\t\t<\/div>\n\t\t\t\t<\/div>\n\t\t\t\t<div class=\"elementor-element elementor-element-2409fc82 elementor-widget elementor-widget-text-editor\" data-id=\"2409fc82\" data-element_type=\"widget\" data-widget_type=\"text-editor.default\">\n\t\t\t\t<div class=\"elementor-widget-container\">\n\t\t\t\t\t<div class=\"elementor-text-editor elementor-clearfix\"><p>reconnait la naturopathie comme la 3\u00e8me m\u00e9decine traditionnelle et la d\u00e9finit comme \u00ab\u00a0un ensemble de m\u00e9thodes de soin visant \u00e0 renforcer les d\u00e9fenses de l&rsquo;organisme par des moyens consid\u00e9r\u00e9s comme naturels et biologiques\u00a0\u00bb.\u00a0<\/p><\/div>\n\t\t\t\t<\/div>\n\t\t\t\t<\/div>\n\t\t\t\t\t<\/div>\n\t\t<\/div>\n\t\t\t\t\t\t\t<\/div>\n\t\t<\/section>\n\t\t\t\t<section class=\"elementor-section elementor-top-section elementor-element elementor-element-6dc640de elementor-section-content-middle rt-el-parallax-background elementor-section-boxed elementor-section-height-default elementor-section-height-default default-style\" data-id=\"6dc640de\" data-element_type=\"section\" data-settings=\"{&quot;background_background&quot;:&quot;classic&quot;,&quot;rt_parallax&quot;:&quot;rt-el-parallax-background&quot;,&quot;rt_color_sets&quot;:&quot;default-style&quot;,&quot;rt_bg_parallax_effect&quot;:&quot;3&quot;,&quot;rt_bg_parallax_speed&quot;:&quot;1&quot;}\">\n\t\t\t\t\t\t\t<div class=\"elementor-background-overlay\"><\/div>\n\t\t\t\t\t\t\t<div class=\"elementor-container elementor-column-gap-default\">\n\t\t\t\t\t<div class=\"elementor-column elementor-col-33 elementor-top-column elementor-element elementor-element-1f8843a6\" data-id=\"1f8843a6\" data-element_type=\"column\">\n\t\t\t<div class=\"elementor-widget-wrap elementor-element-populated\">\n\t\t\t\t\t\t\t\t<div class=\"elementor-element elementor-element-6c5d41b0 elementor-widget elementor-widget-rt-heading\" data-id=\"6c5d41b0\" data-element_type=\"widget\" data-widget_type=\"rt-heading.default\">\n\t\t\t\t<div class=\"elementor-widget-container\">\n\t\t\t<div class=\"rt-heading-wrapper text-mobile-center\">\n\t\t\t\t\t\t<span class=\"ie-vertical-lr ie-vertical-lr-tablet ie-horizontal-tb-mobile rt-heading\" >Les 5 fondements<\/span>\n\t\t\t\t\t<\/div>\t\t<\/div>\n\t\t\t\t<\/div>\n\t\t\t\t\t<\/div>\n\t\t<\/div>\n\t\t\t\t<div class=\"elementor-column elementor-col-33 elementor-top-column elementor-element elementor-element-67a3ff33\" data-id=\"67a3ff33\" data-element_type=\"column\">\n\t\t\t<div class=\"elementor-widget-wrap elementor-element-populated\">\n\t\t\t\t\t\t\t\t<div class=\"elementor-element elementor-element-27974cfa elementor-widget elementor-widget-rt-heading\" data-id=\"27974cfa\" data-element_type=\"widget\" data-widget_type=\"rt-heading.default\">\n\t\t\t\t<div class=\"elementor-widget-container\">\n\t\t\t<div class=\"rt-heading-wrapper style-3 text-center text-tablet-center text-mobile-center\">\n\t\t\t\t\t\t<H5 class=\"   rt-heading style-3\" >Les 5 fondements de la naturopathie<\/H5>\n\t\t\t\t\t<\/div>\t\t<\/div>\n\t\t\t\t<\/div>\n\t\t\t\t<div class=\"elementor-element elementor-element-197ad455 elementor-widget elementor-widget-text-editor\" data-id=\"197ad455\" data-element_type=\"widget\" data-widget_type=\"text-editor.default\">\n\t\t\t\t<div class=\"elementor-widget-container\">\n\t\t\t\t\t<div class=\"elementor-text-editor elementor-clearfix\"><p><strong>VITALISME<\/strong> : Accompagner et soutenir la vitalit\u00e9 qui anime la personne afin qu&rsquo;elle retrouve le chemin du mieux-\u00eatre et de la sant\u00e9.<br \/><strong>CAUSALISME<\/strong> : Rechercher\u00a0 les causes profondes du d\u00e9s\u00e9quilibre et ne pas se contenter de soulager les sympt\u00f4mes.<br \/><strong>INDIVIDUALISME<\/strong> : Parce chaque individu est diff\u00e9rent, la naturopathie s&rsquo;adapte en fonction du terrain, des besoins et de l&rsquo;environnement de la personne.<br \/><strong>HUMORISME<\/strong> : La sant\u00e9 s&rsquo;exprime par l&rsquo;\u00e9quilibre et la qualit\u00e9 des humeurs (sang, lymphe, liquide extracellulaire). S&rsquo;ils sont encrass\u00e9s, les organes ne re\u00e7oivent plus les nutriments essentiels et ne peuvent plus \u00e9liminer les d\u00e9chets. Cette auto-intoxication est \u00e0 l&rsquo;origine des premiers troubles et sympt\u00f4mes annonciateurs de pathologies.<br \/><strong>HOLISME<\/strong> : Prendre en charge l&rsquo;\u00eatre dans sa globalit\u00e9, tant sur le plan physique, \u00e9motionnel, \u00e9nerg\u00e9tique et social.<\/p><\/div>\n\t\t\t\t<\/div>\n\t\t\t\t<\/div>\n\t\t\t\t\t<\/div>\n\t\t<\/div>\n\t\t\t\t<div class=\"elementor-column elementor-col-33 elementor-top-column elementor-element elementor-element-243af0a1\" data-id=\"243af0a1\" data-element_type=\"column\" data-settings=\"{&quot;animation&quot;:&quot;none&quot;}\">\n\t\t\t<div class=\"elementor-widget-wrap elementor-element-populated\">\n\t\t\t\t\t\t\t\t<div class=\"elementor-element elementor-element-45d83d53 animated-fast elementor-widget elementor-widget-image\" data-id=\"45d83d53\" data-element_type=\"widget\" data-settings=\"{&quot;_animation&quot;:&quot;none&quot;,&quot;_animation_delay&quot;:0}\" data-widget_type=\"image.default\">\n\t\t\t\t<div class=\"elementor-widget-container\">\n\t\t\t\t\t<div class=\"elementor-image\">\n\t\t\t\t\t\t\t\t\t\t<img width=\"597\" height=\"597\" src=\"https:\/\/www.celiajay.com\/wp-content\/uploads\/2021\/03\/plant.png\" class=\"attachment-medium_large size-medium_large\" alt=\"\" loading=\"lazy\" srcset=\"https:\/\/www.celiajay.com\/wp-content\/uploads\/2021\/03\/plant.png 597w, https:\/\/www.celiajay.com\/wp-content\/uploads\/2021\/03\/plant-300x300.png 300w, https:\/\/www.celiajay.com\/wp-content\/uploads\/2021\/03\/plant-150x150.png 150w, https:\/\/www.celiajay.com\/wp-content\/uploads\/2021\/03\/plant-298x298.png 298w, https:\/\/www.celiajay.com\/wp-content\/uploads\/2021\/03\/plant-393x393.png 393w, https:\/\/www.celiajay.com\/wp-content\/uploads\/2021\/03\/plant-290x290.png 290w\" sizes=\"(max-width: 597px) 100vw, 597px\" \/>\t\t\t\t\t\t\t\t\t\t\t<\/div>\n\t\t\t\t<\/div>\n\t\t\t\t<\/div>\n\t\t\t\t\t<\/div>\n\t\t<\/div>\n\t\t\t\t\t\t\t<\/div>\n\t\t<\/section>\n\t\t\t\t<section class=\"elementor-section elementor-top-section elementor-element elementor-element-31b8245 elementor-section-content-middle rt-el-parallax-background elementor-section-boxed elementor-section-height-default elementor-section-height-default default-style\" data-id=\"31b8245\" data-element_type=\"section\" data-settings=\"{&quot;background_background&quot;:&quot;classic&quot;,&quot;rt_parallax&quot;:&quot;rt-el-parallax-background&quot;,&quot;rt_color_sets&quot;:&quot;default-style&quot;,&quot;rt_bg_parallax_effect&quot;:&quot;3&quot;,&quot;rt_bg_parallax_speed&quot;:&quot;1&quot;}\">\n\t\t\t\t\t\t\t<div class=\"elementor-background-overlay\"><\/div>\n\t\t\t\t\t\t\t<div class=\"elementor-container elementor-column-gap-default\">\n\t\t\t\t\t<div class=\"elementor-column elementor-col-33 elementor-top-column elementor-element elementor-element-b4fcd63\" data-id=\"b4fcd63\" data-element_type=\"column\">\n\t\t\t<div class=\"elementor-widget-wrap elementor-element-populated\">\n\t\t\t\t\t\t\t\t<div class=\"elementor-element elementor-element-aa17870 animated-fast elementor-widget elementor-widget-image\" data-id=\"aa17870\" data-element_type=\"widget\" data-settings=\"{&quot;_animation&quot;:&quot;none&quot;,&quot;_animation_delay&quot;:0}\" data-widget_type=\"image.default\">\n\t\t\t\t<div class=\"elementor-widget-container\">\n\t\t\t\t\t<div class=\"elementor-image\">\n\t\t\t\t\t\t\t\t\t\t<img width=\"565\" height=\"430\" src=\"https:\/\/www.celiajay.com\/wp-content\/uploads\/2021\/03\/ten-years.png\" class=\"attachment-medium_large size-medium_large\" alt=\"\" loading=\"lazy\" srcset=\"https:\/\/www.celiajay.com\/wp-content\/uploads\/2021\/03\/ten-years.png 565w, https:\/\/www.celiajay.com\/wp-content\/uploads\/2021\/03\/ten-years-300x228.png 300w, https:\/\/www.celiajay.com\/wp-content\/uploads\/2021\/03\/ten-years-282x215.png 282w, https:\/\/www.celiajay.com\/wp-content\/uploads\/2021\/03\/ten-years-393x299.png 393w, https:\/\/www.celiajay.com\/wp-content\/uploads\/2021\/03\/ten-years-290x221.png 290w\" sizes=\"(max-width: 565px) 100vw, 565px\" \/>\t\t\t\t\t\t\t\t\t\t\t<\/div>\n\t\t\t\t<\/div>\n\t\t\t\t<\/div>\n\t\t\t\t\t<\/div>\n\t\t<\/div>\n\t\t\t\t<div class=\"elementor-column elementor-col-33 elementor-top-column elementor-element elementor-element-62301ec\" data-id=\"62301ec\" data-element_type=\"column\">\n\t\t\t<div class=\"elementor-widget-wrap elementor-element-populated\">\n\t\t\t\t\t\t\t\t<div class=\"elementor-element elementor-element-31c5865 elementor-widget elementor-widget-rt-heading\" data-id=\"31c5865\" data-element_type=\"widget\" data-widget_type=\"rt-heading.default\">\n\t\t\t\t<div class=\"elementor-widget-container\">\n\t\t\t<div class=\"rt-heading-wrapper style-3 text-center text-tablet-center text-mobile-center\">\n\t\t\t\t\t\t<H5 class=\"   rt-heading style-3\" >Les 10 techniques naturopathiques<\/H5>\n\t\t\t\t\t<\/div>\t\t<\/div>\n\t\t\t\t<\/div>\n\t\t\t\t<div class=\"elementor-element elementor-element-99c439a elementor-widget elementor-widget-text-editor\" data-id=\"99c439a\" data-element_type=\"widget\" data-widget_type=\"text-editor.default\">\n\t\t\t\t<div class=\"elementor-widget-container\">\n\t\t\t\t\t<div class=\"elementor-text-editor elementor-clearfix\"><p>Parmi un ensemble de <strong>techniques naturelles, non invasives et non iatrog\u00e8nes<\/strong>, le naturopathe choisit celles qui seront les mieux adapt\u00e9es \u00e0 la vitalit\u00e9, au temp\u00e9rament et aux besoins de la personne.<br \/>On retrouve 3 techniques majeures et compl\u00e9mentaires : <br \/><strong>L&rsquo;ALIMENTATION<\/strong> : conseils di\u00e9t\u00e9tiques et micro-nutritionnels (alimentation anti-inflammatoire, non acidifiante, \u2026)<br \/><strong>LA GESTION DES EMOTIONS<\/strong> : relaxation, gestion du stress, sophrologie \u2026<br \/><strong>L&rsquo;EXERCICE PHYSIQUE<\/strong> : gymnastiques douces, yoga, stretching, \u2026<br \/>S\u2019ajoute 7 autres techniques :<br \/><strong>LES TECHNIQUES REFLEXES<\/strong> : r\u00e9flexologie plantaire, palmaire, endonasale, \u2026<br \/><strong>LA PHYTOLOGIE<\/strong> : utilisations des plantes, des huiles essentielles (aromath\u00e9rapie) et des bourgeons (gemmoth\u00e9rapie)<br \/><strong>L\u2019HYDROLOGIE<\/strong> : bains, utilisation de l\u2019eau froide, chaude ou altern\u00e9e, bouillote, argile, \u2026<br \/><strong>LES TECHNIQUES RESPIRATOIRES<\/strong> : bol d\u2019air Jacquier, coh\u00e9rence cardiaque, \u2026<br \/><strong>LES TECHNIQUES MANUELLES<\/strong> : massages, ost\u00e9opathie, chiropraxie, \u2026<br \/><strong>LES TECHNIQUES ENERGETIQUES<\/strong> : lithoth\u00e9rapie, magn\u00e9tisme, \u2026 <br \/><strong>LES TECHNIQUES VIBRATOIRES<\/strong> : les fleurs de Bach, les couleurs, les sons, \u2026<\/p><\/div>\n\t\t\t\t<\/div>\n\t\t\t\t<\/div>\n\t\t\t\t\t<\/div>\n\t\t<\/div>\n\t\t\t\t<div class=\"elementor-column elementor-col-33 elementor-top-column elementor-element elementor-element-031ab8b\" data-id=\"031ab8b\" data-element_type=\"column\">\n\t\t\t<div class=\"elementor-widget-wrap elementor-element-populated\">\n\t\t\t\t\t\t\t\t<div class=\"elementor-element elementor-element-056f026 elementor-widget elementor-widget-rt-heading\" data-id=\"056f026\" data-element_type=\"widget\" data-widget_type=\"rt-heading.default\">\n\t\t\t\t<div class=\"elementor-widget-container\">\n\t\t\t<div class=\"rt-heading-wrapper text-right text-mobile-center\">\n\t\t\t\t\t\t<span class=\"ie-vertical-lr ie-vertical-lr-tablet ie-horizontal-tb-mobile rt-heading\" >Les 10 techniques<\/span>\n\t\t\t\t\t<\/div>\t\t<\/div>\n\t\t\t\t<\/div>\n\t\t\t\t\t<\/div>\n\t\t<\/div>\n\t\t\t\t\t\t\t<\/div>\n\t\t<\/section>\n\t\t\t\t<section class=\"elementor-section elementor-top-section elementor-element elementor-element-8046013 elementor-section-content-middle rt-el-parallax-background elementor-section-boxed elementor-section-height-default elementor-section-height-default default-style\" data-id=\"8046013\" data-element_type=\"section\" data-settings=\"{&quot;background_background&quot;:&quot;classic&quot;,&quot;rt_parallax&quot;:&quot;rt-el-parallax-background&quot;,&quot;rt_color_sets&quot;:&quot;default-style&quot;,&quot;rt_bg_parallax_effect&quot;:&quot;3&quot;,&quot;rt_bg_parallax_speed&quot;:&quot;1&quot;}\">\n\t\t\t\t\t\t\t<div class=\"elementor-background-overlay\"><\/div>\n\t\t\t\t\t\t\t<div class=\"elementor-container elementor-column-gap-default\">\n\t\t\t\t\t<div class=\"elementor-column elementor-col-33 elementor-top-column elementor-element elementor-element-7fa839f\" data-id=\"7fa839f\" data-element_type=\"column\">\n\t\t\t<div class=\"elementor-widget-wrap elementor-element-populated\">\n\t\t\t\t\t\t\t\t<div class=\"elementor-element elementor-element-27505fb elementor-widget elementor-widget-rt-heading\" data-id=\"27505fb\" data-element_type=\"widget\" data-widget_type=\"rt-heading.default\">\n\t\t\t\t<div class=\"elementor-widget-container\">\n\t\t\t<div class=\"rt-heading-wrapper text-mobile-center\">\n\t\t\t\t\t\t<span class=\"ie-vertical-lr ie-vertical-lr-tablet ie-horizontal-tb-mobile rt-heading\" >Les principes<\/span>\n\t\t\t\t\t<\/div>\t\t<\/div>\n\t\t\t\t<\/div>\n\t\t\t\t\t<\/div>\n\t\t<\/div>\n\t\t\t\t<div class=\"elementor-column elementor-col-33 elementor-top-column elementor-element elementor-element-34c2ead\" data-id=\"34c2ead\" data-element_type=\"column\">\n\t\t\t<div class=\"elementor-widget-wrap elementor-element-populated\">\n\t\t\t\t\t\t\t\t<div class=\"elementor-element elementor-element-7a8872d elementor-widget elementor-widget-rt-heading\" data-id=\"7a8872d\" data-element_type=\"widget\" data-widget_type=\"rt-heading.default\">\n\t\t\t\t<div class=\"elementor-widget-container\">\n\t\t\t<div class=\"rt-heading-wrapper style-3 text-center text-tablet-center text-mobile-center\">\n\t\t\t\t\t\t<H5 class=\"   rt-heading style-3\" >Les principes d'Hippocrate<\/H5>\n\t\t\t\t\t<\/div>\t\t<\/div>\n\t\t\t\t<\/div>\n\t\t\t\t<div class=\"elementor-element elementor-element-8492939 elementor-widget elementor-widget-text-editor\" data-id=\"8492939\" data-element_type=\"widget\" data-widget_type=\"text-editor.default\">\n\t\t\t\t<div class=\"elementor-widget-container\">\n\t\t\t\t\t<div class=\"elementor-text-editor elementor-clearfix\"><p><strong>\u00ab\u00a0PRIMUM NON NOCERE\u00a0\u00bb<\/strong> (en premier lieu ne pas nuire)\u00a0 : m\u00e9decine non intrusive et sans effet\u00a0 iatrog\u00e8ne.<br \/><strong>\u00ab\u00a0VIS MEDICATRIX NATURAE\u00a0\u00bb<\/strong> (la nature est gu\u00e9risseuse) : gu\u00e9rir dans le sens o\u00f9 le veux la nature, avec des techniques naturelles.<br \/><strong>\u00ab\u00a0TOLLE CAUSAM\u00a0\u00bb<\/strong> (identifier et traiter la cause) : identifier les causes des d\u00e9sordres de sant\u00e9 et les traiter. \u00ab\u00a0Si tu es malade, cherche d&rsquo;abord ce que tu as fait pour le devenir\u00a0\u00bb.<br \/><strong>\u00ab\u00a0DEINDE PURGARE\u00a0\u00bb<\/strong> (d\u00e9toxifier et purifier l&rsquo;organisme) : \u00e9liminer les toxines provenant de l\u2019ext\u00e9rieur ou de l\u2019int\u00e9rieur.<br \/><strong>\u00ab\u00a0DOCERE\u00a0\u00bb<\/strong> (la naturopathie enseigne) : \u00e9duquer, \u00e9clairer apprendre pour am\u00e9liorer son hygi\u00e8ne de vie.\u00a0<\/p><p>Hippocrate appliquait ainsi les lois de la nature et de la physiologie pour r\u00e9v\u00e9ler \u00e0 chacun \u00ab son m\u00e9decin int\u00e9rieur \u00bb.<\/p><\/div>\n\t\t\t\t<\/div>\n\t\t\t\t<\/div>\n\t\t\t\t\t<\/div>\n\t\t<\/div>\n\t\t\t\t<div class=\"elementor-column elementor-col-33 elementor-top-column elementor-element elementor-element-e2d3b43\" data-id=\"e2d3b43\" data-element_type=\"column\" data-settings=\"{&quot;animation&quot;:&quot;none&quot;}\">\n\t\t\t<div class=\"elementor-widget-wrap elementor-element-populated\">\n\t\t\t\t\t\t\t\t<div class=\"elementor-element elementor-element-877989c animated-fast elementor-widget elementor-widget-image\" data-id=\"877989c\" data-element_type=\"widget\" data-settings=\"{&quot;_animation&quot;:&quot;none&quot;,&quot;_animation_delay&quot;:0}\" data-widget_type=\"image.default\">\n\t\t\t\t<div class=\"elementor-widget-container\">\n\t\t\t\t\t<div class=\"elementor-image\">\n\t\t\t\t\t\t\t\t\t\t<img width=\"200\" height=\"300\" src=\"https:\/\/www.celiajay.com\/wp-content\/uploads\/2021\/03\/clover-PB7JGHY-200x300.jpg\" class=\"attachment-medium size-medium\" alt=\"\" loading=\"lazy\" srcset=\"https:\/\/www.celiajay.com\/wp-content\/uploads\/2021\/03\/clover-PB7JGHY-200x300.jpg 200w, https:\/\/www.celiajay.com\/wp-content\/uploads\/2021\/03\/clover-PB7JGHY-683x1024.jpg 683w, https:\/\/www.celiajay.com\/wp-content\/uploads\/2021\/03\/clover-PB7JGHY-768x1152.jpg 768w, https:\/\/www.celiajay.com\/wp-content\/uploads\/2021\/03\/clover-PB7JGHY-1024x1536.jpg 1024w, https:\/\/www.celiajay.com\/wp-content\/uploads\/2021\/03\/clover-PB7JGHY-1365x2048.jpg 1365w, https:\/\/www.celiajay.com\/wp-content\/uploads\/2021\/03\/clover-PB7JGHY-1002x1504.jpg 1002w, https:\/\/www.celiajay.com\/wp-content\/uploads\/2021\/03\/clover-PB7JGHY-1220x1830.jpg 1220w, https:\/\/www.celiajay.com\/wp-content\/uploads\/2021\/03\/clover-PB7JGHY-915x1373.jpg 915w, https:\/\/www.celiajay.com\/wp-content\/uploads\/2021\/03\/clover-PB7JGHY-600x900.jpg 600w, https:\/\/www.celiajay.com\/wp-content\/uploads\/2021\/03\/clover-PB7JGHY-393x590.jpg 393w, https:\/\/www.celiajay.com\/wp-content\/uploads\/2021\/03\/clover-PB7JGHY-290x435.jpg 290w, https:\/\/www.celiajay.com\/wp-content\/uploads\/2021\/03\/clover-PB7JGHY-scaled.jpg 1706w\" sizes=\"(max-width: 200px) 100vw, 200px\" \/>\t\t\t\t\t\t\t\t\t\t\t<\/div>\n\t\t\t\t<\/div>\n\t\t\t\t<\/div>\n\t\t\t\t\t<\/div>\n\t\t<\/div>\n\t\t\t\t\t\t\t<\/div>\n\t\t<\/section>\n\t\t\t\t\t\t<\/div>\n\t\t\t\t\t<\/div>\n\t\t","protected":false},"excerpt":{"rendered":"<p>L&rsquo;Organisation Mondiale de la Sant\u00e9 reconnait la naturopathie comme la 3\u00e8me m\u00e9decine traditionnelle et la d\u00e9finit comme \u00ab\u00a0un ensemble de m\u00e9thodes de soin visant \u00e0 renforcer les d\u00e9fenses de l&rsquo;organisme par des moyens consid\u00e9r\u00e9s comme naturels et biologiques\u00a0\u00bb.\u00a0 Les 5 fondements Les 5 fondements de la naturopathie VITALISME : Accompagner et soutenir la vitalit\u00e9 qui [&hellip;]<\/p>\n","protected":false},"author":1,"featured_media":0,"parent":0,"menu_order":0,"comment_status":"closed","ping_status":"closed","template":"","meta":[],"_links":{"self":[{"href":"https:\/\/www.celiajay.com\/index.php\/wp-json\/wp\/v2\/pages\/56"}],"collection":[{"href":"https:\/\/www.celiajay.com\/index.php\/wp-json\/wp\/v2\/pages"}],"about":[{"href":"https:\/\/www.celiajay.com\/index.php\/wp-json\/wp\/v2\/types\/page"}],"author":[{"embeddable":true,"href":"https:\/\/www.celiajay.com\/index.php\/wp-json\/wp\/v2\/users\/1"}],"replies":[{"embeddable":true,"href":"https:\/\/www.celiajay.com\/index.php\/wp-json\/wp\/v2\/comments?post=56"}],"version-history":[{"count":128,"href":"https:\/\/www.celiajay.com\/index.php\/wp-json\/wp\/v2\/pages\/56\/revisions"}],"predecessor-version":[{"id":4775,"href":"https:\/\/www.celiajay.com\/index.php\/wp-json\/wp\/v2\/pages\/56\/revisions\/4775"}],"wp:attachment":[{"href":"https:\/\/www.celiajay.com\/index.php\/wp-json\/wp\/v2\/media?parent=56"}],"curies":[{"name":"wp","href":"https:\/\/api.w.org\/{rel}","templated":true}]}}