{"id":4681,"date":"2023-05-28T17:47:49","date_gmt":"2023-05-28T15:47:49","guid":{"rendered":"https:\/\/www.celiajay.com\/?page_id=4681"},"modified":"2026-04-01T14:38:33","modified_gmt":"2026-04-01T12:38:33","slug":"shirotchampi","status":"publish","type":"page","link":"https:\/\/www.celiajay.com\/index.php\/shirotchampi\/","title":{"rendered":"Massage Cr\u00e2nien Shirotchampi"},"content":{"rendered":"\t\t<div data-elementor-type=\"wp-page\" data-elementor-id=\"4681\" class=\"elementor elementor-4681\" data-elementor-settings=\"[]\">\n\t\t\t\t\t\t\t<div class=\"elementor-section-wrap\">\n\t\t\t\t\t\t\t<section class=\"elementor-section elementor-top-section elementor-element elementor-element-3c80d73 elementor-section-boxed elementor-section-height-default elementor-section-height-default default-style\" data-id=\"3c80d73\" data-element_type=\"section\" data-settings=\"{&quot;rt_color_sets&quot;:&quot;default-style&quot;}\">\n\t\t\t\t\t\t<div class=\"elementor-container elementor-column-gap-default\">\n\t\t\t\t\t<div class=\"elementor-column elementor-col-100 elementor-top-column elementor-element elementor-element-3e6b7f3\" data-id=\"3e6b7f3\" data-element_type=\"column\">\n\t\t\t<div class=\"elementor-widget-wrap elementor-element-populated\">\n\t\t\t\t\t\t\t\t<div class=\"elementor-element elementor-element-8fa7d11 elementor-widget elementor-widget-spacer\" data-id=\"8fa7d11\" data-element_type=\"widget\" data-widget_type=\"spacer.default\">\n\t\t\t\t<div class=\"elementor-widget-container\">\n\t\t\t\t\t<div class=\"elementor-spacer\">\n\t\t\t<div class=\"elementor-spacer-inner\"><\/div>\n\t\t<\/div>\n\t\t\t\t<\/div>\n\t\t\t\t<\/div>\n\t\t\t\t\t<\/div>\n\t\t<\/div>\n\t\t\t\t\t\t\t<\/div>\n\t\t<\/section>\n\t\t\t\t<section class=\"elementor-section elementor-top-section elementor-element elementor-element-fe5d4e9 elementor-section-boxed elementor-section-height-default elementor-section-height-default default-style\" data-id=\"fe5d4e9\" data-element_type=\"section\" data-settings=\"{&quot;rt_color_sets&quot;:&quot;default-style&quot;}\">\n\t\t\t\t\t\t<div class=\"elementor-container elementor-column-gap-default\">\n\t\t\t\t\t<div class=\"elementor-column elementor-col-33 elementor-top-column elementor-element elementor-element-b4c28ae\" data-id=\"b4c28ae\" data-element_type=\"column\">\n\t\t\t<div class=\"elementor-widget-wrap elementor-element-populated\">\n\t\t\t\t\t\t\t\t<div class=\"elementor-element elementor-element-1fed20a elementor-widget elementor-widget-rt-heading\" data-id=\"1fed20a\" data-element_type=\"widget\" data-widget_type=\"rt-heading.default\">\n\t\t\t\t<div class=\"elementor-widget-container\">\n\t\t\t<div class=\"rt-heading-wrapper style-3 text-tablet-left text-mobile-left\">\n\t\t\t\t\t\t<H4 class=\"   rt-heading style-3\" >Massage cr\u00e2nien Shirotchampi<\/H4>\n\t\t\t\t\t<\/div>\t\t<\/div>\n\t\t\t\t<\/div>\n\t\t\t\t<div class=\"elementor-element elementor-element-3900292 elementor-widget elementor-widget-text-editor\" data-id=\"3900292\" data-element_type=\"widget\" data-widget_type=\"text-editor.default\">\n\t\t\t\t<div class=\"elementor-widget-container\">\n\t\t\t\t\t<div class=\"elementor-text-editor elementor-clearfix\"><p>Le Shirotchampi est un<strong> massage cr\u00e2nien ayurv\u00e9dique \u00e0 base d&rsquo;huile, <\/strong>qui\u00a0se concentre sur le <strong>haut du dos, les \u00e9paules, la nuque, le cuir chevelu et le visage<\/strong>.\u00a0<br \/>Le Shirotchampi offre une <strong>approche holistique<\/strong> pour retrouver l&rsquo;<strong>\u00e9quilibre et la s\u00e9r\u00e9nit\u00e9<\/strong>.<\/p><p>Ce massage cr\u00e2nien se d\u00e9roule en <strong>2 \u00e9tapes<\/strong> :<\/p><ul><li><strong>La 1\u00e8re d\u00e9bute assise<\/strong>, par des mouvements doux sur le <strong>cuir chevelu<\/strong>, stimulant ainsi la circulation sanguine et favorisant la lib\u00e9ration des tensions lib\u00e9r\u00e9es. Ensuite, un travail un peu plus profond est r\u00e9alis\u00e9 au niveau des <strong>\u00e9paules et du cou<\/strong> ainsi que sur les n\u0153uds musculaires <strong>permettant de rel\u00e2cher les tensions<\/strong>.<\/li><li><strong>La 2\u00e8me partie s\u2019effectue allonger sur le dos<\/strong>, des <strong>mouvements sp\u00e9cifiques<\/strong> sont appliqu\u00e9s sur les <strong>trap\u00e8zes, la nuque, le cr\u00e2ne et le visage<\/strong> pour d\u00e9tendre l&rsquo;ensemble du corps.<\/li><\/ul><p><strong>Les bienfaits du Shirotchampi <\/strong><\/p><ul><li><strong>R\u00e9duction du stress<\/strong> : le Shirotchampi est r\u00e9put\u00e9 pour sa capacit\u00e9 \u00e0 r\u00e9duire le stress et l&rsquo;anxi\u00e9t\u00e9. Les mouvements fluides et rythm\u00e9s du massage permettent de lib\u00e9rer les tensions musculaires et de calmer le syst\u00e8me nerveux, favorisant ainsi une relaxation profonde<\/li><li><strong>Am\u00e9lioration de la circulation sanguine<\/strong> : les mouvements pr\u00e9cis du Shirotchampi stimulent la circulation<\/li><li><strong>Renforcement des cheveux et du cuir chevelu<\/strong><\/li><li><strong>Soulagement des maux de t\u00eate<\/strong> : en se concentrant sur la t\u00eate et la nuque, le Shirotchampi peut soulager les maux de t\u00eate et les migraines. Les pressions enregistr\u00e9es sur les points sp\u00e9cifiques contribuent \u00e0 am\u00e9liorer la circulation sanguine et \u00e0 r\u00e9duire les tensions qui peuvent provoquer des douleurs.<\/li><li><strong>Am\u00e9lioration de la qualit\u00e9 du sommeil<\/strong> : ce massage favorise un \u00e9tat de relaxation profonde, ce qui peut conduire \u00e0 une am\u00e9lioration de la qualit\u00e9 du sommeil. Il peut aider \u00e0 calmer l&rsquo;esprit agit\u00e9, favoriser ainsi un repos r\u00e9parateur.<\/li><li><strong>Renforcement de la vitalit\u00e9<\/strong> : en r\u00e9tablissant l&rsquo;\u00e9quilibre des doshas, le Shirotchampi peut renforcer la vitalit\u00e9 globale du corps. Il stimule la circulation sanguine, favorise le fonctionnement du syst\u00e8me lymphatique et am\u00e9liore la capacit\u00e9 du corps \u00e0 se r\u00e9g\u00e9n\u00e9rer.<\/li><\/ul><p>La s\u00e9ance dure <strong>1h<\/strong><\/p><p>Il est habituellement recommand\u00e9 d\u2019espacer les s\u00e9ances de 2 \u00e0 4 semaines.<\/p><p>Merci de bien vouloir vous munir d&rsquo;un par\u00e9o.<\/p><p style=\"text-align: left;\"><span style=\"color: #ffffff;\"><strong>Plus d&rsquo;informations ici<\/strong><\/span><\/p><\/div>\n\t\t\t\t<\/div>\n\t\t\t\t<\/div>\n\t\t\t\t<div class=\"elementor-element elementor-element-a157750 elementor-widget elementor-widget-rt-photo-gallery\" data-id=\"a157750\" data-element_type=\"widget\" data-widget_type=\"rt-photo-gallery.default\">\n\t\t\t\t<div class=\"elementor-widget-container\">\n\t\t\t\n\t\t\t<div class=\"rt-gallery  grid-gallery\"  >\n\t\t\t\t\t<div class=\"col col-sm-12 col-12\">\n\t\t\t\t\t\t<div class=\"gallery-item-holder\">\n\t\t\t\t\t\t\t<div class=\"image-thumbnail\"><img loading=\"lazy\" src=\"https:\/\/www.celiajay.com\/wp-content\/uploads\/2023\/06\/Design-sans-titre-768x614.jpg\" alt=\"\" srcset=\"https:\/\/www.celiajay.com\/wp-content\/uploads\/2023\/06\/Design-sans-titre-768x614.jpg 768w, https:\/\/www.celiajay.com\/wp-content\/uploads\/2023\/06\/Design-sans-titre-300x240.jpg 300w, https:\/\/www.celiajay.com\/wp-content\/uploads\/2023\/06\/Design-sans-titre-1024x819.jpg 1024w, https:\/\/www.celiajay.com\/wp-content\/uploads\/2023\/06\/Design-sans-titre-1536x1228.jpg 1536w, https:\/\/www.celiajay.com\/wp-content\/uploads\/2023\/06\/Design-sans-titre-2048x1637.jpg 2048w, https:\/\/www.celiajay.com\/wp-content\/uploads\/2023\/06\/Design-sans-titre-1220x975.jpg 1220w, https:\/\/www.celiajay.com\/wp-content\/uploads\/2023\/06\/Design-sans-titre-915x731.jpg 915w, https:\/\/www.celiajay.com\/wp-content\/uploads\/2023\/06\/Design-sans-titre-600x480.jpg 600w, https:\/\/www.celiajay.com\/wp-content\/uploads\/2023\/06\/Design-sans-titre-393x314.jpg 393w, https:\/\/www.celiajay.com\/wp-content\/uploads\/2023\/06\/Design-sans-titre-290x232.jpg 290w\" sizes=\"https:\/\/www.celiajay.com\/wp-content\/uploads\/2023\/06\/Design-sans-titre-768x614.jpg 768w, https:\/\/www.celiajay.com\/wp-content\/uploads\/2023\/06\/Design-sans-titre-300x240.jpg 300w, https:\/\/www.celiajay.com\/wp-content\/uploads\/2023\/06\/Design-sans-titre-1024x819.jpg 1024w, https:\/\/www.celiajay.com\/wp-content\/uploads\/2023\/06\/Design-sans-titre-1536x1228.jpg 1536w, https:\/\/www.celiajay.com\/wp-content\/uploads\/2023\/06\/Design-sans-titre-2048x1637.jpg 2048w, https:\/\/www.celiajay.com\/wp-content\/uploads\/2023\/06\/Design-sans-titre-1220x975.jpg 1220w, https:\/\/www.celiajay.com\/wp-content\/uploads\/2023\/06\/Design-sans-titre-915x731.jpg 915w, https:\/\/www.celiajay.com\/wp-content\/uploads\/2023\/06\/Design-sans-titre-600x480.jpg 600w, https:\/\/www.celiajay.com\/wp-content\/uploads\/2023\/06\/Design-sans-titre-393x314.jpg 393w, https:\/\/www.celiajay.com\/wp-content\/uploads\/2023\/06\/Design-sans-titre-290x232.jpg 290w\" width=\"768\" height=\"614\"><\/div>\n\t\t\t\t\t\t<\/div>\n\t\t\t\t\t<\/div><\/div> \n\t\t\t\t<\/div>\n\t\t\t\t<\/div>\n\t\t\t\t\t<\/div>\n\t\t<\/div>\n\t\t\t\t<div class=\"elementor-column elementor-col-33 elementor-top-column elementor-element elementor-element-47e24db\" data-id=\"47e24db\" data-element_type=\"column\">\n\t\t\t<div class=\"elementor-widget-wrap elementor-element-populated\">\n\t\t\t\t\t\t\t\t<div class=\"elementor-element elementor-element-9fcccef elementor-view-framed rt-custom-style elementor-shape-circle elementor-widget elementor-widget-icon\" data-id=\"9fcccef\" data-element_type=\"widget\" data-widget_type=\"icon.default\">\n\t\t\t\t<div class=\"elementor-widget-container\">\n\t\t\t\t\t<div class=\"elementor-icon-wrapper\">\n\t\t\t<a class=\"elementor-icon elementor-animation-grow\" href=\"\/index.php\/cabinet-mauvezin\/\">\n\t\t\t<i aria-hidden=\"true\" class=\"rt-elementor-icon icon-01_home\"><\/i>\t\t\t<\/a>\n\t\t<\/div>\n\t\t\t\t<\/div>\n\t\t\t\t<\/div>\n\t\t\t\t<div class=\"elementor-element elementor-element-653ef17 elementor-widget elementor-widget-rt-heading\" data-id=\"653ef17\" data-element_type=\"widget\" data-widget_type=\"rt-heading.default\">\n\t\t\t\t<div class=\"elementor-widget-container\">\n\t\t\t<div class=\"rt-heading-wrapper style-3 text-center\">\n\t\t\t\t\t\t<H6 class=\"   rt-heading style-3\" >A Mauvezin (Gers)<\/H6>\n\t\t\t\t\t<\/div>\t\t<\/div>\n\t\t\t\t<\/div>\n\t\t\t\t<div class=\"elementor-element elementor-element-09f7fde elementor-widget elementor-widget-text-editor\" data-id=\"09f7fde\" data-element_type=\"widget\" data-widget_type=\"text-editor.default\">\n\t\t\t\t<div class=\"elementor-widget-container\">\n\t\t\t\t\t<div class=\"elementor-text-editor elementor-clearfix\"><p>3 rue de la r\u00e9publique 32120 Mauvezin<\/p><p>Lundi &#8211; Jeudi 14h &#8211; 20h<\/p><p>Samedi 9h &#8211; 12h30<\/p><p><strong>65\u20ac la s\u00e9ance<\/strong><\/p><p><strong>300\u20ac le forfait 5 s\u00e9ances *<\/strong><\/p><p>06.380.390.03<\/p><p>Paiement par ch\u00e8que, esp\u00e8ces ou virement instantan\u00e9<\/p><p>Facture sur demande<\/p><p>\u00a0<\/p><\/div>\n\t\t\t\t<\/div>\n\t\t\t\t<\/div>\n\t\t\t\t<div class=\"elementor-element elementor-element-4a9b9fc elementor-widget elementor-widget-html\" data-id=\"4a9b9fc\" data-element_type=\"widget\" data-widget_type=\"html.default\">\n\t\t\t\t<div class=\"elementor-widget-container\">\n\t\t\t<!-- D\u00e9but de bouton iTiaki -->\r\n<style>\r\n.btn-itiaki { padding:0.8em; color:#ffffff; background:#5a7969; border-radius:0.4em; } \r\n.btn-itiaki:hover { background:#3c5b4b; color:#ffffff; }\r\n<\/style>\r\n<a href=\"https:\/\/rdv.itiaki.com\/celiajay\" title=\"Prendre rendez-vous en ligne\" class=\"btn-itiaki\" target=\"_blank\">Prendre rendez-vous<\/a>\r\n<!-- Fin de bouton iTiaki -->\t\t<\/div>\n\t\t\t\t<\/div>\n\t\t\t\t\t<\/div>\n\t\t<\/div>\n\t\t\t\t<div class=\"elementor-column elementor-col-33 elementor-top-column elementor-element elementor-element-12719af\" data-id=\"12719af\" data-element_type=\"column\">\n\t\t\t<div class=\"elementor-widget-wrap elementor-element-populated\">\n\t\t\t\t\t\t\t\t<div class=\"elementor-element elementor-element-c4d831b elementor-view-framed rt-custom-style elementor-shape-circle elementor-widget elementor-widget-icon\" data-id=\"c4d831b\" data-element_type=\"widget\" data-widget_type=\"icon.default\">\n\t\t\t\t<div class=\"elementor-widget-container\">\n\t\t\t\t\t<div class=\"elementor-icon-wrapper\">\n\t\t\t<a class=\"elementor-icon elementor-animation-grow\" href=\"\/index.php\/cabinet-blagnac\/\">\n\t\t\t<i aria-hidden=\"true\" class=\"rt-elementor-icon icon-01_home\"><\/i>\t\t\t<\/a>\n\t\t<\/div>\n\t\t\t\t<\/div>\n\t\t\t\t<\/div>\n\t\t\t\t<div class=\"elementor-element elementor-element-afd874f elementor-widget elementor-widget-rt-heading\" data-id=\"afd874f\" data-element_type=\"widget\" data-widget_type=\"rt-heading.default\">\n\t\t\t\t<div class=\"elementor-widget-container\">\n\t\t\t<div class=\"rt-heading-wrapper style-3 text-center\">\n\t\t\t\t\t\t<H6 class=\"   rt-heading style-3\" >A Blagnac<\/H6>\n\t\t\t\t\t<\/div>\t\t<\/div>\n\t\t\t\t<\/div>\n\t\t\t\t<div class=\"elementor-element elementor-element-7e9b282 elementor-widget elementor-widget-text-editor\" data-id=\"7e9b282\" data-element_type=\"widget\" data-widget_type=\"text-editor.default\">\n\t\t\t\t<div class=\"elementor-widget-container\">\n\t\t\t\t\t<div class=\"elementor-text-editor elementor-clearfix\"><p>15 route de grenade 31700 Blagnac<\/p><p>Mercredi &#8211; Vendredi<\/p><p>10h &#8211; 20h<\/p><p><strong>65\u20ac la s\u00e9ance<\/strong><\/p><p><strong>300\u20ac le forfait 5 s\u00e9ances *<\/strong><\/p><p>06.380.390.03<\/p><p>Paiement par ch\u00e8que, esp\u00e8ces ou virement instantan\u00e9<\/p><p>Facture sur demande<\/p><\/div>\n\t\t\t\t<\/div>\n\t\t\t\t<\/div>\n\t\t\t\t<div class=\"elementor-element elementor-element-d9ca717 elementor-widget elementor-widget-html\" data-id=\"d9ca717\" data-element_type=\"widget\" data-widget_type=\"html.default\">\n\t\t\t\t<div class=\"elementor-widget-container\">\n\t\t\t<!-- D\u00e9but de bouton iTiaki -->\r\n<style>\r\n.btn-itiaki { padding:0.8em; color:#ffffff; background:#5a7969; border-radius:0.4em; } \r\n.btn-itiaki:hover { background:#3c5b4b; color:#ffffff; }\r\n<\/style>\r\n<a href=\"https:\/\/rdv.itiaki.com\/celiajay\" title=\"Prendre rendez-vous en ligne\" class=\"btn-itiaki\" target=\"_blank\">Prendre rendez-vous<\/a>\r\n<!-- Fin de bouton iTiaki -->\t\t<\/div>\n\t\t\t\t<\/div>\n\t\t\t\t\t<\/div>\n\t\t<\/div>\n\t\t\t\t\t\t\t<\/div>\n\t\t<\/section>\n\t\t\t\t<section class=\"elementor-section elementor-top-section elementor-element elementor-element-1ebe48a elementor-section-boxed elementor-section-height-default elementor-section-height-default default-style\" data-id=\"1ebe48a\" data-element_type=\"section\" data-settings=\"{&quot;rt_color_sets&quot;:&quot;default-style&quot;}\">\n\t\t\t\t\t\t<div class=\"elementor-container elementor-column-gap-default\">\n\t\t\t\t\t<div class=\"elementor-column elementor-col-100 elementor-top-column elementor-element elementor-element-3fa0b77\" data-id=\"3fa0b77\" data-element_type=\"column\">\n\t\t\t<div class=\"elementor-widget-wrap elementor-element-populated\">\n\t\t\t\t\t\t\t\t<div class=\"elementor-element elementor-element-9d0f9f7 elementor-widget elementor-widget-spacer\" data-id=\"9d0f9f7\" data-element_type=\"widget\" data-widget_type=\"spacer.default\">\n\t\t\t\t<div class=\"elementor-widget-container\">\n\t\t\t\t\t<div class=\"elementor-spacer\">\n\t\t\t<div class=\"elementor-spacer-inner\"><\/div>\n\t\t<\/div>\n\t\t\t\t<\/div>\n\t\t\t\t<\/div>\n\t\t\t\t\t<\/div>\n\t\t<\/div>\n\t\t\t\t\t\t\t<\/div>\n\t\t<\/section>\n\t\t\t\t<section class=\"elementor-section elementor-top-section elementor-element elementor-element-93ae11c elementor-section-boxed elementor-section-height-default elementor-section-height-default default-style\" data-id=\"93ae11c\" data-element_type=\"section\" data-settings=\"{&quot;rt_color_sets&quot;:&quot;default-style&quot;}\">\n\t\t\t\t\t\t<div class=\"elementor-container elementor-column-gap-default\">\n\t\t\t\t\t<div class=\"elementor-column elementor-col-100 elementor-top-column elementor-element elementor-element-d360613\" data-id=\"d360613\" data-element_type=\"column\">\n\t\t\t<div class=\"elementor-widget-wrap elementor-element-populated\">\n\t\t\t\t\t\t\t\t<div class=\"elementor-element elementor-element-9bb14fb elementor-widget elementor-widget-text-editor\" data-id=\"9bb14fb\" data-element_type=\"widget\" data-widget_type=\"text-editor.default\">\n\t\t\t\t<div class=\"elementor-widget-container\">\n\t\t\t\t\t<div class=\"elementor-text-editor elementor-clearfix\"><p>*Forfaits valables 6 mois.<\/p><p>Paiement en 1 ou 2 fois au 1er rendez-vous.<\/p><p>Un rendez-vous non d\u00e9command\u00e9 minimum 48h \u00e0 l&rsquo;avance donnera lieu au r\u00e8glement de la s\u00e9ance ou \u00e0 la d\u00e9duction du forfait.<\/p><\/div>\n\t\t\t\t<\/div>\n\t\t\t\t<\/div>\n\t\t\t\t\t<\/div>\n\t\t<\/div>\n\t\t\t\t\t\t\t<\/div>\n\t\t<\/section>\n\t\t\t\t\t\t<\/div>\n\t\t\t\t\t<\/div>\n\t\t","protected":false},"excerpt":{"rendered":"<p>Massage cr\u00e2nien Shirotchampi Le Shirotchampi est un massage cr\u00e2nien ayurv\u00e9dique \u00e0 base d&rsquo;huile, qui\u00a0se concentre sur le haut du dos, les \u00e9paules, la nuque, le cuir chevelu et le visage.\u00a0Le Shirotchampi offre une approche holistique pour retrouver l&rsquo;\u00e9quilibre et la s\u00e9r\u00e9nit\u00e9. Ce massage cr\u00e2nien se d\u00e9roule en 2 \u00e9tapes : La 1\u00e8re d\u00e9bute assise, par [&hellip;]<\/p>\n","protected":false},"author":1,"featured_media":0,"parent":0,"menu_order":0,"comment_status":"closed","ping_status":"closed","template":"","meta":[],"_links":{"self":[{"href":"https:\/\/www.celiajay.com\/index.php\/wp-json\/wp\/v2\/pages\/4681"}],"collection":[{"href":"https:\/\/www.celiajay.com\/index.php\/wp-json\/wp\/v2\/pages"}],"about":[{"href":"https:\/\/www.celiajay.com\/index.php\/wp-json\/wp\/v2\/types\/page"}],"author":[{"embeddable":true,"href":"https:\/\/www.celiajay.com\/index.php\/wp-json\/wp\/v2\/users\/1"}],"replies":[{"embeddable":true,"href":"https:\/\/www.celiajay.com\/index.php\/wp-json\/wp\/v2\/comments?post=4681"}],"version-history":[{"count":60,"href":"https:\/\/www.celiajay.com\/index.php\/wp-json\/wp\/v2\/pages\/4681\/revisions"}],"predecessor-version":[{"id":5301,"href":"https:\/\/www.celiajay.com\/index.php\/wp-json\/wp\/v2\/pages\/4681\/revisions\/5301"}],"wp:attachment":[{"href":"https:\/\/www.celiajay.com\/index.php\/wp-json\/wp\/v2\/media?parent=4681"}],"curies":[{"name":"wp","href":"https:\/\/api.w.org\/{rel}","templated":true}]}}