{"id":4300,"date":"2022-11-25T17:20:20","date_gmt":"2022-11-25T16:20:20","guid":{"rendered":"https:\/\/www.celiajay.com\/?page_id=4300"},"modified":"2026-04-01T14:42:02","modified_gmt":"2026-04-01T12:42:02","slug":"palper-rouler-minceur-2","status":"publish","type":"page","link":"https:\/\/www.celiajay.com\/index.php\/palper-rouler-minceur-2\/","title":{"rendered":"Palper-Rouler Manuel"},"content":{"rendered":"\t\t<div data-elementor-type=\"wp-page\" data-elementor-id=\"4300\" class=\"elementor elementor-4300\" data-elementor-settings=\"[]\">\n\t\t\t\t\t\t\t<div class=\"elementor-section-wrap\">\n\t\t\t\t\t\t\t<section class=\"elementor-section elementor-top-section elementor-element elementor-element-f1b27b7 elementor-section-boxed elementor-section-height-default elementor-section-height-default default-style\" data-id=\"f1b27b7\" data-element_type=\"section\" data-settings=\"{&quot;rt_color_sets&quot;:&quot;default-style&quot;}\">\n\t\t\t\t\t\t<div class=\"elementor-container elementor-column-gap-default\">\n\t\t\t\t\t<div class=\"elementor-column elementor-col-100 elementor-top-column elementor-element elementor-element-b4852f9\" data-id=\"b4852f9\" data-element_type=\"column\">\n\t\t\t<div class=\"elementor-widget-wrap elementor-element-populated\">\n\t\t\t\t\t\t\t\t<div class=\"elementor-element elementor-element-546b2a2 elementor-widget elementor-widget-spacer\" data-id=\"546b2a2\" data-element_type=\"widget\" data-widget_type=\"spacer.default\">\n\t\t\t\t<div class=\"elementor-widget-container\">\n\t\t\t\t\t<div class=\"elementor-spacer\">\n\t\t\t<div class=\"elementor-spacer-inner\"><\/div>\n\t\t<\/div>\n\t\t\t\t<\/div>\n\t\t\t\t<\/div>\n\t\t\t\t\t<\/div>\n\t\t<\/div>\n\t\t\t\t\t\t\t<\/div>\n\t\t<\/section>\n\t\t\t\t<section class=\"elementor-section elementor-top-section elementor-element elementor-element-bb58664 elementor-section-content-top elementor-section-boxed elementor-section-height-default elementor-section-height-default default-style\" data-id=\"bb58664\" data-element_type=\"section\" data-settings=\"{&quot;rt_color_sets&quot;:&quot;default-style&quot;}\">\n\t\t\t\t\t\t<div class=\"elementor-container elementor-column-gap-default\">\n\t\t\t\t\t<div class=\"elementor-column elementor-col-33 elementor-top-column elementor-element elementor-element-4030b29\" data-id=\"4030b29\" data-element_type=\"column\" data-settings=\"{&quot;animation&quot;:&quot;none&quot;}\">\n\t\t\t<div class=\"elementor-widget-wrap elementor-element-populated\">\n\t\t\t\t\t\t\t\t<section class=\"elementor-section elementor-inner-section elementor-element elementor-element-ae09e03 elementor-section-boxed elementor-section-height-default elementor-section-height-default default-style\" data-id=\"ae09e03\" data-element_type=\"section\" data-settings=\"{&quot;rt_color_sets&quot;:&quot;default-style&quot;}\">\n\t\t\t\t\t\t<div class=\"elementor-container elementor-column-gap-default\">\n\t\t\t\t\t<div class=\"elementor-column elementor-col-100 elementor-inner-column elementor-element elementor-element-5dbddb6\" data-id=\"5dbddb6\" data-element_type=\"column\">\n\t\t\t<div class=\"elementor-widget-wrap elementor-element-populated\">\n\t\t\t\t\t\t\t\t<div class=\"elementor-element elementor-element-8e272af elementor-widget elementor-widget-rt-heading\" data-id=\"8e272af\" data-element_type=\"widget\" data-widget_type=\"rt-heading.default\">\n\t\t\t\t<div class=\"elementor-widget-container\">\n\t\t\t<div class=\"rt-heading-wrapper style-3 text-tablet-left text-mobile-left\">\n\t\t\t\t\t\t<H4 class=\"   rt-heading style-3\" >Le  Palper-Rouler Manuel<\/H4>\n\t\t\t\t\t<\/div>\t\t<\/div>\n\t\t\t\t<\/div>\n\t\t\t\t<div class=\"elementor-element elementor-element-5177f70 elementor-widget elementor-widget-text-editor\" data-id=\"5177f70\" data-element_type=\"widget\" data-widget_type=\"text-editor.default\">\n\t\t\t\t<div class=\"elementor-widget-container\">\n\t\t\t\t\t<div class=\"elementor-text-editor elementor-clearfix\"><p>Le <strong>palper-rouler manuel<\/strong> est une technique de massage enti\u00e8rement manuelle et non invasive.<br \/>Elle consiste \u00e0 <strong>drainer l\u2019accumulation de graisse<\/strong> sous la peau et \u00e0 <strong>relancer les \u00e9changes cellulaires<\/strong> afin de favoriser la circulation des graisses. <br \/>La cellulite, due \u00e0 une accumulation de tissu adipeux sous la surface cutan\u00e9e formant de petites bosses disgracieuses en sera fortement att\u00e9nu\u00e9e.<\/p><p>En pin\u00e7ant et faisant rouler la peau comprim\u00e9e, le <strong>palper-rouler redynamise ainsi la circulation sanguine<\/strong> et apporte de nouveau les nutriments qui manquaient \u00e0 la zone engorg\u00e9e. C\u2019est pour cela qu\u2019une rougeur b\u00e9n\u00e9fique appara\u00eet l\u00e0 o\u00f9 l\u2019on pince la peau. <br \/>En revascularisant ainsi la zone congestionn\u00e9e, on va agir sur son aspect visuel et la rendre plus souple.<\/p><p>Le palper-rouler manuel est <strong>la technique de massage de r\u00e9f\u00e9rence pour mettre un terme au probl\u00e8me de cellulite<\/strong>. C\u2019est une<strong> m\u00e9thode naturelle, simple et qui ne pr\u00e9sente pas d\u2019effets secondaires.<\/strong><\/p><p>Le palper-rouler manuel \u00e0 lui tout seul ne fait pas de miracle, il est important d\u2019avoir une bonne hygi\u00e8ne de vie, alimentaire et d\u2019avoir une activit\u00e9 sportive r\u00e9guli\u00e8re.<\/p><p><strong>Effets du palper-rouler manuel :<\/strong><\/p><ul><li>Am\u00e9liore la circulation sanguine et lymphatique<\/li><li>R\u00e9duit les contractures et douleurs<\/li><li>Elimine la cellulite et les graisses<\/li><li>D\u00e9toxifie l\u2019organisme<\/li><li>Favorise l\u2019amincissement<\/li><li>Active le m\u00e9tabolisme<\/li><\/ul><p><strong>Indications du palper-rouler manuel :<\/strong><\/p><ul><li>Cellulite aqueuse, adipeuse ou fibreuse<\/li><li>Perte de poids (en association avec une bonne hygi\u00e8ne alimentaire et une d\u2019activit\u00e9 sportive)<\/li><li>R\u00e9cup\u00e9ration sportive<\/li><li>Probl\u00e8mes circulatoires<\/li><\/ul><p><strong>Contre-indications du palper-rouler manuel :<\/strong><\/p><ul><li>Femme enceinte<\/li><li>Fi\u00e8vre<\/li><li>Infections<\/li><li>Phl\u00e9bites et grosses varices<\/li><li>Art\u00e9rite aigu\u00eb<\/li><li>H\u00e9mophilie<\/li><\/ul><p>La s\u00e9ance dure <strong>1h<\/strong><\/p><p><strong>A quelle fr\u00e9quence recevoir des s\u00e9ances de palper-rouler manuel ?<\/strong><\/p><p>Le rythme et le nombre des s\u00e9ances varient en fonction de chaque personne.<br \/>Il est habituellement recommand\u00e9 de faire 1 \u00e0 2 s\u00e9ances par semaine.<\/p><\/div>\n\t\t\t\t<\/div>\n\t\t\t\t<\/div>\n\t\t\t\t<div class=\"elementor-element elementor-element-5ebd9b0 elementor-widget elementor-widget-rt-photo-gallery\" data-id=\"5ebd9b0\" data-element_type=\"widget\" data-widget_type=\"rt-photo-gallery.default\">\n\t\t\t\t<div class=\"elementor-widget-container\">\n\t\t\t\n\t\t\t<div class=\"rt-gallery  grid-gallery\"  >\n\t\t\t\t\t<div class=\"col col-sm-12 col-12\">\n\t\t\t\t\t\t<div class=\"gallery-item-holder\">\n\t\t\t\t\t\t\t<div class=\"image-thumbnail\"><img loading=\"lazy\" src=\"https:\/\/www.celiajay.com\/wp-content\/uploads\/2022\/11\/Sans-titre-6-1.png\" alt=\"\" srcset=\"https:\/\/www.celiajay.com\/wp-content\/uploads\/2022\/11\/Sans-titre-6-1.png 1080w, https:\/\/www.celiajay.com\/wp-content\/uploads\/2022\/11\/Sans-titre-6-1-300x300.png 300w, https:\/\/www.celiajay.com\/wp-content\/uploads\/2022\/11\/Sans-titre-6-1-1024x1024.png 1024w, https:\/\/www.celiajay.com\/wp-content\/uploads\/2022\/11\/Sans-titre-6-1-150x150.png 150w, https:\/\/www.celiajay.com\/wp-content\/uploads\/2022\/11\/Sans-titre-6-1-768x768.png 768w, https:\/\/www.celiajay.com\/wp-content\/uploads\/2022\/11\/Sans-titre-6-1-540x540.png 540w, https:\/\/www.celiajay.com\/wp-content\/uploads\/2022\/11\/Sans-titre-6-1-915x915.png 915w, https:\/\/www.celiajay.com\/wp-content\/uploads\/2022\/11\/Sans-titre-6-1-600x600.png 600w, https:\/\/www.celiajay.com\/wp-content\/uploads\/2022\/11\/Sans-titre-6-1-393x393.png 393w, https:\/\/www.celiajay.com\/wp-content\/uploads\/2022\/11\/Sans-titre-6-1-290x290.png 290w\" sizes=\"https:\/\/www.celiajay.com\/wp-content\/uploads\/2022\/11\/Sans-titre-6-1.png 1080w, https:\/\/www.celiajay.com\/wp-content\/uploads\/2022\/11\/Sans-titre-6-1-300x300.png 300w, https:\/\/www.celiajay.com\/wp-content\/uploads\/2022\/11\/Sans-titre-6-1-1024x1024.png 1024w, https:\/\/www.celiajay.com\/wp-content\/uploads\/2022\/11\/Sans-titre-6-1-150x150.png 150w, https:\/\/www.celiajay.com\/wp-content\/uploads\/2022\/11\/Sans-titre-6-1-768x768.png 768w, https:\/\/www.celiajay.com\/wp-content\/uploads\/2022\/11\/Sans-titre-6-1-540x540.png 540w, https:\/\/www.celiajay.com\/wp-content\/uploads\/2022\/11\/Sans-titre-6-1-915x915.png 915w, https:\/\/www.celiajay.com\/wp-content\/uploads\/2022\/11\/Sans-titre-6-1-600x600.png 600w, https:\/\/www.celiajay.com\/wp-content\/uploads\/2022\/11\/Sans-titre-6-1-393x393.png 393w, https:\/\/www.celiajay.com\/wp-content\/uploads\/2022\/11\/Sans-titre-6-1-290x290.png 290w\" width=\"1080\" height=\"1080\"><\/div>\n\t\t\t\t\t\t<\/div>\n\t\t\t\t\t<\/div><\/div> \n\t\t\t\t<\/div>\n\t\t\t\t<\/div>\n\t\t\t\t\t<\/div>\n\t\t<\/div>\n\t\t\t\t\t\t\t<\/div>\n\t\t<\/section>\n\t\t\t\t\t<\/div>\n\t\t<\/div>\n\t\t\t\t<div class=\"elementor-column elementor-col-33 elementor-top-column elementor-element elementor-element-5220c96\" data-id=\"5220c96\" data-element_type=\"column\">\n\t\t\t<div class=\"elementor-widget-wrap elementor-element-populated\">\n\t\t\t\t\t\t\t\t<div class=\"elementor-element elementor-element-9177f6f elementor-view-framed rt-custom-style elementor-shape-circle elementor-widget elementor-widget-icon\" data-id=\"9177f6f\" data-element_type=\"widget\" data-widget_type=\"icon.default\">\n\t\t\t\t<div class=\"elementor-widget-container\">\n\t\t\t\t\t<div class=\"elementor-icon-wrapper\">\n\t\t\t<a class=\"elementor-icon elementor-animation-grow\" href=\"\/index.php\/cabinet-mauvezin\/\">\n\t\t\t<i aria-hidden=\"true\" class=\"rt-elementor-icon icon-01_home\"><\/i>\t\t\t<\/a>\n\t\t<\/div>\n\t\t\t\t<\/div>\n\t\t\t\t<\/div>\n\t\t\t\t<div class=\"elementor-element elementor-element-b61c24e elementor-widget elementor-widget-rt-heading\" data-id=\"b61c24e\" data-element_type=\"widget\" data-widget_type=\"rt-heading.default\">\n\t\t\t\t<div class=\"elementor-widget-container\">\n\t\t\t<div class=\"rt-heading-wrapper style-3 text-center\">\n\t\t\t\t\t\t<H6 class=\"   rt-heading style-3\" >A Mauvezin (Gers)<\/H6>\n\t\t\t\t\t<\/div>\t\t<\/div>\n\t\t\t\t<\/div>\n\t\t\t\t<div class=\"elementor-element elementor-element-778a691 elementor-widget elementor-widget-text-editor\" data-id=\"778a691\" data-element_type=\"widget\" data-widget_type=\"text-editor.default\">\n\t\t\t\t<div class=\"elementor-widget-container\">\n\t\t\t\t\t<div class=\"elementor-text-editor elementor-clearfix\"><p>3 rue de la r\u00e9publique 32120 Mauvezin<\/p><p>Lundi &#8211; Jeudi 14h &#8211; 20h<\/p><p>Samedi 9h &#8211; 12h30<\/p><p><strong>75\u20ac la s\u00e9ance 1h<\/strong><\/p><p>06.380.390.03<\/p><p>Paiement par ch\u00e8que, esp\u00e8ces ou virement instantan\u00e9<\/p><p>Facture sur demande<\/p><\/div>\n\t\t\t\t<\/div>\n\t\t\t\t<\/div>\n\t\t\t\t<div class=\"elementor-element elementor-element-8ec3c11 elementor-widget elementor-widget-html\" data-id=\"8ec3c11\" data-element_type=\"widget\" data-widget_type=\"html.default\">\n\t\t\t\t<div class=\"elementor-widget-container\">\n\t\t\t<!-- D\u00e9but de bouton iTiaki -->\r\n<style>\r\n.btn-itiaki { padding:0.8em; color:#ffffff; background:#5a7969; border-radius:0.4em; } \r\n.btn-itiaki:hover { background:#3c5b4b; color:#ffffff; }\r\n<\/style>\r\n<a href=\"https:\/\/rdv.itiaki.com\/celiajay\" title=\"Prendre rendez-vous en ligne\" class=\"btn-itiaki\" target=\"_blank\">Prendre rendez-vous<\/a>\r\n<!-- Fin de bouton iTiaki -->\t\t<\/div>\n\t\t\t\t<\/div>\n\t\t\t\t\t<\/div>\n\t\t<\/div>\n\t\t\t\t<div class=\"elementor-column elementor-col-33 elementor-top-column elementor-element elementor-element-69615dd\" data-id=\"69615dd\" data-element_type=\"column\">\n\t\t\t<div class=\"elementor-widget-wrap elementor-element-populated\">\n\t\t\t\t\t\t\t\t<div class=\"elementor-element elementor-element-c91cf32 elementor-view-framed rt-custom-style elementor-shape-circle elementor-widget elementor-widget-icon\" data-id=\"c91cf32\" data-element_type=\"widget\" data-widget_type=\"icon.default\">\n\t\t\t\t<div class=\"elementor-widget-container\">\n\t\t\t\t\t<div class=\"elementor-icon-wrapper\">\n\t\t\t<a class=\"elementor-icon elementor-animation-grow\" href=\"\/index.php\/cabinet-blagnac\/\">\n\t\t\t<i aria-hidden=\"true\" class=\"rt-elementor-icon icon-01_home\"><\/i>\t\t\t<\/a>\n\t\t<\/div>\n\t\t\t\t<\/div>\n\t\t\t\t<\/div>\n\t\t\t\t<div class=\"elementor-element elementor-element-88e1245 elementor-widget elementor-widget-rt-heading\" data-id=\"88e1245\" data-element_type=\"widget\" data-widget_type=\"rt-heading.default\">\n\t\t\t\t<div class=\"elementor-widget-container\">\n\t\t\t<div class=\"rt-heading-wrapper style-3 text-center\">\n\t\t\t\t\t\t<H6 class=\"   rt-heading style-3\" >A Blagnac<\/H6>\n\t\t\t\t\t<\/div>\t\t<\/div>\n\t\t\t\t<\/div>\n\t\t\t\t<div class=\"elementor-element elementor-element-924fa17 elementor-widget elementor-widget-text-editor\" data-id=\"924fa17\" data-element_type=\"widget\" data-widget_type=\"text-editor.default\">\n\t\t\t\t<div class=\"elementor-widget-container\">\n\t\t\t\t\t<div class=\"elementor-text-editor elementor-clearfix\"><p>3 rue de la r\u00e9publique 32120 Mauvezin<\/p><p>Lundi &#8211; Mardi &#8211; Jeudi<\/p><p>10h &#8211; 20h<\/p><p><strong>75\u20ac la s\u00e9ance 1h<\/strong><\/p><p>06.380.390.03<\/p><p>Paiement par ch\u00e8que, esp\u00e8ces ou virement instantan\u00e9<\/p><p>Facture sur demande<\/p><\/div>\n\t\t\t\t<\/div>\n\t\t\t\t<\/div>\n\t\t\t\t<div class=\"elementor-element elementor-element-2fdc58c elementor-widget elementor-widget-html\" data-id=\"2fdc58c\" data-element_type=\"widget\" data-widget_type=\"html.default\">\n\t\t\t\t<div class=\"elementor-widget-container\">\n\t\t\t<!-- D\u00e9but de bouton iTiaki -->\r\n<style>\r\n.btn-itiaki { padding:0.8em; color:#ffffff; background:#5a7969; border-radius:0.4em; } \r\n.btn-itiaki:hover { background:#3c5b4b; color:#ffffff; }\r\n<\/style>\r\n<a href=\"https:\/\/rdv.itiaki.com\/celiajay\" title=\"Prendre rendez-vous en ligne\" class=\"btn-itiaki\" target=\"_blank\">Prendre rendez-vous<\/a>\r\n<!-- Fin de bouton iTiaki -->\t\t<\/div>\n\t\t\t\t<\/div>\n\t\t\t\t\t<\/div>\n\t\t<\/div>\n\t\t\t\t\t\t\t<\/div>\n\t\t<\/section>\n\t\t\t\t<section class=\"elementor-section elementor-top-section elementor-element elementor-element-1d50397 elementor-section-boxed elementor-section-height-default elementor-section-height-default default-style\" data-id=\"1d50397\" data-element_type=\"section\" data-settings=\"{&quot;rt_color_sets&quot;:&quot;default-style&quot;}\">\n\t\t\t\t\t\t<div class=\"elementor-container elementor-column-gap-default\">\n\t\t\t\t\t<div class=\"elementor-column elementor-col-100 elementor-top-column elementor-element elementor-element-b821abe\" data-id=\"b821abe\" data-element_type=\"column\">\n\t\t\t<div class=\"elementor-widget-wrap elementor-element-populated\">\n\t\t\t\t\t\t\t\t<div class=\"elementor-element elementor-element-97a90a6 elementor-widget elementor-widget-text-editor\" data-id=\"97a90a6\" data-element_type=\"widget\" data-widget_type=\"text-editor.default\">\n\t\t\t\t<div class=\"elementor-widget-container\">\n\t\t\t\t\t<div class=\"elementor-text-editor elementor-clearfix\"><p>*Forfaits valables 6 mois.<\/p><p>**Forfaits valables 1 an.<\/p><p>Paiement en 1 ou 2 fois au 1er rendez-vous.<\/p><p>Un rendez-vous non d\u00e9command\u00e9 minimum 48h \u00e0 l&rsquo;avance donnera lieu au r\u00e8glement de la s\u00e9ance ou \u00e0 la d\u00e9duction du forfait.<\/p><\/div>\n\t\t\t\t<\/div>\n\t\t\t\t<\/div>\n\t\t\t\t\t<\/div>\n\t\t<\/div>\n\t\t\t\t\t\t\t<\/div>\n\t\t<\/section>\n\t\t\t\t\t\t<\/div>\n\t\t\t\t\t<\/div>\n\t\t","protected":false},"excerpt":{"rendered":"<p>Le Palper-Rouler Manuel Le palper-rouler manuel est une technique de massage enti\u00e8rement manuelle et non invasive.Elle consiste \u00e0 drainer l\u2019accumulation de graisse sous la peau et \u00e0 relancer les \u00e9changes cellulaires afin de favoriser la circulation des graisses. La cellulite, due \u00e0 une accumulation de tissu adipeux sous la surface cutan\u00e9e formant de petites bosses [&hellip;]<\/p>\n","protected":false},"author":1,"featured_media":0,"parent":0,"menu_order":0,"comment_status":"closed","ping_status":"closed","template":"","meta":[],"_links":{"self":[{"href":"https:\/\/www.celiajay.com\/index.php\/wp-json\/wp\/v2\/pages\/4300"}],"collection":[{"href":"https:\/\/www.celiajay.com\/index.php\/wp-json\/wp\/v2\/pages"}],"about":[{"href":"https:\/\/www.celiajay.com\/index.php\/wp-json\/wp\/v2\/types\/page"}],"author":[{"embeddable":true,"href":"https:\/\/www.celiajay.com\/index.php\/wp-json\/wp\/v2\/users\/1"}],"replies":[{"embeddable":true,"href":"https:\/\/www.celiajay.com\/index.php\/wp-json\/wp\/v2\/comments?post=4300"}],"version-history":[{"count":54,"href":"https:\/\/www.celiajay.com\/index.php\/wp-json\/wp\/v2\/pages\/4300\/revisions"}],"predecessor-version":[{"id":5308,"href":"https:\/\/www.celiajay.com\/index.php\/wp-json\/wp\/v2\/pages\/4300\/revisions\/5308"}],"wp:attachment":[{"href":"https:\/\/www.celiajay.com\/index.php\/wp-json\/wp\/v2\/media?parent=4300"}],"curies":[{"name":"wp","href":"https:\/\/api.w.org\/{rel}","templated":true}]}}