{"id":4255,"date":"2022-11-25T17:07:04","date_gmt":"2022-11-25T16:07:04","guid":{"rendered":"https:\/\/www.celiajay.com\/?page_id=4255"},"modified":"2025-08-29T07:52:11","modified_gmt":"2025-08-29T05:52:11","slug":"drainage-lymphatique-manuel-2","status":"publish","type":"page","link":"https:\/\/www.celiajay.com\/index.php\/drainage-lymphatique-manuel-2\/","title":{"rendered":"Drainage Lymphatique Manuel VODDER"},"content":{"rendered":"\t\t<div data-elementor-type=\"wp-page\" data-elementor-id=\"4255\" class=\"elementor elementor-4255\" data-elementor-settings=\"[]\">\n\t\t\t\t\t\t\t<div class=\"elementor-section-wrap\">\n\t\t\t\t\t\t\t<section class=\"elementor-section elementor-top-section elementor-element elementor-element-b664145 elementor-section-boxed elementor-section-height-default elementor-section-height-default default-style\" data-id=\"b664145\" data-element_type=\"section\" data-settings=\"{&quot;rt_color_sets&quot;:&quot;default-style&quot;}\">\n\t\t\t\t\t\t<div class=\"elementor-container elementor-column-gap-default\">\n\t\t\t\t\t<div class=\"elementor-column elementor-col-100 elementor-top-column elementor-element elementor-element-e448040\" data-id=\"e448040\" data-element_type=\"column\">\n\t\t\t<div class=\"elementor-widget-wrap elementor-element-populated\">\n\t\t\t\t\t\t\t\t<div class=\"elementor-element elementor-element-2515e6e elementor-widget elementor-widget-spacer\" data-id=\"2515e6e\" data-element_type=\"widget\" data-widget_type=\"spacer.default\">\n\t\t\t\t<div class=\"elementor-widget-container\">\n\t\t\t\t\t<div class=\"elementor-spacer\">\n\t\t\t<div class=\"elementor-spacer-inner\"><\/div>\n\t\t<\/div>\n\t\t\t\t<\/div>\n\t\t\t\t<\/div>\n\t\t\t\t\t<\/div>\n\t\t<\/div>\n\t\t\t\t\t\t\t<\/div>\n\t\t<\/section>\n\t\t\t\t<section class=\"elementor-section elementor-top-section elementor-element elementor-element-ae38dc4 elementor-section-boxed elementor-section-height-default elementor-section-height-default default-style\" data-id=\"ae38dc4\" data-element_type=\"section\" data-settings=\"{&quot;rt_color_sets&quot;:&quot;default-style&quot;}\">\n\t\t\t\t\t\t<div class=\"elementor-container elementor-column-gap-default\">\n\t\t\t\t\t<div class=\"elementor-column elementor-col-33 elementor-top-column elementor-element elementor-element-e9ee6e2\" data-id=\"e9ee6e2\" data-element_type=\"column\">\n\t\t\t<div class=\"elementor-widget-wrap elementor-element-populated\">\n\t\t\t\t\t\t\t\t<div class=\"elementor-element elementor-element-1b45b50 elementor-widget elementor-widget-rt-heading\" data-id=\"1b45b50\" data-element_type=\"widget\" data-widget_type=\"rt-heading.default\">\n\t\t\t\t<div class=\"elementor-widget-container\">\n\t\t\t<div class=\"rt-heading-wrapper style-3 text-tablet-left text-mobile-left\">\n\t\t\t\t\t\t<H4 class=\"   rt-heading style-3\" >Le Drainage Lymphatique Manuel du Dr VODDER<\/H4>\n\t\t\t\t\t<\/div>\t\t<\/div>\n\t\t\t\t<\/div>\n\t\t\t\t<div class=\"elementor-element elementor-element-0213d3e elementor-widget elementor-widget-text-editor\" data-id=\"0213d3e\" data-element_type=\"widget\" data-widget_type=\"text-editor.default\">\n\t\t\t\t<div class=\"elementor-widget-container\">\n\t\t\t\t\t<div class=\"elementor-text-editor elementor-clearfix\"><p>\u00a0<\/p><p>Le drainage lymphatique manuel du Dr Vodder est une <strong>technique de massage manuelle l\u00e9g\u00e8re, apaisante et non invasive<\/strong> <strong>destin\u00e9e \u00e0 stimuler la circulation de la lymphe.\u00a0<\/strong><\/p><p>Cette technique <strong>favorise le nettoyage, la d\u00e9sintoxication et le d\u00e9sengorgement du tissu conjonctif et des ganglions lymphatiques de tout l&rsquo;organisme (corps et visage).<\/strong><\/p><p>Les <strong>mouvements r\u00e9p\u00e9titifs et rythm\u00e9s<\/strong> de ce massage facilitent l\u2019<strong>\u00e9limination d\u2019un plus grand volume de fluide stagnant<\/strong> (\u0153d\u00e8me).\u00a0<\/p><p><strong>Effets du drainage lymphatique manuel du Dr VODDER :<\/strong><\/p><ul><li>Stimule et am\u00e9liore la circulation de la lymphe, la circulation sanguine et la microcirculation<\/li><li>Anti\u0153d\u00e9mateux id\u00e9al pour les congestions (jambes\/bras\/visage \u2026)<\/li><li>Am\u00e9liore le syst\u00e8me immunitaire de d\u00e9fense en acc\u00e9l\u00e9rant le transport de la lymphe<\/li><li>Nettoie et d\u00e9sintoxique les tissus et les ganglions lymphatiques<\/li><li>R\u00e9gularise le syst\u00e8me nerveux en favorisant la relaxation<\/li><li>Cicatrisant<\/li><li>R\u00e9g\u00e9n\u00e9rant<\/li><li>Action antalgique<\/li><\/ul><p>La s\u00e9ance dure<strong>\u00a01h.\u00a0<\/strong><\/p><p><strong>Le rythme et le nombre des s\u00e9ances<\/strong> varient en fonction de chaque personne.<br \/>Il est habituellement recommand\u00e9 de faire 1 s\u00e9ance par semaine \u00e0 1 s\u00e9ance par mois.<\/p><p style=\"text-align: left;\"><span style=\"color: #555555;\"><strong><a style=\"color: #555555;\" href=\"https:\/\/www.celiajay.com\/index.php\/drainage-lymphatique-manuel\/\">Plus d&rsquo;informations ici<\/a><\/strong><\/span><\/p><\/div>\n\t\t\t\t<\/div>\n\t\t\t\t<\/div>\n\t\t\t\t<div class=\"elementor-element elementor-element-be6e81f elementor-widget elementor-widget-rt-photo-gallery\" data-id=\"be6e81f\" data-element_type=\"widget\" data-widget_type=\"rt-photo-gallery.default\">\n\t\t\t\t<div class=\"elementor-widget-container\">\n\t\t\t\n\t\t\t<div class=\"rt-gallery  grid-gallery\"  >\n\t\t\t\t\t<div class=\"col col-sm-12 col-12\">\n\t\t\t\t\t\t<div class=\"gallery-item-holder\">\n\t\t\t\t\t\t\t<div class=\"image-thumbnail\"><img src=\"https:\/\/www.celiajay.com\/wp-content\/uploads\/2022\/11\/Sans-titre-4-1.png\" alt=\"\" ><\/div>\n\t\t\t\t\t\t<\/div>\n\t\t\t\t\t<\/div><\/div> \n\t\t\t\t<\/div>\n\t\t\t\t<\/div>\n\t\t\t\t\t<\/div>\n\t\t<\/div>\n\t\t\t\t<div class=\"elementor-column elementor-col-33 elementor-top-column elementor-element elementor-element-b709062\" data-id=\"b709062\" data-element_type=\"column\">\n\t\t\t<div class=\"elementor-widget-wrap elementor-element-populated\">\n\t\t\t\t\t\t\t\t<div class=\"elementor-element elementor-element-81c3dab elementor-view-framed rt-custom-style elementor-shape-circle elementor-widget elementor-widget-icon\" data-id=\"81c3dab\" data-element_type=\"widget\" data-widget_type=\"icon.default\">\n\t\t\t\t<div class=\"elementor-widget-container\">\n\t\t\t\t\t<div class=\"elementor-icon-wrapper\">\n\t\t\t<a class=\"elementor-icon elementor-animation-grow\" href=\"\/index.php\/cabinet-mauvezin\/\">\n\t\t\t<i aria-hidden=\"true\" class=\"rt-elementor-icon icon-01_home\"><\/i>\t\t\t<\/a>\n\t\t<\/div>\n\t\t\t\t<\/div>\n\t\t\t\t<\/div>\n\t\t\t\t<div class=\"elementor-element elementor-element-fbae519 elementor-widget elementor-widget-rt-heading\" data-id=\"fbae519\" data-element_type=\"widget\" data-widget_type=\"rt-heading.default\">\n\t\t\t\t<div class=\"elementor-widget-container\">\n\t\t\t<div class=\"rt-heading-wrapper style-3 text-center\">\n\t\t\t\t\t\t<H6 class=\"   rt-heading style-3\" >A Mauvezin (Gers)<\/H6>\n\t\t\t\t\t<\/div>\t\t<\/div>\n\t\t\t\t<\/div>\n\t\t\t\t<div class=\"elementor-element elementor-element-f9072f0 elementor-widget elementor-widget-text-editor\" data-id=\"f9072f0\" data-element_type=\"widget\" data-widget_type=\"text-editor.default\">\n\t\t\t\t<div class=\"elementor-widget-container\">\n\t\t\t\t\t<div class=\"elementor-text-editor elementor-clearfix\"><p>3 rue de la r\u00e9publique 32120 Mauvezin<\/p><p>Lundi &#8211; Jeudi 14h &#8211; 20h<\/p><p>Samedi 9h &#8211; 12h30<\/p><p><strong>65\u20ac la s\u00e9ance<\/strong><\/p><p><strong>350\u20ac le forfait de 6 s\u00e9ances *<\/strong><\/p><p><strong>550\u20ac le forfait de 10 s\u00e9ances **<\/strong><\/p><p>06.380.390.03<\/p><p>Paiement par ch\u00e8que, esp\u00e8ces ou virement instantan\u00e9<\/p><p>Facture sur demande<\/p><\/div>\n\t\t\t\t<\/div>\n\t\t\t\t<\/div>\n\t\t\t\t<div class=\"elementor-element elementor-element-facd58c elementor-widget elementor-widget-html\" data-id=\"facd58c\" data-element_type=\"widget\" data-widget_type=\"html.default\">\n\t\t\t\t<div class=\"elementor-widget-container\">\n\t\t\t<!-- D\u00e9but de bouton iTiaki -->\r\n<style>\r\n.btn-itiaki { padding:0.8em; color:#ffffff; background:#5a7969; border-radius:0.4em; } \r\n.btn-itiaki:hover { background:#3c5b4b; color:#ffffff; }\r\n<\/style>\r\n<a href=\"https:\/\/rdv.itiaki.com\/celiajay\" title=\"Prendre rendez-vous en ligne\" class=\"btn-itiaki\" target=\"_blank\">Prendre rendez-vous<\/a>\r\n<!-- Fin de bouton iTiaki -->\t\t<\/div>\n\t\t\t\t<\/div>\n\t\t\t\t\t<\/div>\n\t\t<\/div>\n\t\t\t\t<div class=\"elementor-column elementor-col-33 elementor-top-column elementor-element elementor-element-63ac68c\" data-id=\"63ac68c\" data-element_type=\"column\">\n\t\t\t<div class=\"elementor-widget-wrap elementor-element-populated\">\n\t\t\t\t\t\t\t\t<div class=\"elementor-element elementor-element-6894ebe elementor-view-framed rt-custom-style elementor-shape-circle elementor-widget elementor-widget-icon\" data-id=\"6894ebe\" data-element_type=\"widget\" data-widget_type=\"icon.default\">\n\t\t\t\t<div class=\"elementor-widget-container\">\n\t\t\t\t\t<div class=\"elementor-icon-wrapper\">\n\t\t\t<a class=\"elementor-icon elementor-animation-grow\" href=\"\/index.php\/cabinet-blagnac\/\">\n\t\t\t<i aria-hidden=\"true\" class=\"rt-elementor-icon icon-01_home\"><\/i>\t\t\t<\/a>\n\t\t<\/div>\n\t\t\t\t<\/div>\n\t\t\t\t<\/div>\n\t\t\t\t<div class=\"elementor-element elementor-element-cb95058 elementor-widget elementor-widget-rt-heading\" data-id=\"cb95058\" data-element_type=\"widget\" data-widget_type=\"rt-heading.default\">\n\t\t\t\t<div class=\"elementor-widget-container\">\n\t\t\t<div class=\"rt-heading-wrapper style-3 text-center\">\n\t\t\t\t\t\t<H6 class=\"   rt-heading style-3\" >A Blagnac<\/H6>\n\t\t\t\t\t<\/div>\t\t<\/div>\n\t\t\t\t<\/div>\n\t\t\t\t<div class=\"elementor-element elementor-element-d515c8e elementor-widget elementor-widget-text-editor\" data-id=\"d515c8e\" data-element_type=\"widget\" data-widget_type=\"text-editor.default\">\n\t\t\t\t<div class=\"elementor-widget-container\">\n\t\t\t\t\t<div class=\"elementor-text-editor elementor-clearfix\"><p>15 route de grenade 31700 Blagnac<\/p><p>Mercredi &#8211; Vendredi<\/p><p>10h &#8211; 20h<\/p><p><strong>65\u20ac la s\u00e9ance<\/strong><\/p><p><strong>350\u20ac le forfait de 6 s\u00e9ances *<\/strong><\/p><p><strong>550\u20ac le forfait de 10 s\u00e9ances **<\/strong><\/p><p>06.380.390.03<\/p><p>Paiement par ch\u00e8que, esp\u00e8ces ou virement instantan\u00e9<\/p><p>Facture sur demande<\/p><\/div>\n\t\t\t\t<\/div>\n\t\t\t\t<\/div>\n\t\t\t\t<div class=\"elementor-element elementor-element-cd87120 elementor-widget elementor-widget-html\" data-id=\"cd87120\" data-element_type=\"widget\" data-widget_type=\"html.default\">\n\t\t\t\t<div class=\"elementor-widget-container\">\n\t\t\t<!-- D\u00e9but de bouton iTiaki -->\r\n<style>\r\n.btn-itiaki { padding:0.8em; color:#ffffff; background:#5a7969; border-radius:0.4em; } \r\n.btn-itiaki:hover { background:#3c5b4b; color:#ffffff; }\r\n<\/style>\r\n<a href=\"https:\/\/rdv.itiaki.com\/celiajay\" title=\"Prendre rendez-vous en ligne\" class=\"btn-itiaki\" target=\"_blank\">Prendre rendez-vous<\/a>\r\n<!-- Fin de bouton iTiaki -->\t\t<\/div>\n\t\t\t\t<\/div>\n\t\t\t\t\t<\/div>\n\t\t<\/div>\n\t\t\t\t\t\t\t<\/div>\n\t\t<\/section>\n\t\t\t\t<section class=\"elementor-section elementor-top-section elementor-element elementor-element-94ed57d elementor-section-boxed elementor-section-height-default elementor-section-height-default default-style\" data-id=\"94ed57d\" data-element_type=\"section\" data-settings=\"{&quot;rt_color_sets&quot;:&quot;default-style&quot;}\">\n\t\t\t\t\t\t<div class=\"elementor-container elementor-column-gap-default\">\n\t\t\t\t\t<div class=\"elementor-column elementor-col-100 elementor-top-column elementor-element elementor-element-559fd4f\" data-id=\"559fd4f\" data-element_type=\"column\">\n\t\t\t<div class=\"elementor-widget-wrap elementor-element-populated\">\n\t\t\t\t\t\t\t\t<div class=\"elementor-element elementor-element-775cc76 elementor-widget elementor-widget-spacer\" data-id=\"775cc76\" data-element_type=\"widget\" data-widget_type=\"spacer.default\">\n\t\t\t\t<div class=\"elementor-widget-container\">\n\t\t\t\t\t<div class=\"elementor-spacer\">\n\t\t\t<div class=\"elementor-spacer-inner\"><\/div>\n\t\t<\/div>\n\t\t\t\t<\/div>\n\t\t\t\t<\/div>\n\t\t\t\t\t<\/div>\n\t\t<\/div>\n\t\t\t\t\t\t\t<\/div>\n\t\t<\/section>\n\t\t\t\t<section class=\"elementor-section elementor-top-section elementor-element elementor-element-2752383 elementor-section-boxed elementor-section-height-default elementor-section-height-default default-style\" data-id=\"2752383\" data-element_type=\"section\" data-settings=\"{&quot;rt_color_sets&quot;:&quot;default-style&quot;}\">\n\t\t\t\t\t\t<div class=\"elementor-container elementor-column-gap-default\">\n\t\t\t\t\t<div class=\"elementor-column elementor-col-100 elementor-top-column elementor-element elementor-element-fa1abcb\" data-id=\"fa1abcb\" data-element_type=\"column\">\n\t\t\t<div class=\"elementor-widget-wrap elementor-element-populated\">\n\t\t\t\t\t\t\t\t<div class=\"elementor-element elementor-element-8d8a416 elementor-widget elementor-widget-text-editor\" data-id=\"8d8a416\" data-element_type=\"widget\" data-widget_type=\"text-editor.default\">\n\t\t\t\t<div class=\"elementor-widget-container\">\n\t\t\t\t\t<div class=\"elementor-text-editor elementor-clearfix\"><p>*Forfaits valables 6 mois.<\/p><p>**Forfaits valables 1 an.<\/p><p>Paiement en 1 ou 2 fois au 1er rendez-vous.<\/p><p>Un rendez-vous non d\u00e9command\u00e9 minimum 48h \u00e0 l&rsquo;avance donnera lieu au r\u00e8glement de la s\u00e9ance ou \u00e0 la d\u00e9duction du forfait.<\/p><\/div>\n\t\t\t\t<\/div>\n\t\t\t\t<\/div>\n\t\t\t\t\t<\/div>\n\t\t<\/div>\n\t\t\t\t\t\t\t<\/div>\n\t\t<\/section>\n\t\t\t\t\t\t<\/div>\n\t\t\t\t\t<\/div>\n\t\t","protected":false},"excerpt":{"rendered":"<p>Le Drainage Lymphatique Manuel du Dr VODDER \u00a0 Le drainage lymphatique manuel du Dr Vodder est une technique de massage manuelle l\u00e9g\u00e8re, apaisante et non invasive destin\u00e9e \u00e0 stimuler la circulation de la lymphe.\u00a0 Cette technique favorise le nettoyage, la d\u00e9sintoxication et le d\u00e9sengorgement du tissu conjonctif et des ganglions lymphatiques de tout l&rsquo;organisme (corps [&hellip;]<\/p>\n","protected":false},"author":1,"featured_media":0,"parent":0,"menu_order":0,"comment_status":"closed","ping_status":"closed","template":"","meta":[],"_links":{"self":[{"href":"https:\/\/www.celiajay.com\/index.php\/wp-json\/wp\/v2\/pages\/4255"}],"collection":[{"href":"https:\/\/www.celiajay.com\/index.php\/wp-json\/wp\/v2\/pages"}],"about":[{"href":"https:\/\/www.celiajay.com\/index.php\/wp-json\/wp\/v2\/types\/page"}],"author":[{"embeddable":true,"href":"https:\/\/www.celiajay.com\/index.php\/wp-json\/wp\/v2\/users\/1"}],"replies":[{"embeddable":true,"href":"https:\/\/www.celiajay.com\/index.php\/wp-json\/wp\/v2\/comments?post=4255"}],"version-history":[{"count":76,"href":"https:\/\/www.celiajay.com\/index.php\/wp-json\/wp\/v2\/pages\/4255\/revisions"}],"predecessor-version":[{"id":5243,"href":"https:\/\/www.celiajay.com\/index.php\/wp-json\/wp\/v2\/pages\/4255\/revisions\/5243"}],"wp:attachment":[{"href":"https:\/\/www.celiajay.com\/index.php\/wp-json\/wp\/v2\/media?parent=4255"}],"curies":[{"name":"wp","href":"https:\/\/api.w.org\/{rel}","templated":true}]}}