{"id":4212,"date":"2022-11-25T16:01:32","date_gmt":"2022-11-25T15:01:32","guid":{"rendered":"https:\/\/www.celiajay.com\/?page_id=4212"},"modified":"2025-08-29T07:49:34","modified_gmt":"2025-08-29T05:49:34","slug":"chi-nei-tsang","status":"publish","type":"page","link":"https:\/\/www.celiajay.com\/index.php\/chi-nei-tsang\/","title":{"rendered":"Chi Nei Tsang"},"content":{"rendered":"\t\t<div data-elementor-type=\"wp-page\" data-elementor-id=\"4212\" class=\"elementor elementor-4212\" data-elementor-settings=\"[]\">\n\t\t\t\t\t\t\t<div class=\"elementor-section-wrap\">\n\t\t\t\t\t\t\t<section class=\"elementor-section elementor-top-section elementor-element elementor-element-4e4edb0 elementor-section-boxed elementor-section-height-default elementor-section-height-default default-style\" data-id=\"4e4edb0\" data-element_type=\"section\" data-settings=\"{&quot;rt_color_sets&quot;:&quot;default-style&quot;}\">\n\t\t\t\t\t\t<div class=\"elementor-container elementor-column-gap-default\">\n\t\t\t\t\t<div class=\"elementor-column elementor-col-100 elementor-top-column elementor-element elementor-element-2f4825d\" data-id=\"2f4825d\" data-element_type=\"column\">\n\t\t\t<div class=\"elementor-widget-wrap elementor-element-populated\">\n\t\t\t\t\t\t\t\t<div class=\"elementor-element elementor-element-e3df1d0 elementor-widget elementor-widget-spacer\" data-id=\"e3df1d0\" data-element_type=\"widget\" data-widget_type=\"spacer.default\">\n\t\t\t\t<div class=\"elementor-widget-container\">\n\t\t\t\t\t<div class=\"elementor-spacer\">\n\t\t\t<div class=\"elementor-spacer-inner\"><\/div>\n\t\t<\/div>\n\t\t\t\t<\/div>\n\t\t\t\t<\/div>\n\t\t\t\t\t<\/div>\n\t\t<\/div>\n\t\t\t\t\t\t\t<\/div>\n\t\t<\/section>\n\t\t\t\t<section class=\"elementor-section elementor-top-section elementor-element elementor-element-de8b9bb elementor-section-boxed elementor-section-height-default elementor-section-height-default default-style\" data-id=\"de8b9bb\" data-element_type=\"section\" data-settings=\"{&quot;rt_color_sets&quot;:&quot;default-style&quot;}\">\n\t\t\t\t\t\t<div class=\"elementor-container elementor-column-gap-default\">\n\t\t\t\t\t<div class=\"elementor-column elementor-col-33 elementor-top-column elementor-element elementor-element-0e9eb8c\" data-id=\"0e9eb8c\" data-element_type=\"column\">\n\t\t\t<div class=\"elementor-widget-wrap elementor-element-populated\">\n\t\t\t\t\t\t\t\t<div class=\"elementor-element elementor-element-6b1469d elementor-widget elementor-widget-rt-heading\" data-id=\"6b1469d\" data-element_type=\"widget\" data-widget_type=\"rt-heading.default\">\n\t\t\t\t<div class=\"elementor-widget-container\">\n\t\t\t<div class=\"rt-heading-wrapper style-3 text-tablet-left text-mobile-left\">\n\t\t\t\t\t\t<H4 class=\"   rt-heading style-3\" >Massage visc\u00e9ral Chi Nei Tsang <\/H4>\n\t\t\t\t\t<\/div>\t\t<\/div>\n\t\t\t\t<\/div>\n\t\t\t\t<div class=\"elementor-element elementor-element-f1145f2 elementor-widget elementor-widget-text-editor\" data-id=\"f1145f2\" data-element_type=\"widget\" data-widget_type=\"text-editor.default\">\n\t\t\t\t<div class=\"elementor-widget-container\">\n\t\t\t\t\t<div class=\"elementor-text-editor elementor-clearfix\"><p>\u00a0<\/p><p>Il s&rsquo;agit d&rsquo;un <strong>massage chinois, doux et profond de la zone abdominale.<\/strong><\/p><p>Cette <strong>manipulation \u00e9nerg\u00e9tique<\/strong> agit directement sur les organes internes \u00e0 travers l&rsquo;abdomen. Elle est particuli\u00e8rement utile pour all\u00e9ger les blocages intestinaux, crampes, n\u0153uds, tissus cicatriciels, douleurs menstruelles, mauvaise circulation sanguine et lymphatique, maux de t\u00eate, douleurs dorsales&#8230;<\/p><p><strong>Les Bienfaits du Chi Nei Tsang<\/strong><\/p><ul><li>D\u00e9toxification de l&rsquo;organisme<\/li><li>Renforcement de l&rsquo;immunit\u00e9<\/li><li>Harmonisation des \u00e9motions<\/li><li>R\u00e9duction du stress et de l&rsquo;anxi\u00e9t\u00e9<\/li><li>Soulagement des troubles intestinaux<\/li><li>Lib\u00e9ration du diaphragme et des tensions<\/li><li>Am\u00e9lioration de la respiration<\/li><li>R\u00e9\u00e9quilibrage des \u00e9nergies<\/li><\/ul><p>La s\u00e9ance dure entre <strong>1h00 et 1h10. Compter 20 \u00e0 30min suppl\u00e9mentaires d&rsquo;entretien en d\u00e9but de s\u00e9ance.<\/strong><\/p><p><strong>Le rythme et le nombre des s\u00e9ances<\/strong> est fonction de l\u2019anciennet\u00e9 du d\u00e9s\u00e9quilibre, de sa nature et de la r\u00e9action aux s\u00e9ances.<\/p><p>Il est habituellement recommand\u00e9 d&rsquo;espacer les s\u00e9ances de 3 \u00e0 4 semaines.<\/p><p style=\"text-align: left;\"><span style=\"color: #555555;\"><strong><a style=\"color: #555555;\" href=\"https:\/\/www.celiajay.com\/index.php\/slug-chi-nei-tsang\/\">Plus d&rsquo;informations ici<\/a><\/strong><\/span><\/p><\/div>\n\t\t\t\t<\/div>\n\t\t\t\t<\/div>\n\t\t\t\t<div class=\"elementor-element elementor-element-5c10578 elementor-widget elementor-widget-rt-photo-gallery\" data-id=\"5c10578\" data-element_type=\"widget\" data-widget_type=\"rt-photo-gallery.default\">\n\t\t\t\t<div class=\"elementor-widget-container\">\n\t\t\t\n\t\t\t<div class=\"rt-gallery  grid-gallery vertical-align-center\"  >\n\t\t\t\t\t<div class=\"col col-sm-12 col-12\">\n\t\t\t\t\t\t<div class=\"gallery-item-holder\">\n\t\t\t\t\t\t\t<div class=\"image-thumbnail\"><img loading=\"lazy\" src=\"https:\/\/www.celiajay.com\/wp-content\/uploads\/2022\/07\/3.jpg\" alt=\"\" srcset=\"https:\/\/www.celiajay.com\/wp-content\/uploads\/2022\/07\/3.jpg 2245w, https:\/\/www.celiajay.com\/wp-content\/uploads\/2022\/07\/3-300x212.jpg 300w, https:\/\/www.celiajay.com\/wp-content\/uploads\/2022\/07\/3-1024x724.jpg 1024w, https:\/\/www.celiajay.com\/wp-content\/uploads\/2022\/07\/3-768x543.jpg 768w, https:\/\/www.celiajay.com\/wp-content\/uploads\/2022\/07\/3-1536x1086.jpg 1536w, https:\/\/www.celiajay.com\/wp-content\/uploads\/2022\/07\/3-2048x1448.jpg 2048w, https:\/\/www.celiajay.com\/wp-content\/uploads\/2022\/07\/3-1122x793.jpg 1122w, https:\/\/www.celiajay.com\/wp-content\/uploads\/2022\/07\/3-1220x862.jpg 1220w, https:\/\/www.celiajay.com\/wp-content\/uploads\/2022\/07\/3-915x647.jpg 915w, https:\/\/www.celiajay.com\/wp-content\/uploads\/2022\/07\/3-600x424.jpg 600w, https:\/\/www.celiajay.com\/wp-content\/uploads\/2022\/07\/3-393x278.jpg 393w, https:\/\/www.celiajay.com\/wp-content\/uploads\/2022\/07\/3-290x205.jpg 290w\" sizes=\"https:\/\/www.celiajay.com\/wp-content\/uploads\/2022\/07\/3.jpg 2245w, https:\/\/www.celiajay.com\/wp-content\/uploads\/2022\/07\/3-300x212.jpg 300w, https:\/\/www.celiajay.com\/wp-content\/uploads\/2022\/07\/3-1024x724.jpg 1024w, https:\/\/www.celiajay.com\/wp-content\/uploads\/2022\/07\/3-768x543.jpg 768w, https:\/\/www.celiajay.com\/wp-content\/uploads\/2022\/07\/3-1536x1086.jpg 1536w, https:\/\/www.celiajay.com\/wp-content\/uploads\/2022\/07\/3-2048x1448.jpg 2048w, https:\/\/www.celiajay.com\/wp-content\/uploads\/2022\/07\/3-1122x793.jpg 1122w, https:\/\/www.celiajay.com\/wp-content\/uploads\/2022\/07\/3-1220x862.jpg 1220w, https:\/\/www.celiajay.com\/wp-content\/uploads\/2022\/07\/3-915x647.jpg 915w, https:\/\/www.celiajay.com\/wp-content\/uploads\/2022\/07\/3-600x424.jpg 600w, https:\/\/www.celiajay.com\/wp-content\/uploads\/2022\/07\/3-393x278.jpg 393w, https:\/\/www.celiajay.com\/wp-content\/uploads\/2022\/07\/3-290x205.jpg 290w\" width=\"2245\" height=\"1587\"><\/div>\n\t\t\t\t\t\t<\/div>\n\t\t\t\t\t<\/div><\/div> \n\t\t\t\t<\/div>\n\t\t\t\t<\/div>\n\t\t\t\t\t<\/div>\n\t\t<\/div>\n\t\t\t\t<div class=\"elementor-column elementor-col-33 elementor-top-column elementor-element elementor-element-001cf24\" data-id=\"001cf24\" data-element_type=\"column\">\n\t\t\t<div class=\"elementor-widget-wrap elementor-element-populated\">\n\t\t\t\t\t\t\t\t<div class=\"elementor-element elementor-element-618285d elementor-view-framed rt-custom-style elementor-shape-circle elementor-widget elementor-widget-icon\" data-id=\"618285d\" data-element_type=\"widget\" data-widget_type=\"icon.default\">\n\t\t\t\t<div class=\"elementor-widget-container\">\n\t\t\t\t\t<div class=\"elementor-icon-wrapper\">\n\t\t\t<a class=\"elementor-icon elementor-animation-grow\" href=\"\/index.php\/cabinet-mauvezin\/\">\n\t\t\t<i aria-hidden=\"true\" class=\"rt-elementor-icon icon-01_home\"><\/i>\t\t\t<\/a>\n\t\t<\/div>\n\t\t\t\t<\/div>\n\t\t\t\t<\/div>\n\t\t\t\t<div class=\"elementor-element elementor-element-d784076 elementor-widget elementor-widget-rt-heading\" data-id=\"d784076\" data-element_type=\"widget\" data-widget_type=\"rt-heading.default\">\n\t\t\t\t<div class=\"elementor-widget-container\">\n\t\t\t<div class=\"rt-heading-wrapper style-3 text-center\">\n\t\t\t\t\t\t<H6 class=\"   rt-heading style-3\" >A Mauvezin (Gers)<\/H6>\n\t\t\t\t\t<\/div>\t\t<\/div>\n\t\t\t\t<\/div>\n\t\t\t\t<div class=\"elementor-element elementor-element-cc5ae4f elementor-widget elementor-widget-text-editor\" data-id=\"cc5ae4f\" data-element_type=\"widget\" data-widget_type=\"text-editor.default\">\n\t\t\t\t<div class=\"elementor-widget-container\">\n\t\t\t\t\t<div class=\"elementor-text-editor elementor-clearfix\"><p>3 rue de la r\u00e9publique 32120 Mauvezin<\/p><p>Lundi &#8211; Jeudi 14h &#8211; 20h<\/p><p>Samedi 9h &#8211; 12h30<\/p><p><strong>80\u20ac la s\u00e9ance<\/strong><\/p><p><strong>360\u20ac le forfait de 5 s\u00e9ances *<\/strong><\/p><p>06.380.390.03<\/p><p>Paiement par ch\u00e8que, esp\u00e8ces ou virement instantan\u00e9<\/p><p>Facture sur demande<\/p><\/div>\n\t\t\t\t<\/div>\n\t\t\t\t<\/div>\n\t\t\t\t<div class=\"elementor-element elementor-element-c035c7e elementor-widget elementor-widget-html\" data-id=\"c035c7e\" data-element_type=\"widget\" data-widget_type=\"html.default\">\n\t\t\t\t<div class=\"elementor-widget-container\">\n\t\t\t<!-- D\u00e9but de bouton iTiaki -->\r\n<style>\r\n.btn-itiaki { padding:0.8em; color:#ffffff; background:#5a7969; border-radius:0.4em; } \r\n.btn-itiaki:hover { background:#3c5b4b; color:#ffffff; }\r\n<\/style>\r\n<a href=\"https:\/\/rdv.itiaki.com\/celiajay\" title=\"Prendre rendez-vous en ligne\" class=\"btn-itiaki\" target=\"_blank\">Prendre rendez-vous<\/a>\r\n<!-- Fin de bouton iTiaki -->\t\t<\/div>\n\t\t\t\t<\/div>\n\t\t\t\t\t<\/div>\n\t\t<\/div>\n\t\t\t\t<div class=\"elementor-column elementor-col-33 elementor-top-column elementor-element elementor-element-40cedeb\" data-id=\"40cedeb\" data-element_type=\"column\">\n\t\t\t<div class=\"elementor-widget-wrap elementor-element-populated\">\n\t\t\t\t\t\t\t\t<div class=\"elementor-element elementor-element-b8866c6 elementor-view-framed rt-custom-style elementor-shape-circle elementor-widget elementor-widget-icon\" data-id=\"b8866c6\" data-element_type=\"widget\" data-widget_type=\"icon.default\">\n\t\t\t\t<div class=\"elementor-widget-container\">\n\t\t\t\t\t<div class=\"elementor-icon-wrapper\">\n\t\t\t<a class=\"elementor-icon elementor-animation-grow\" href=\"\/index.php\/cabinet-blagnac\/\">\n\t\t\t<i aria-hidden=\"true\" class=\"rt-elementor-icon icon-01_home\"><\/i>\t\t\t<\/a>\n\t\t<\/div>\n\t\t\t\t<\/div>\n\t\t\t\t<\/div>\n\t\t\t\t<div class=\"elementor-element elementor-element-9d8396c elementor-widget elementor-widget-rt-heading\" data-id=\"9d8396c\" data-element_type=\"widget\" data-widget_type=\"rt-heading.default\">\n\t\t\t\t<div class=\"elementor-widget-container\">\n\t\t\t<div class=\"rt-heading-wrapper style-3 text-center\">\n\t\t\t\t\t\t<H6 class=\"   rt-heading style-3\" >A Blagnac<\/H6>\n\t\t\t\t\t<\/div>\t\t<\/div>\n\t\t\t\t<\/div>\n\t\t\t\t<div class=\"elementor-element elementor-element-b9d3933 elementor-widget elementor-widget-text-editor\" data-id=\"b9d3933\" data-element_type=\"widget\" data-widget_type=\"text-editor.default\">\n\t\t\t\t<div class=\"elementor-widget-container\">\n\t\t\t\t\t<div class=\"elementor-text-editor elementor-clearfix\"><p>15 route de grenade 31700 Blagnac<\/p><p>Mercredi &#8211; Vendredi<\/p><p>10h &#8211; 20h<\/p><p><strong>80\u20ac la s\u00e9ance<\/strong><\/p><p><strong>360\u20ac le forfait de 5 s\u00e9ances*\u00a0<\/strong><\/p><p>06.380.390.03<\/p><p>Paiement par ch\u00e8que, esp\u00e8ces ou virement instantan\u00e9<\/p><p>Facture sur demande<\/p><\/div>\n\t\t\t\t<\/div>\n\t\t\t\t<\/div>\n\t\t\t\t<div class=\"elementor-element elementor-element-060798d elementor-widget__width-inherit elementor-widget elementor-widget-html\" data-id=\"060798d\" data-element_type=\"widget\" data-widget_type=\"html.default\">\n\t\t\t\t<div class=\"elementor-widget-container\">\n\t\t\t<!-- D\u00e9but de bouton iTiaki -->\r\n<style>\r\n.btn-itiaki { padding:0.8em; color:#ffffff; background:#5a7969; border-radius:0.4em; } \r\n.btn-itiaki:hover { background:#3c5b4b; color:#ffffff; }\r\n<\/style>\r\n<a href=\"https:\/\/rdv.itiaki.com\/celiajay\" title=\"Prendre rendez-vous en ligne\" class=\"btn-itiaki\" target=\"_blank\">Prendre rendez-vous<\/a>\r\n<!-- Fin de bouton iTiaki -->\t\t<\/div>\n\t\t\t\t<\/div>\n\t\t\t\t\t<\/div>\n\t\t<\/div>\n\t\t\t\t\t\t\t<\/div>\n\t\t<\/section>\n\t\t\t\t<section class=\"elementor-section elementor-top-section elementor-element elementor-element-c74a086 elementor-section-boxed elementor-section-height-default elementor-section-height-default default-style\" data-id=\"c74a086\" data-element_type=\"section\" data-settings=\"{&quot;rt_color_sets&quot;:&quot;default-style&quot;}\">\n\t\t\t\t\t\t<div class=\"elementor-container elementor-column-gap-default\">\n\t\t\t\t\t<div class=\"elementor-column elementor-col-100 elementor-top-column elementor-element elementor-element-83200e9\" data-id=\"83200e9\" data-element_type=\"column\">\n\t\t\t<div class=\"elementor-widget-wrap elementor-element-populated\">\n\t\t\t\t\t\t\t\t<div class=\"elementor-element elementor-element-144340a elementor-widget elementor-widget-spacer\" data-id=\"144340a\" data-element_type=\"widget\" data-widget_type=\"spacer.default\">\n\t\t\t\t<div class=\"elementor-widget-container\">\n\t\t\t\t\t<div class=\"elementor-spacer\">\n\t\t\t<div class=\"elementor-spacer-inner\"><\/div>\n\t\t<\/div>\n\t\t\t\t<\/div>\n\t\t\t\t<\/div>\n\t\t\t\t\t<\/div>\n\t\t<\/div>\n\t\t\t\t\t\t\t<\/div>\n\t\t<\/section>\n\t\t\t\t<section class=\"elementor-section elementor-top-section elementor-element elementor-element-c0ba90a elementor-section-boxed elementor-section-height-default elementor-section-height-default default-style\" data-id=\"c0ba90a\" data-element_type=\"section\" data-settings=\"{&quot;rt_color_sets&quot;:&quot;default-style&quot;}\">\n\t\t\t\t\t\t<div class=\"elementor-container elementor-column-gap-default\">\n\t\t\t\t\t<div class=\"elementor-column elementor-col-100 elementor-top-column elementor-element elementor-element-2c4f89f\" data-id=\"2c4f89f\" data-element_type=\"column\">\n\t\t\t<div class=\"elementor-widget-wrap elementor-element-populated\">\n\t\t\t\t\t\t\t\t<div class=\"elementor-element elementor-element-db3e956 elementor-widget elementor-widget-spacer\" data-id=\"db3e956\" data-element_type=\"widget\" data-widget_type=\"spacer.default\">\n\t\t\t\t<div class=\"elementor-widget-container\">\n\t\t\t\t\t<div class=\"elementor-spacer\">\n\t\t\t<div class=\"elementor-spacer-inner\"><\/div>\n\t\t<\/div>\n\t\t\t\t<\/div>\n\t\t\t\t<\/div>\n\t\t\t\t\t<\/div>\n\t\t<\/div>\n\t\t\t\t\t\t\t<\/div>\n\t\t<\/section>\n\t\t\t\t<section class=\"elementor-section elementor-top-section elementor-element elementor-element-2afb95b elementor-section-boxed elementor-section-height-default elementor-section-height-default default-style\" data-id=\"2afb95b\" data-element_type=\"section\" data-settings=\"{&quot;rt_color_sets&quot;:&quot;default-style&quot;}\">\n\t\t\t\t\t\t<div class=\"elementor-container elementor-column-gap-default\">\n\t\t\t\t\t<div class=\"elementor-column elementor-col-100 elementor-top-column elementor-element elementor-element-ea42117\" data-id=\"ea42117\" data-element_type=\"column\">\n\t\t\t<div class=\"elementor-widget-wrap elementor-element-populated\">\n\t\t\t\t\t\t\t\t<div class=\"elementor-element elementor-element-32f0bde elementor-widget elementor-widget-text-editor\" data-id=\"32f0bde\" data-element_type=\"widget\" data-widget_type=\"text-editor.default\">\n\t\t\t\t<div class=\"elementor-widget-container\">\n\t\t\t\t\t<div class=\"elementor-text-editor elementor-clearfix\"><p>*Forfaits valables 6 mois.<\/p><p>Paiement en 1 ou 2 fois au 1er rendez-vous.<\/p><p>Un rendez-vous non d\u00e9command\u00e9 minimum 48h \u00e0 l&rsquo;avance donnera lieu au r\u00e8glement de la s\u00e9ance ou \u00e0 la d\u00e9duction du forfait.<\/p><\/div>\n\t\t\t\t<\/div>\n\t\t\t\t<\/div>\n\t\t\t\t\t<\/div>\n\t\t<\/div>\n\t\t\t\t\t\t\t<\/div>\n\t\t<\/section>\n\t\t\t\t\t\t<\/div>\n\t\t\t\t\t<\/div>\n\t\t","protected":false},"excerpt":{"rendered":"<p>Massage visc\u00e9ral Chi Nei Tsang \u00a0 Il s&rsquo;agit d&rsquo;un massage chinois, doux et profond de la zone abdominale. Cette manipulation \u00e9nerg\u00e9tique agit directement sur les organes internes \u00e0 travers l&rsquo;abdomen. Elle est particuli\u00e8rement utile pour all\u00e9ger les blocages intestinaux, crampes, n\u0153uds, tissus cicatriciels, douleurs menstruelles, mauvaise circulation sanguine et lymphatique, maux de t\u00eate, douleurs dorsales&#8230; [&hellip;]<\/p>\n","protected":false},"author":1,"featured_media":0,"parent":0,"menu_order":0,"comment_status":"closed","ping_status":"closed","template":"","meta":[],"_links":{"self":[{"href":"https:\/\/www.celiajay.com\/index.php\/wp-json\/wp\/v2\/pages\/4212"}],"collection":[{"href":"https:\/\/www.celiajay.com\/index.php\/wp-json\/wp\/v2\/pages"}],"about":[{"href":"https:\/\/www.celiajay.com\/index.php\/wp-json\/wp\/v2\/types\/page"}],"author":[{"embeddable":true,"href":"https:\/\/www.celiajay.com\/index.php\/wp-json\/wp\/v2\/users\/1"}],"replies":[{"embeddable":true,"href":"https:\/\/www.celiajay.com\/index.php\/wp-json\/wp\/v2\/comments?post=4212"}],"version-history":[{"count":62,"href":"https:\/\/www.celiajay.com\/index.php\/wp-json\/wp\/v2\/pages\/4212\/revisions"}],"predecessor-version":[{"id":5231,"href":"https:\/\/www.celiajay.com\/index.php\/wp-json\/wp\/v2\/pages\/4212\/revisions\/5231"}],"wp:attachment":[{"href":"https:\/\/www.celiajay.com\/index.php\/wp-json\/wp\/v2\/media?parent=4212"}],"curies":[{"name":"wp","href":"https:\/\/api.w.org\/{rel}","templated":true}]}}