{"id":4112,"date":"2022-11-23T10:45:52","date_gmt":"2022-11-23T09:45:52","guid":{"rendered":"https:\/\/www.celiajay.com\/?page_id=4112"},"modified":"2025-08-29T07:53:33","modified_gmt":"2025-08-29T05:53:33","slug":"forfait-global-minceur","status":"publish","type":"page","link":"https:\/\/www.celiajay.com\/index.php\/forfait-global-minceur\/","title":{"rendered":"Forfait Global Minceur"},"content":{"rendered":"\t\t<div data-elementor-type=\"wp-page\" data-elementor-id=\"4112\" class=\"elementor elementor-4112\" data-elementor-settings=\"[]\">\n\t\t\t\t\t\t\t<div class=\"elementor-section-wrap\">\n\t\t\t\t\t\t\t<section class=\"elementor-section elementor-top-section elementor-element elementor-element-39ebe29 elementor-section-boxed elementor-section-height-default elementor-section-height-default default-style\" data-id=\"39ebe29\" data-element_type=\"section\" data-settings=\"{&quot;rt_color_sets&quot;:&quot;default-style&quot;}\">\n\t\t\t\t\t\t<div class=\"elementor-container elementor-column-gap-default\">\n\t\t\t\t\t<div class=\"elementor-column elementor-col-100 elementor-top-column elementor-element elementor-element-6a0bd41\" data-id=\"6a0bd41\" data-element_type=\"column\">\n\t\t\t<div class=\"elementor-widget-wrap elementor-element-populated\">\n\t\t\t\t\t\t\t\t<div class=\"elementor-element elementor-element-079d3ea elementor-widget elementor-widget-spacer\" data-id=\"079d3ea\" data-element_type=\"widget\" data-widget_type=\"spacer.default\">\n\t\t\t\t<div class=\"elementor-widget-container\">\n\t\t\t\t\t<div class=\"elementor-spacer\">\n\t\t\t<div class=\"elementor-spacer-inner\"><\/div>\n\t\t<\/div>\n\t\t\t\t<\/div>\n\t\t\t\t<\/div>\n\t\t\t\t\t<\/div>\n\t\t<\/div>\n\t\t\t\t\t\t\t<\/div>\n\t\t<\/section>\n\t\t\t\t<section class=\"elementor-section elementor-top-section elementor-element elementor-element-4644b57 elementor-section-content-top elementor-section-boxed elementor-section-height-default elementor-section-height-default default-style\" data-id=\"4644b57\" data-element_type=\"section\" data-settings=\"{&quot;rt_color_sets&quot;:&quot;default-style&quot;}\">\n\t\t\t\t\t\t<div class=\"elementor-container elementor-column-gap-default\">\n\t\t\t\t\t<div class=\"elementor-column elementor-col-50 elementor-top-column elementor-element elementor-element-2fe9c31\" data-id=\"2fe9c31\" data-element_type=\"column\" data-settings=\"{&quot;animation&quot;:&quot;none&quot;}\">\n\t\t\t<div class=\"elementor-widget-wrap elementor-element-populated\">\n\t\t\t\t\t\t\t\t<section class=\"elementor-section elementor-inner-section elementor-element elementor-element-77bfddf elementor-section-boxed elementor-section-height-default elementor-section-height-default default-style\" data-id=\"77bfddf\" data-element_type=\"section\" data-settings=\"{&quot;rt_color_sets&quot;:&quot;default-style&quot;}\">\n\t\t\t\t\t\t<div class=\"elementor-container elementor-column-gap-default\">\n\t\t\t\t\t<div class=\"elementor-column elementor-col-100 elementor-inner-column elementor-element elementor-element-f440335\" data-id=\"f440335\" data-element_type=\"column\">\n\t\t\t<div class=\"elementor-widget-wrap elementor-element-populated\">\n\t\t\t\t\t\t\t\t<div class=\"elementor-element elementor-element-3245e56 elementor-widget elementor-widget-rt-heading\" data-id=\"3245e56\" data-element_type=\"widget\" data-widget_type=\"rt-heading.default\">\n\t\t\t\t<div class=\"elementor-widget-container\">\n\t\t\t<div class=\"rt-heading-wrapper style-3 text-tablet-left text-mobile-left\">\n\t\t\t\t\t\t<H4 class=\"   rt-heading style-3\" >Le Forfait Global Minceur<\/H4>\n\t\t\t\t\t<\/div>\t\t<\/div>\n\t\t\t\t<\/div>\n\t\t\t\t<div class=\"elementor-element elementor-element-6d394f5 elementor-widget elementor-widget-text-editor\" data-id=\"6d394f5\" data-element_type=\"widget\" data-widget_type=\"text-editor.default\">\n\t\t\t\t<div class=\"elementor-widget-container\">\n\t\t\t\t\t<div class=\"elementor-text-editor elementor-clearfix\"><p><strong>Une prise en charge globale de la perte de poids pour un effet maximis\u00e9.<\/strong><\/p><p>Le forfait global minceur s\u2019adresse \u00e0 toute personne d\u00e9sireuse de perdre du poids activement.<\/p><p><strong>Forfait 6 s\u00e9ances :<\/strong><\/p><ul><li><strong>1 s\u00e9ance de naturopathie 1h30<\/strong> permettant d\u2019\u00e9tablir un programme d\u2019hygi\u00e8ne vitale le plus adapt\u00e9 \u00e0 votre situation, en fonction de vos troubles et de votre \u00e9nergie. Ce plan d\u2019hygi\u00e8ne de vie personnalis\u00e9 et individualis\u00e9 permettra d\u2019am\u00e9liorer vos habitudes alimentaires, votre gestion du stress, vos \u00e9motions ainsi que votre \u00e9nergie gr\u00e2ce aux diff\u00e9rentes techniques naturopathiques.<\/li><li><strong>1 s\u00e9ance de drainage lymphatique manuel 1h<\/strong> afin de favoriser le nettoyage, la d\u00e9sintoxication et le d\u00e9sengorgement des tissus conjonctifs et des ganglions lymphatiques de tout l&rsquo;organisme (corps et visage).<\/li><li><strong>4 s\u00e9ances de palper-rouler<\/strong> <strong>manuel<\/strong> pour drainer l\u2019accumulation de graisse sous la peau et relancer les \u00e9changes cellulaires afin de favoriser la circulation des graisses. La cellulite, due \u00e0 une accumulation de tissu adipeux sous la surface cutan\u00e9e formant de petites bosses disgracieuses en sera fortement att\u00e9nu\u00e9e.<\/li><\/ul><p><strong>Forfait 10 s\u00e9ances :<\/strong><\/p><ul><li><strong>2 s\u00e9ances de naturopathie<\/strong>. Lors de la <strong>1\u00e8re s\u00e9ance (1h30)<\/strong>, un programme d\u2019hygi\u00e8ne vitale le plus adapt\u00e9 \u00e0 votre situation, en fonction de vos troubles et de votre \u00e9nergie sera \u00e9tabli. Ce plan d\u2019hygi\u00e8ne de vie personnalis\u00e9 et individualis\u00e9 permettra d\u2019am\u00e9liorer vos habitudes alimentaires, votre gestion du stress, vos \u00e9motions, votre \u00e9nergie gr\u00e2ce aux diff\u00e9rentes techniques naturopathiques.\u00a0 \u00a0 \u00a0 La <strong>2\u00e8me s\u00e9ance (1h)<\/strong>, quant elle permettra de faire les r\u00e9ajustements n\u00e9cessaires.<\/li><li><strong>2 s\u00e9ances de drainage lymphatique manuel 1h\/s\u00e9ance<\/strong> afin de favoriser le nettoyage, la d\u00e9sintoxication et le d\u00e9sengorgement des tissus conjonctifs et des ganglions lymphatiques de tout l&rsquo;organisme (corps et visage).\u00a0<\/li><li><strong>6 s\u00e9ances de palper-rouler manuel<\/strong> <strong>1h\/s\u00e9ance<\/strong> pour drainer l\u2019accumulation de graisse sous la peau et relancer les \u00e9changes cellulaires afin de favoriser la circulation des graisses. La cellulite, due \u00e0 une accumulation de tissu adipeux sous la surface cutan\u00e9e formant de petites bosses disgracieuses en sera fortement att\u00e9nu\u00e9e.<\/li><\/ul><p><strong>Le rythme et le nombre des s\u00e9ances<\/strong> varient en fonction de chaque personne, du type de cellulite et des objectifs souhait\u00e9s.<br \/>Il est habituellement recommand\u00e9 de faire 1 s\u00e9ance de naturopathie en d\u00e9but de cure et 1 \u00e0 2 s\u00e9ances par semaine de drainage\/palper-rouler pour un effet optimal..<br \/>Pour le forfait de 10 s\u00e9ances, la 2\u00e8me s\u00e9ance de naturopathie se fera en fin de cure.<\/p><\/div>\n\t\t\t\t<\/div>\n\t\t\t\t<\/div>\n\t\t\t\t<div class=\"elementor-element elementor-element-55c7781 elementor-widget elementor-widget-rt-photo-gallery\" data-id=\"55c7781\" data-element_type=\"widget\" data-widget_type=\"rt-photo-gallery.default\">\n\t\t\t\t<div class=\"elementor-widget-container\">\n\t\t\t\n\t\t\t<div class=\"rt-gallery  grid-gallery\"  >\n\t\t\t\t\t<div class=\"col col-sm-12 col-12\">\n\t\t\t\t\t\t<div class=\"gallery-item-holder\">\n\t\t\t\t\t\t\t<div class=\"image-thumbnail\"><img loading=\"lazy\" src=\"https:\/\/www.celiajay.com\/wp-content\/uploads\/2022\/11\/nourriture-4.png\" alt=\"\" srcset=\"https:\/\/www.celiajay.com\/wp-content\/uploads\/2022\/11\/nourriture-4.png 1080w, https:\/\/www.celiajay.com\/wp-content\/uploads\/2022\/11\/nourriture-4-300x300.png 300w, https:\/\/www.celiajay.com\/wp-content\/uploads\/2022\/11\/nourriture-4-1024x1024.png 1024w, https:\/\/www.celiajay.com\/wp-content\/uploads\/2022\/11\/nourriture-4-150x150.png 150w, https:\/\/www.celiajay.com\/wp-content\/uploads\/2022\/11\/nourriture-4-768x768.png 768w, https:\/\/www.celiajay.com\/wp-content\/uploads\/2022\/11\/nourriture-4-540x540.png 540w, https:\/\/www.celiajay.com\/wp-content\/uploads\/2022\/11\/nourriture-4-915x915.png 915w, https:\/\/www.celiajay.com\/wp-content\/uploads\/2022\/11\/nourriture-4-600x600.png 600w, https:\/\/www.celiajay.com\/wp-content\/uploads\/2022\/11\/nourriture-4-393x393.png 393w, https:\/\/www.celiajay.com\/wp-content\/uploads\/2022\/11\/nourriture-4-290x290.png 290w\" sizes=\"https:\/\/www.celiajay.com\/wp-content\/uploads\/2022\/11\/nourriture-4.png 1080w, https:\/\/www.celiajay.com\/wp-content\/uploads\/2022\/11\/nourriture-4-300x300.png 300w, https:\/\/www.celiajay.com\/wp-content\/uploads\/2022\/11\/nourriture-4-1024x1024.png 1024w, https:\/\/www.celiajay.com\/wp-content\/uploads\/2022\/11\/nourriture-4-150x150.png 150w, https:\/\/www.celiajay.com\/wp-content\/uploads\/2022\/11\/nourriture-4-768x768.png 768w, https:\/\/www.celiajay.com\/wp-content\/uploads\/2022\/11\/nourriture-4-540x540.png 540w, https:\/\/www.celiajay.com\/wp-content\/uploads\/2022\/11\/nourriture-4-915x915.png 915w, https:\/\/www.celiajay.com\/wp-content\/uploads\/2022\/11\/nourriture-4-600x600.png 600w, https:\/\/www.celiajay.com\/wp-content\/uploads\/2022\/11\/nourriture-4-393x393.png 393w, https:\/\/www.celiajay.com\/wp-content\/uploads\/2022\/11\/nourriture-4-290x290.png 290w\" width=\"1080\" height=\"1080\"><\/div>\n\t\t\t\t\t\t<\/div>\n\t\t\t\t\t<\/div><\/div> \n\t\t\t\t<\/div>\n\t\t\t\t<\/div>\n\t\t\t\t\t<\/div>\n\t\t<\/div>\n\t\t\t\t\t\t\t<\/div>\n\t\t<\/section>\n\t\t\t\t\t<\/div>\n\t\t<\/div>\n\t\t\t\t<div class=\"elementor-column elementor-col-25 elementor-top-column elementor-element elementor-element-10fabff\" data-id=\"10fabff\" data-element_type=\"column\">\n\t\t\t<div class=\"elementor-widget-wrap elementor-element-populated\">\n\t\t\t\t\t\t\t\t<div class=\"elementor-element elementor-element-955dcd8 elementor-view-framed rt-custom-style elementor-shape-circle elementor-widget elementor-widget-icon\" data-id=\"955dcd8\" data-element_type=\"widget\" data-widget_type=\"icon.default\">\n\t\t\t\t<div class=\"elementor-widget-container\">\n\t\t\t\t\t<div class=\"elementor-icon-wrapper\">\n\t\t\t<a class=\"elementor-icon elementor-animation-grow\" href=\"\/index.php\/cabinet-mauvezin\/\">\n\t\t\t<i aria-hidden=\"true\" class=\"rt-elementor-icon icon-01_home\"><\/i>\t\t\t<\/a>\n\t\t<\/div>\n\t\t\t\t<\/div>\n\t\t\t\t<\/div>\n\t\t\t\t<div class=\"elementor-element elementor-element-28585d5 elementor-widget elementor-widget-rt-heading\" data-id=\"28585d5\" data-element_type=\"widget\" data-widget_type=\"rt-heading.default\">\n\t\t\t\t<div class=\"elementor-widget-container\">\n\t\t\t<div class=\"rt-heading-wrapper style-3 text-center\">\n\t\t\t\t\t\t<H6 class=\"   rt-heading style-3\" >A Mauvezin (Gers)<\/H6>\n\t\t\t\t\t<\/div>\t\t<\/div>\n\t\t\t\t<\/div>\n\t\t\t\t<div class=\"elementor-element elementor-element-1d9c514 elementor-widget elementor-widget-text-editor\" data-id=\"1d9c514\" data-element_type=\"widget\" data-widget_type=\"text-editor.default\">\n\t\t\t\t<div class=\"elementor-widget-container\">\n\t\t\t\t\t<div class=\"elementor-text-editor elementor-clearfix\"><p>3 rue de la r\u00e9publique 32120 Mauvezin<\/p><p>Lundi &#8211; Jeudi 9h &#8211; 20h<\/p><p>Samedi 9h &#8211; 12h30<\/p><p><strong>390\u20ac le forfait de 6 s\u00e9ances (au lieu de 430\u20ac)*<\/strong><\/p><p><strong>620\u20ac le forfait de 10 s\u00e9ances (au lieu de 710\u20ac)*<\/strong><\/p><p>06.380.390.03<\/p><p>Paiement par ch\u00e8que, esp\u00e8ces ou virement instantan\u00e9<\/p><p>Facture sur demande<\/p><\/div>\n\t\t\t\t<\/div>\n\t\t\t\t<\/div>\n\t\t\t\t<div class=\"elementor-element elementor-element-0c66b45 elementor-widget elementor-widget-html\" data-id=\"0c66b45\" data-element_type=\"widget\" data-widget_type=\"html.default\">\n\t\t\t\t<div class=\"elementor-widget-container\">\n\t\t\t<!-- D\u00e9but de bouton iTiaki -->\r\n<style>\r\n.btn-itiaki { padding:0.8em; color:#ffffff; background:#5a7969; border-radius:0.4em; } \r\n.btn-itiaki:hover { background:#3c5b4b; color:#ffffff; }\r\n<\/style>\r\n<a href=\"https:\/\/rdv.itiaki.com\/celiajay\" title=\"Prendre rendez-vous en ligne\" class=\"btn-itiaki\" target=\"_blank\">Prendre rendez-vous<\/a>\r\n<!-- Fin de bouton iTiaki -->\t\t<\/div>\n\t\t\t\t<\/div>\n\t\t\t\t\t<\/div>\n\t\t<\/div>\n\t\t\t\t<div class=\"elementor-column elementor-col-25 elementor-top-column elementor-element elementor-element-c91a51f\" data-id=\"c91a51f\" data-element_type=\"column\">\n\t\t\t<div class=\"elementor-widget-wrap elementor-element-populated\">\n\t\t\t\t\t\t\t\t<div class=\"elementor-element elementor-element-99988a9 elementor-view-framed rt-custom-style elementor-shape-circle elementor-widget elementor-widget-icon\" data-id=\"99988a9\" data-element_type=\"widget\" data-widget_type=\"icon.default\">\n\t\t\t\t<div class=\"elementor-widget-container\">\n\t\t\t\t\t<div class=\"elementor-icon-wrapper\">\n\t\t\t<a class=\"elementor-icon elementor-animation-grow\" href=\"\/index.php\/cabinet-blagnac\/\">\n\t\t\t<i aria-hidden=\"true\" class=\"rt-elementor-icon icon-01_home\"><\/i>\t\t\t<\/a>\n\t\t<\/div>\n\t\t\t\t<\/div>\n\t\t\t\t<\/div>\n\t\t\t\t<div class=\"elementor-element elementor-element-425dc42 elementor-widget elementor-widget-rt-heading\" data-id=\"425dc42\" data-element_type=\"widget\" data-widget_type=\"rt-heading.default\">\n\t\t\t\t<div class=\"elementor-widget-container\">\n\t\t\t<div class=\"rt-heading-wrapper style-3 text-center\">\n\t\t\t\t\t\t<H6 class=\"   rt-heading style-3\" >A Blagnac<\/H6>\n\t\t\t\t\t<\/div>\t\t<\/div>\n\t\t\t\t<\/div>\n\t\t\t\t<div class=\"elementor-element elementor-element-3683dfd elementor-widget elementor-widget-text-editor\" data-id=\"3683dfd\" data-element_type=\"widget\" data-widget_type=\"text-editor.default\">\n\t\t\t\t<div class=\"elementor-widget-container\">\n\t\t\t\t\t<div class=\"elementor-text-editor elementor-clearfix\"><p>15 route de grenade 31700 Blagnac<\/p><p>Mercredi &#8211; Vendredi<\/p><p>10h &#8211; 20h<\/p><p><strong>390\u20ac le forfait de 6 s\u00e9ances (au lieu de 430\u20ac)*<\/strong><\/p><p><strong>620\u20ac le forfait de 10 s\u00e9ances (au lieu de 710\u20ac)*<\/strong><\/p><p>06.380.390.03<\/p><p>Paiement par ch\u00e8que, esp\u00e8ces ou virement instantan\u00e9<\/p><p>Facture sur demande<\/p><\/div>\n\t\t\t\t<\/div>\n\t\t\t\t<\/div>\n\t\t\t\t<div class=\"elementor-element elementor-element-98452c5 elementor-widget elementor-widget-html\" data-id=\"98452c5\" data-element_type=\"widget\" data-widget_type=\"html.default\">\n\t\t\t\t<div class=\"elementor-widget-container\">\n\t\t\t<!-- D\u00e9but de bouton iTiaki -->\r\n<style>\r\n.btn-itiaki { padding:0.8em; color:#ffffff; background:#5a7969; border-radius:0.4em; } \r\n.btn-itiaki:hover { background:#3c5b4b; color:#ffffff; }\r\n<\/style>\r\n<a href=\"https:\/\/rdv.itiaki.com\/celiajay\" title=\"Prendre rendez-vous en ligne\" class=\"btn-itiaki\" target=\"_blank\">Prendre rendez-vous<\/a>\r\n<!-- Fin de bouton iTiaki -->\t\t<\/div>\n\t\t\t\t<\/div>\n\t\t\t\t\t<\/div>\n\t\t<\/div>\n\t\t\t\t\t\t\t<\/div>\n\t\t<\/section>\n\t\t\t\t<section class=\"elementor-section elementor-top-section elementor-element elementor-element-c64d2e9 elementor-section-boxed elementor-section-height-default elementor-section-height-default default-style\" data-id=\"c64d2e9\" data-element_type=\"section\" data-settings=\"{&quot;rt_color_sets&quot;:&quot;default-style&quot;}\">\n\t\t\t\t\t\t<div class=\"elementor-container elementor-column-gap-default\">\n\t\t\t\t\t<div class=\"elementor-column elementor-col-100 elementor-top-column elementor-element elementor-element-c8cdced\" data-id=\"c8cdced\" data-element_type=\"column\">\n\t\t\t<div class=\"elementor-widget-wrap elementor-element-populated\">\n\t\t\t\t\t\t\t\t<div class=\"elementor-element elementor-element-18cdc82 elementor-widget elementor-widget-text-editor\" data-id=\"18cdc82\" data-element_type=\"widget\" data-widget_type=\"text-editor.default\">\n\t\t\t\t<div class=\"elementor-widget-container\">\n\t\t\t\t\t<div class=\"elementor-text-editor elementor-clearfix\"><p>*Forfaits valables 6 mois.<\/p><p>Paiement en 1 ou 2 fois au 1er rendez-vous.<\/p><p>Un rendez-vous non d\u00e9command\u00e9 minimum 48h \u00e0 l&rsquo;avance donnera lieu au r\u00e8glement de la s\u00e9ance ou \u00e0 la d\u00e9duction du forfait.<\/p><\/div>\n\t\t\t\t<\/div>\n\t\t\t\t<\/div>\n\t\t\t\t\t<\/div>\n\t\t<\/div>\n\t\t\t\t\t\t\t<\/div>\n\t\t<\/section>\n\t\t\t\t\t\t<\/div>\n\t\t\t\t\t<\/div>\n\t\t","protected":false},"excerpt":{"rendered":"<p>Le Forfait Global Minceur Une prise en charge globale de la perte de poids pour un effet maximis\u00e9. Le forfait global minceur s\u2019adresse \u00e0 toute personne d\u00e9sireuse de perdre du poids activement. Forfait 6 s\u00e9ances : 1 s\u00e9ance de naturopathie 1h30 permettant d\u2019\u00e9tablir un programme d\u2019hygi\u00e8ne vitale le plus adapt\u00e9 \u00e0 votre situation, en fonction [&hellip;]<\/p>\n","protected":false},"author":1,"featured_media":0,"parent":0,"menu_order":0,"comment_status":"closed","ping_status":"closed","template":"","meta":[],"_links":{"self":[{"href":"https:\/\/www.celiajay.com\/index.php\/wp-json\/wp\/v2\/pages\/4112"}],"collection":[{"href":"https:\/\/www.celiajay.com\/index.php\/wp-json\/wp\/v2\/pages"}],"about":[{"href":"https:\/\/www.celiajay.com\/index.php\/wp-json\/wp\/v2\/types\/page"}],"author":[{"embeddable":true,"href":"https:\/\/www.celiajay.com\/index.php\/wp-json\/wp\/v2\/users\/1"}],"replies":[{"embeddable":true,"href":"https:\/\/www.celiajay.com\/index.php\/wp-json\/wp\/v2\/comments?post=4112"}],"version-history":[{"count":62,"href":"https:\/\/www.celiajay.com\/index.php\/wp-json\/wp\/v2\/pages\/4112\/revisions"}],"predecessor-version":[{"id":5249,"href":"https:\/\/www.celiajay.com\/index.php\/wp-json\/wp\/v2\/pages\/4112\/revisions\/5249"}],"wp:attachment":[{"href":"https:\/\/www.celiajay.com\/index.php\/wp-json\/wp\/v2\/media?parent=4112"}],"curies":[{"name":"wp","href":"https:\/\/api.w.org\/{rel}","templated":true}]}}