{"id":3982,"date":"2022-07-07T18:24:27","date_gmt":"2022-07-07T16:24:27","guid":{"rendered":"https:\/\/www.celiajay.com\/?page_id=3982"},"modified":"2025-08-29T07:59:13","modified_gmt":"2025-08-29T05:59:13","slug":"slug-chi-nei-tsang","status":"publish","type":"page","link":"https:\/\/www.celiajay.com\/index.php\/slug-chi-nei-tsang\/","title":{"rendered":"Chi Nei Tsang d\u00e9tails"},"content":{"rendered":"\t\t<div data-elementor-type=\"wp-page\" data-elementor-id=\"3982\" class=\"elementor elementor-3982\" data-elementor-settings=\"[]\">\n\t\t\t\t\t\t\t<div class=\"elementor-section-wrap\">\n\t\t\t\t\t\t\t<section class=\"elementor-section elementor-top-section elementor-element elementor-element-86cbcc5 elementor-section-boxed elementor-section-height-default elementor-section-height-default default-style\" data-id=\"86cbcc5\" data-element_type=\"section\" data-settings=\"{&quot;rt_color_sets&quot;:&quot;default-style&quot;}\">\n\t\t\t\t\t\t<div class=\"elementor-container elementor-column-gap-default\">\n\t\t\t\t\t<div class=\"elementor-column elementor-col-100 elementor-top-column elementor-element elementor-element-5cfd68c\" data-id=\"5cfd68c\" data-element_type=\"column\">\n\t\t\t<div class=\"elementor-widget-wrap elementor-element-populated\">\n\t\t\t\t\t\t\t\t<div class=\"elementor-element elementor-element-63daad7 elementor-widget elementor-widget-spacer\" data-id=\"63daad7\" data-element_type=\"widget\" data-widget_type=\"spacer.default\">\n\t\t\t\t<div class=\"elementor-widget-container\">\n\t\t\t\t\t<div class=\"elementor-spacer\">\n\t\t\t<div class=\"elementor-spacer-inner\"><\/div>\n\t\t<\/div>\n\t\t\t\t<\/div>\n\t\t\t\t<\/div>\n\t\t\t\t\t<\/div>\n\t\t<\/div>\n\t\t\t\t\t\t\t<\/div>\n\t\t<\/section>\n\t\t\t\t<section class=\"elementor-section elementor-top-section elementor-element elementor-element-88f9f9e elementor-section-content-middle elementor-section-boxed elementor-section-height-default elementor-section-height-default default-style\" data-id=\"88f9f9e\" data-element_type=\"section\" data-settings=\"{&quot;animation&quot;:&quot;none&quot;,&quot;rt_color_sets&quot;:&quot;default-style&quot;}\">\n\t\t\t\t\t\t<div class=\"elementor-container elementor-column-gap-default\">\n\t\t\t\t\t<div class=\"elementor-column elementor-col-100 elementor-top-column elementor-element elementor-element-225f800 elementor-invisible\" data-id=\"225f800\" data-element_type=\"column\" data-settings=\"{&quot;animation&quot;:&quot;fadeInLeft&quot;}\">\n\t\t\t<div class=\"elementor-widget-wrap elementor-element-populated\">\n\t\t\t\t\t\t\t\t<section class=\"elementor-section elementor-inner-section elementor-element elementor-element-3a679f2 elementor-section-boxed elementor-section-height-default elementor-section-height-default default-style\" data-id=\"3a679f2\" data-element_type=\"section\" data-settings=\"{&quot;rt_color_sets&quot;:&quot;default-style&quot;}\">\n\t\t\t\t\t\t<div class=\"elementor-container elementor-column-gap-default\">\n\t\t\t\t\t<div class=\"elementor-column elementor-col-100 elementor-inner-column elementor-element elementor-element-8be1532\" data-id=\"8be1532\" data-element_type=\"column\">\n\t\t\t<div class=\"elementor-widget-wrap elementor-element-populated\">\n\t\t\t\t\t\t\t\t<div class=\"elementor-element elementor-element-c5bdb4e elementor-widget elementor-widget-rt-heading\" data-id=\"c5bdb4e\" data-element_type=\"widget\" data-widget_type=\"rt-heading.default\">\n\t\t\t\t<div class=\"elementor-widget-container\">\n\t\t\t<div class=\"rt-heading-wrapper style-3 text-tablet-left text-mobile-left\">\n\t\t\t\t\t\t<H4 class=\"   rt-heading style-3\" >Massage visc\u00e9ral Chi Nei Tsang <\/H4>\n\t\t\t\t\t<\/div>\t\t<\/div>\n\t\t\t\t<\/div>\n\t\t\t\t<div class=\"elementor-element elementor-element-7ca2226 elementor-widget elementor-widget-text-editor\" data-id=\"7ca2226\" data-element_type=\"widget\" data-widget_type=\"text-editor.default\">\n\t\t\t\t<div class=\"elementor-widget-container\">\n\t\t\t\t\t<div class=\"elementor-text-editor elementor-clearfix\"><p><strong>Qu\u2019est-ce que le massage du ventre Chi Nei Tsang ?<\/strong><\/p><p><strong>CHI<\/strong> : \u00e9nergie <br \/><strong>NEI TSANG<\/strong> : organes internes, visc\u00e8res<\/p><p>Le massage Chi Nei Tsang ou <strong>massage visc\u00e9ral<\/strong>, est une technique ancestrale utilis\u00e9e par les moines tao\u00efstes de la Chine ancienne.<br \/>C\u2019est un <strong>massage holistique, doux et profond du ventre et des organes internes<\/strong> (intestins, foie, rate, pancr\u00e9as, estomac\u2026) vise \u00e0 <strong>d\u00e9toxiquer et \u00e0 fortifier l\u2019organisme pour qu\u2019il maintienne un niveau d\u2019\u00e9nergie optimal.<\/strong><\/p><p>Dans la m\u00e9decine traditionnelle chinoise, <strong>le ventre est consid\u00e9r\u00e9 comme le second cerveau<\/strong>. Les tao\u00efstes en particulier le d\u00e9signent comme le <strong>si\u00e8ge des \u00e9motions<\/strong>. Ils ont remarqu\u00e9 que l\u2019obstruction des organes internes se manifestant par des n\u0153uds dans l\u2019abdomen \u00e9taient tr\u00e8s r\u00e9pandues. Ces obstructions se produisant au centre des fonctions vitales de l\u2019organisme, entravent la <strong>circulation de l\u2019\u00e9nergie vitale appel\u00e9e aussi Chi ou Qi<\/strong>.<\/p><p>Les \u00e9motions n\u00e9gatives comme l\u2019anxi\u00e9t\u00e9, la peur ou encore la col\u00e8re bloquent cette circulation d\u2019\u00e9nergie au sein de notre organisme et se logent dans les organes sp\u00e9cifiques, situ\u00e9s au niveau de notre abdomen, ce qui fait que <strong>chaque \u00e9motion est reli\u00e9e \u00e0 un ou plusieurs organes<\/strong>.<\/p><p><strong>Foie \/ V\u00e9sicule biliaire :<\/strong> col\u00e8re\u00a0<br \/><strong>C\u0153ur \/ Intestin gr\u00eale :<\/strong> haine \/ impatience<br \/><strong>Rate \/ Pancr\u00e9as :<\/strong> soucis \/ anxi\u00e9t\u00e9<br \/><strong>Poumons \/ C\u00f4lon :<\/strong> tristesse \/ d\u00e9pression<br \/><strong>Reins \/ Vessie :<\/strong> peur\u00a0<\/p><p>L\u2019alimentation, le stress, les traitements m\u00e9dicamenteux, les toxines, les accidents ou encore les op\u00e9rations chirurgicales engendrent \u00e9galement des probl\u00e8mes.<\/p><p>Le massage Chi Nei Tsang, par des <strong>pressions souples et profondes, appliqu\u00e9es directement sur les organes ou sur des points r\u00e9flexes<\/strong>, permet de <strong>d\u00e9toxifier l\u2019organisme et d\u2019\u00e9liminer les diff\u00e9rents blocages<\/strong> accumul\u00e9s dans les syst\u00e8mes circulatoires. Cette phase de d\u00e9toxification permet aux \u00e9motions prisonni\u00e8res de se lib\u00e9rer et de <strong>favoriser une circulation plus harmonieuse des \u00e9nergies<\/strong> \u00e0 travers le corps.<br \/>Ce massage visc\u00e9ral, par son toucher attentif et bienveillant, r\u00e9unit 3 approches :<\/p><p>\u2022 <strong>L\u2019approche m\u00e9tabolique :<\/strong> respiration, digestion, \u00e9limination<br \/>\u2022 <strong>L\u2019approche structurelle :<\/strong> alignement des organes et mobilit\u00e9<br \/>\u2022 <strong>L\u2019approche \u00e9motionnelle :<\/strong> \u00e9motions cach\u00e9es, blocages, spasmes<\/p><p>Vous ressentirez ainsi un <strong>mieux-\u00eatre physique et mental<\/strong>.<\/p><p><img loading=\"lazy\" class=\"size-medium wp-image-4013 aligncenter\" src=\"https:\/\/www.celiajay.com\/wp-content\/uploads\/2022\/07\/cycle-energie-negative-273x300.png\" alt=\"\" width=\"273\" height=\"300\" srcset=\"https:\/\/www.celiajay.com\/wp-content\/uploads\/2022\/07\/cycle-energie-negative-273x300.png 273w, https:\/\/www.celiajay.com\/wp-content\/uploads\/2022\/07\/cycle-energie-negative-316x347.png 316w, https:\/\/www.celiajay.com\/wp-content\/uploads\/2022\/07\/cycle-energie-negative-600x659.png 600w, https:\/\/www.celiajay.com\/wp-content\/uploads\/2022\/07\/cycle-energie-negative-393x431.png 393w, https:\/\/www.celiajay.com\/wp-content\/uploads\/2022\/07\/cycle-energie-negative-290x318.png 290w, https:\/\/www.celiajay.com\/wp-content\/uploads\/2022\/07\/cycle-energie-negative.png 633w\" sizes=\"(max-width: 273px) 100vw, 273px\" \/><\/p><p><strong>Comment se d\u00e9roule une s\u00e9ance de massage du ventre Chi Nei Tsang ?<\/strong><\/p><p>Apr\u00e8s un temps d\u2019<strong>\u00e9coute d\u2019une vingtaine de minutes, me permettant de faire le point sur la raison de votre visite<\/strong> et de vos probl\u00e9matiques, vous vous installerez confortablement sur la table de massage.<br \/>Je d\u00e9buterai la s\u00e9ance en \u00e9tablissant le contact avec l\u2019ensemble de votre corps puis de votre abdomen par le biais de la <strong>respiration<\/strong>.<br \/>Par un toucher subtil, bienveillant et rassurant, <strong>j\u2019accompagnerai votre corps et votre abdomen dans son rel\u00e2chement<\/strong> pour me permettre d\u2019exercer diff\u00e9rentes man\u0153uvres du massage Chi Nei Tsang (<strong>bercements, micro-\u00e9tirements, douces et profondes pressions<\/strong>). Je travaillerai directement sur les organes, mais aussi leurs zones r\u00e9flexes pour avoir un meilleur r\u00e9sultat.<br \/>La s\u00e9ance se terminera par des manipulations ayant pour but de <strong>favoriser l\u2019\u00e9limination des toxines en douceur et de r\u00e9partir l\u2019\u00e9nergie<\/strong> dans votre corps.<br \/>A l\u2019issue de la s\u00e9ance, je vous laisserai reprendre tranquillement vos esprits et vous proposerai, si vous le souhaitez, une boisson chaude ou froide.<\/p><p><img loading=\"lazy\" class=\"alignnone size-medium wp-image-4014 aligncenter\" src=\"https:\/\/www.celiajay.com\/wp-content\/uploads\/2022\/07\/carte-reflexe-CNT-300x200.png\" alt=\"\" width=\"300\" height=\"200\" srcset=\"https:\/\/www.celiajay.com\/wp-content\/uploads\/2022\/07\/carte-reflexe-CNT-300x200.png 300w, https:\/\/www.celiajay.com\/wp-content\/uploads\/2022\/07\/carte-reflexe-CNT-210x140.png 210w, https:\/\/www.celiajay.com\/wp-content\/uploads\/2022\/07\/carte-reflexe-CNT-393x262.png 393w, https:\/\/www.celiajay.com\/wp-content\/uploads\/2022\/07\/carte-reflexe-CNT-290x193.png 290w, https:\/\/www.celiajay.com\/wp-content\/uploads\/2022\/07\/carte-reflexe-CNT.png 420w\" sizes=\"(max-width: 300px) 100vw, 300px\" \/><\/p><p><strong>Principaux bienfaits du massage du ventre Chi Nei Tsang<\/strong><\/p><p>\u2022 D\u00e9toxification de l&rsquo;organisme<br \/>\u2022 Renforcement de l&rsquo;immunit\u00e9<br \/>\u2022 Harmonisation et des \u00e9motions<br \/>\u2022 R\u00e9duction du stress et de l&rsquo;anxi\u00e9t\u00e9<br \/>\u2022 Lutte contre la fatigue g\u00e9n\u00e9rale et chronique<br \/>\u2022 Stimulation du syst\u00e8me circulatoire et lymphatique<br \/>\u2022 Soulagement des troubles intestinaux<br \/>\u2022 Am\u00e9lioration du transit intestinal<br \/>\u2022 Lib\u00e9ration du diaphragme et des tensions<br \/>\u2022 Soulagement des douleurs chroniques<br \/>\u2022 Elimination des contractures du dos, du cou, des \u00e9paules<br \/>\u2022 Am\u00e9lioration de la respiration<br \/>\u2022 R\u00e9\u00e9quilibrage des \u00e9nergies<br \/>\u2022 Optimisation des r\u00e9sultats d\u2019autres soins m\u00e9dicaux<\/p><p><strong>Contre-indications pour le massage du ventre Chi Nei Tsang<\/strong><\/p><p>\u2022 Phl\u00e9bite \/ Thrombose<br \/>\u2022 Port de pacemaker<br \/>\u2022 Cancer (demandez un accord \u00e9crit du m\u00e9decin)<br \/>\u2022 Maladies infectieuses<br \/>\u2022 Grossesse<\/p><p><strong>A quelle fr\u00e9quence recevoir des s\u00e9ances de massages du ventre Chi Nei Tsang?<\/strong><\/p><p>Le rythme et le nombre des s\u00e9ances est fonction de l\u2019anciennet\u00e9 du d\u00e9s\u00e9quilibre, de sa nature et de la r\u00e9action aux s\u00e9ances.<br \/>Il est habituellement recommand\u00e9 d&rsquo;espacer les s\u00e9ances de 3 \u00e0 4 semaines.<\/p><\/div>\n\t\t\t\t<\/div>\n\t\t\t\t<\/div>\n\t\t\t\t<div class=\"elementor-element elementor-element-64428bb elementor-widget elementor-widget-rt-photo-gallery\" data-id=\"64428bb\" data-element_type=\"widget\" data-widget_type=\"rt-photo-gallery.default\">\n\t\t\t\t<div class=\"elementor-widget-container\">\n\t\t\t\n\t\t\t<div class=\"rt-gallery  grid-gallery\"  ><div class=\"row\">\n\n\t\t\t\t\t<div class=\"col col-sm-3 col-12\">\n\t\t\t\t\t\t<div class=\"gallery-item-holder\">\n\t\t\t\t\t\t\t<div class=\"image-thumbnail\"><img loading=\"lazy\" src=\"https:\/\/www.celiajay.com\/wp-content\/uploads\/2022\/07\/image-1-300x220.jpg\" alt=\"\" width=\"300\" height=\"220\"><\/div>\n\t\t\t\t\t\t<\/div>\n\t\t\t\t\t<\/div>\n\t\t\t\t\t<div class=\"col col-sm-3 col-12\">\n\t\t\t\t\t\t<div class=\"gallery-item-holder\">\n\t\t\t\t\t\t\t<div class=\"image-thumbnail\"><img loading=\"lazy\" src=\"https:\/\/www.celiajay.com\/wp-content\/uploads\/2022\/07\/4-300x220.jpg\" alt=\"\" width=\"300\" height=\"220\"><\/div>\n\t\t\t\t\t\t<\/div>\n\t\t\t\t\t<\/div>\n\t\t\t\t\t<div class=\"col col-sm-3 col-12\">\n\t\t\t\t\t\t<div class=\"gallery-item-holder\">\n\t\t\t\t\t\t\t<div class=\"image-thumbnail\"><img loading=\"lazy\" src=\"https:\/\/www.celiajay.com\/wp-content\/uploads\/2022\/07\/3-300x220.jpg\" alt=\"\" width=\"300\" height=\"220\"><\/div>\n\t\t\t\t\t\t<\/div>\n\t\t\t\t\t<\/div>\n\t\t\t\t\t<div class=\"col col-sm-3 col-12\">\n\t\t\t\t\t\t<div class=\"gallery-item-holder\">\n\t\t\t\t\t\t\t<div class=\"image-thumbnail\"><img loading=\"lazy\" src=\"https:\/\/www.celiajay.com\/wp-content\/uploads\/2022\/07\/7-300x220.jpg\" alt=\"\" width=\"300\" height=\"220\"><\/div>\n\t\t\t\t\t\t<\/div>\n\t\t\t\t\t<\/div><\/div>\n<\/div> \n\t\t\t\t<\/div>\n\t\t\t\t<\/div>\n\t\t\t\t\t<\/div>\n\t\t<\/div>\n\t\t\t\t\t\t\t<\/div>\n\t\t<\/section>\n\t\t\t\t\t<\/div>\n\t\t<\/div>\n\t\t\t\t\t\t\t<\/div>\n\t\t<\/section>\n\t\t\t\t<section class=\"elementor-section elementor-top-section elementor-element elementor-element-6f5ff23 elementor-section-content-top elementor-section-boxed elementor-section-height-default elementor-section-height-default default-style\" data-id=\"6f5ff23\" data-element_type=\"section\" data-settings=\"{&quot;rt_color_sets&quot;:&quot;default-style&quot;}\">\n\t\t\t\t\t\t<div class=\"elementor-container elementor-column-gap-default\">\n\t\t\t\t\t<div class=\"elementor-column elementor-col-50 elementor-top-column elementor-element elementor-element-26e857d\" data-id=\"26e857d\" data-element_type=\"column\">\n\t\t\t<div class=\"elementor-widget-wrap elementor-element-populated\">\n\t\t\t\t\t\t\t\t<div class=\"elementor-element elementor-element-f429e17 elementor-view-framed rt-custom-style elementor-shape-circle elementor-widget elementor-widget-icon\" data-id=\"f429e17\" data-element_type=\"widget\" data-widget_type=\"icon.default\">\n\t\t\t\t<div class=\"elementor-widget-container\">\n\t\t\t\t\t<div class=\"elementor-icon-wrapper\">\n\t\t\t<a class=\"elementor-icon elementor-animation-grow\" href=\"\/index.php\/cabinet-mauvezin\/\">\n\t\t\t<i aria-hidden=\"true\" class=\"rt-elementor-icon icon-01_home\"><\/i>\t\t\t<\/a>\n\t\t<\/div>\n\t\t\t\t<\/div>\n\t\t\t\t<\/div>\n\t\t\t\t<div class=\"elementor-element elementor-element-b98a2ad elementor-widget elementor-widget-rt-heading\" data-id=\"b98a2ad\" data-element_type=\"widget\" data-widget_type=\"rt-heading.default\">\n\t\t\t\t<div class=\"elementor-widget-container\">\n\t\t\t<div class=\"rt-heading-wrapper style-3 text-center\">\n\t\t\t\t\t\t<H6 class=\"   rt-heading style-3\" >A Mauvezin (Gers)<\/H6>\n\t\t\t\t\t<\/div>\t\t<\/div>\n\t\t\t\t<\/div>\n\t\t\t\t<div class=\"elementor-element elementor-element-ba9629e elementor-widget elementor-widget-text-editor\" data-id=\"ba9629e\" data-element_type=\"widget\" data-widget_type=\"text-editor.default\">\n\t\t\t\t<div class=\"elementor-widget-container\">\n\t\t\t\t\t<div class=\"elementor-text-editor elementor-clearfix\"><p>3 rue de la r\u00e9publique 32120 Mauvezin<\/p><p>Lundi &#8211; Jeudi 14h &#8211; 20h<\/p><p>Samedi 9h &#8211; 14h<\/p><p><strong>80\u20ac la s\u00e9ance<\/strong><\/p><p><strong>360\u20ac le forfait de 5 s\u00e9ances*<\/strong><\/p><p>06.380.390.03<\/p><p>Paiement par ch\u00e8que, esp\u00e8ces ou virement instantan\u00e9<\/p><p>Facture sur demande<\/p><\/div>\n\t\t\t\t<\/div>\n\t\t\t\t<\/div>\n\t\t\t\t<div class=\"elementor-element elementor-element-76b7241 elementor-widget elementor-widget-html\" data-id=\"76b7241\" data-element_type=\"widget\" data-widget_type=\"html.default\">\n\t\t\t\t<div class=\"elementor-widget-container\">\n\t\t\t<!-- D\u00e9but de bouton iTiaki -->\r\n<style>\r\n.btn-itiaki { padding:0.8em; color:#ffffff; background:#5a7969; border-radius:0.4em; } \r\n.btn-itiaki:hover { background:#3c5b4b; color:#ffffff; }\r\n<\/style>\r\n<a href=\"https:\/\/rdv.itiaki.com\/celiajay\" title=\"Prendre rendez-vous en ligne\" class=\"btn-itiaki\" target=\"_blank\">Prendre rendez-vous<\/a>\r\n<!-- Fin de bouton iTiaki -->\t\t<\/div>\n\t\t\t\t<\/div>\n\t\t\t\t\t<\/div>\n\t\t<\/div>\n\t\t\t\t<div class=\"elementor-column elementor-col-50 elementor-top-column elementor-element elementor-element-153fd02\" data-id=\"153fd02\" data-element_type=\"column\">\n\t\t\t<div class=\"elementor-widget-wrap elementor-element-populated\">\n\t\t\t\t\t\t\t\t<div class=\"elementor-element elementor-element-d60846f elementor-view-framed rt-custom-style elementor-shape-circle elementor-widget elementor-widget-icon\" data-id=\"d60846f\" data-element_type=\"widget\" data-widget_type=\"icon.default\">\n\t\t\t\t<div class=\"elementor-widget-container\">\n\t\t\t\t\t<div class=\"elementor-icon-wrapper\">\n\t\t\t<a class=\"elementor-icon elementor-animation-grow\" href=\"\/index.php\/cabinet-blagnac\/\">\n\t\t\t<i aria-hidden=\"true\" class=\"rt-elementor-icon icon-01_home\"><\/i>\t\t\t<\/a>\n\t\t<\/div>\n\t\t\t\t<\/div>\n\t\t\t\t<\/div>\n\t\t\t\t<div class=\"elementor-element elementor-element-117299a elementor-widget elementor-widget-rt-heading\" data-id=\"117299a\" data-element_type=\"widget\" data-widget_type=\"rt-heading.default\">\n\t\t\t\t<div class=\"elementor-widget-container\">\n\t\t\t<div class=\"rt-heading-wrapper style-3 text-center\">\n\t\t\t\t\t\t<H6 class=\"   rt-heading style-3\" >A Blagnac<\/H6>\n\t\t\t\t\t<\/div>\t\t<\/div>\n\t\t\t\t<\/div>\n\t\t\t\t<div class=\"elementor-element elementor-element-e9ac525 elementor-widget elementor-widget-text-editor\" data-id=\"e9ac525\" data-element_type=\"widget\" data-widget_type=\"text-editor.default\">\n\t\t\t\t<div class=\"elementor-widget-container\">\n\t\t\t\t\t<div class=\"elementor-text-editor elementor-clearfix\"><p style=\"text-align: center;\">15 route de grenade 31700 Blagnac<\/p><p style=\"text-align: center;\">Mercredi &#8211; Vendredi<\/p><p style=\"text-align: center;\">10h &#8211; 20h<\/p><p style=\"text-align: center;\"><strong>80\u20ac la s\u00e9ance<\/strong><\/p><p style=\"text-align: center;\"><strong>360\u20ac le forfait de 5 s\u00e9ances*<\/strong><\/p><p style=\"text-align: center;\">06.380.390.03<\/p><p style=\"text-align: center;\">Paiement par ch\u00e8que, esp\u00e8ces ou virement instantan\u00e9<\/p><p style=\"text-align: center;\">Facture sur demande<\/p><\/div>\n\t\t\t\t<\/div>\n\t\t\t\t<\/div>\n\t\t\t\t<div class=\"elementor-element elementor-element-221ba5a elementor-widget elementor-widget-html\" data-id=\"221ba5a\" data-element_type=\"widget\" data-widget_type=\"html.default\">\n\t\t\t\t<div class=\"elementor-widget-container\">\n\t\t\t<!-- D\u00e9but de bouton iTiaki -->\r\n<style>\r\n.btn-itiaki { padding:0.8em; color:#ffffff; background:#5a7969; border-radius:0.4em; } \r\n.btn-itiaki:hover { background:#3c5b4b; color:#ffffff; }\r\n<\/style>\r\n<a href=\"https:\/\/rdv.itiaki.com\/celiajay\" title=\"Prendre rendez-vous en ligne\" class=\"btn-itiaki\" target=\"_blank\">Prendre rendez-vous<\/a>\r\n<!-- Fin de bouton iTiaki -->\t\t<\/div>\n\t\t\t\t<\/div>\n\t\t\t\t\t<\/div>\n\t\t<\/div>\n\t\t\t\t\t\t\t<\/div>\n\t\t<\/section>\n\t\t\t\t<section class=\"elementor-section elementor-top-section elementor-element elementor-element-68daecc elementor-section-boxed elementor-section-height-default elementor-section-height-default default-style\" data-id=\"68daecc\" data-element_type=\"section\" data-settings=\"{&quot;rt_color_sets&quot;:&quot;default-style&quot;}\">\n\t\t\t\t\t\t<div class=\"elementor-container elementor-column-gap-default\">\n\t\t\t\t\t<div class=\"elementor-column elementor-col-100 elementor-top-column elementor-element elementor-element-a1e88c9\" data-id=\"a1e88c9\" data-element_type=\"column\">\n\t\t\t<div class=\"elementor-widget-wrap elementor-element-populated\">\n\t\t\t\t\t\t\t\t<div class=\"elementor-element elementor-element-8407d89 elementor-widget elementor-widget-text-editor\" data-id=\"8407d89\" data-element_type=\"widget\" data-widget_type=\"text-editor.default\">\n\t\t\t\t<div class=\"elementor-widget-container\">\n\t\t\t\t\t<div class=\"elementor-text-editor elementor-clearfix\"><p>*Forfaits valables 6 mois.<\/p><p>Paiement en 1 ou 2 fois au 1er rendez-vous.<\/p><p>Un rendez-vous non d\u00e9command\u00e9 minimum 48h \u00e0 l&rsquo;avance donnera lieu au r\u00e8glement de la s\u00e9ance ou \u00e0 la d\u00e9duction du forfait.<\/p><\/div>\n\t\t\t\t<\/div>\n\t\t\t\t<\/div>\n\t\t\t\t\t<\/div>\n\t\t<\/div>\n\t\t\t\t\t\t\t<\/div>\n\t\t<\/section>\n\t\t\t\t\t\t<\/div>\n\t\t\t\t\t<\/div>\n\t\t","protected":false},"excerpt":{"rendered":"<p>Massage visc\u00e9ral Chi Nei Tsang Qu\u2019est-ce que le massage du ventre Chi Nei Tsang ? CHI : \u00e9nergie NEI TSANG : organes internes, visc\u00e8res Le massage Chi Nei Tsang ou massage visc\u00e9ral, est une technique ancestrale utilis\u00e9e par les moines tao\u00efstes de la Chine ancienne.C\u2019est un massage holistique, doux et profond du ventre et des [&hellip;]<\/p>\n","protected":false},"author":1,"featured_media":0,"parent":0,"menu_order":0,"comment_status":"closed","ping_status":"closed","template":"","meta":[],"_links":{"self":[{"href":"https:\/\/www.celiajay.com\/index.php\/wp-json\/wp\/v2\/pages\/3982"}],"collection":[{"href":"https:\/\/www.celiajay.com\/index.php\/wp-json\/wp\/v2\/pages"}],"about":[{"href":"https:\/\/www.celiajay.com\/index.php\/wp-json\/wp\/v2\/types\/page"}],"author":[{"embeddable":true,"href":"https:\/\/www.celiajay.com\/index.php\/wp-json\/wp\/v2\/users\/1"}],"replies":[{"embeddable":true,"href":"https:\/\/www.celiajay.com\/index.php\/wp-json\/wp\/v2\/comments?post=3982"}],"version-history":[{"count":56,"href":"https:\/\/www.celiajay.com\/index.php\/wp-json\/wp\/v2\/pages\/3982\/revisions"}],"predecessor-version":[{"id":5258,"href":"https:\/\/www.celiajay.com\/index.php\/wp-json\/wp\/v2\/pages\/3982\/revisions\/5258"}],"wp:attachment":[{"href":"https:\/\/www.celiajay.com\/index.php\/wp-json\/wp\/v2\/media?parent=3982"}],"curies":[{"name":"wp","href":"https:\/\/api.w.org\/{rel}","templated":true}]}}