{"id":3521,"date":"2021-04-23T18:18:00","date_gmt":"2021-04-23T16:18:00","guid":{"rendered":"http:\/\/www.celiajay.com\/?page_id=3521"},"modified":"2021-04-23T19:34:27","modified_gmt":"2021-04-23T17:34:27","slug":"charte-omnes","status":"publish","type":"page","link":"https:\/\/www.celiajay.com\/index.php\/charte-omnes\/","title":{"rendered":"Charte OMNES"},"content":{"rendered":"\t\t<div data-elementor-type=\"wp-page\" data-elementor-id=\"3521\" class=\"elementor elementor-3521\" data-elementor-settings=\"[]\">\n\t\t\t\t\t\t\t<div class=\"elementor-section-wrap\">\n\t\t\t\t\t\t\t<section class=\"elementor-section elementor-top-section elementor-element elementor-element-62f992f elementor-section-boxed elementor-section-height-default elementor-section-height-default default-style\" data-id=\"62f992f\" data-element_type=\"section\" data-settings=\"{&quot;rt_color_sets&quot;:&quot;default-style&quot;}\">\n\t\t\t\t\t\t<div class=\"elementor-container elementor-column-gap-default\">\n\t\t\t\t\t<div class=\"elementor-column elementor-col-100 elementor-top-column elementor-element elementor-element-d80e036\" data-id=\"d80e036\" data-element_type=\"column\">\n\t\t\t<div class=\"elementor-widget-wrap elementor-element-populated\">\n\t\t\t\t\t\t\t\t<div class=\"elementor-element elementor-element-a3c5f43 elementor-widget elementor-widget-spacer\" data-id=\"a3c5f43\" data-element_type=\"widget\" data-widget_type=\"spacer.default\">\n\t\t\t\t<div class=\"elementor-widget-container\">\n\t\t\t\t\t<div class=\"elementor-spacer\">\n\t\t\t<div class=\"elementor-spacer-inner\"><\/div>\n\t\t<\/div>\n\t\t\t\t<\/div>\n\t\t\t\t<\/div>\n\t\t\t\t\t<\/div>\n\t\t<\/div>\n\t\t\t\t\t\t\t<\/div>\n\t\t<\/section>\n\t\t\t\t<section class=\"elementor-section elementor-top-section elementor-element elementor-element-9e324e3 elementor-section-boxed elementor-section-height-default elementor-section-height-default default-style\" data-id=\"9e324e3\" data-element_type=\"section\" data-settings=\"{&quot;rt_color_sets&quot;:&quot;default-style&quot;}\">\n\t\t\t\t\t\t<div class=\"elementor-container elementor-column-gap-default\">\n\t\t\t\t\t<div class=\"elementor-column elementor-col-33 elementor-top-column elementor-element elementor-element-91dc0b1\" data-id=\"91dc0b1\" data-element_type=\"column\">\n\t\t\t<div class=\"elementor-widget-wrap elementor-element-populated\">\n\t\t\t\t\t\t\t\t<div class=\"elementor-element elementor-element-b64f562 elementor-widget elementor-widget-image\" data-id=\"b64f562\" data-element_type=\"widget\" data-widget_type=\"image.default\">\n\t\t\t\t<div class=\"elementor-widget-container\">\n\t\t\t\t\t<div class=\"elementor-image\">\n\t\t\t\t\t\t\t\t\t\t<img width=\"150\" height=\"150\" src=\"https:\/\/www.celiajay.com\/wp-content\/uploads\/2021\/04\/Logo-OMNES-2021-Praticien-HD-150x150.png\" class=\"attachment-thumbnail size-thumbnail\" alt=\"\" loading=\"lazy\" \/>\t\t\t\t\t\t\t\t\t\t\t<\/div>\n\t\t\t\t<\/div>\n\t\t\t\t<\/div>\n\t\t\t\t\t<\/div>\n\t\t<\/div>\n\t\t\t\t<div class=\"elementor-column elementor-col-33 elementor-top-column elementor-element elementor-element-2034e25\" data-id=\"2034e25\" data-element_type=\"column\">\n\t\t\t<div class=\"elementor-widget-wrap elementor-element-populated\">\n\t\t\t\t\t\t\t\t<div class=\"elementor-element elementor-element-760428b elementor-widget elementor-widget-rt-heading\" data-id=\"760428b\" data-element_type=\"widget\" data-widget_type=\"rt-heading.default\">\n\t\t\t\t<div class=\"elementor-widget-container\">\n\t\t\t<div class=\"rt-heading-wrapper style-3 text-center\">\n\t\t\t\t\t\t<H3 class=\"   rt-heading style-3\" >CHARTE de l'OMNES<\/H3>\n\t\t\t\t\t<\/div>\t\t<\/div>\n\t\t\t\t<\/div>\n\t\t\t\t\t<\/div>\n\t\t<\/div>\n\t\t\t\t<div class=\"elementor-column elementor-col-33 elementor-top-column elementor-element elementor-element-bd10463\" data-id=\"bd10463\" data-element_type=\"column\">\n\t\t\t<div class=\"elementor-widget-wrap\">\n\t\t\t\t\t\t\t\t\t<\/div>\n\t\t<\/div>\n\t\t\t\t\t\t\t<\/div>\n\t\t<\/section>\n\t\t\t\t<section class=\"elementor-section elementor-top-section elementor-element elementor-element-8e6e89b elementor-section-boxed elementor-section-height-default elementor-section-height-default default-style\" data-id=\"8e6e89b\" data-element_type=\"section\" data-settings=\"{&quot;rt_color_sets&quot;:&quot;default-style&quot;}\">\n\t\t\t\t\t\t<div class=\"elementor-container elementor-column-gap-default\">\n\t\t\t\t\t<div class=\"elementor-column elementor-col-100 elementor-top-column elementor-element elementor-element-1450f5f\" data-id=\"1450f5f\" data-element_type=\"column\">\n\t\t\t<div class=\"elementor-widget-wrap elementor-element-populated\">\n\t\t\t\t\t\t\t\t<div class=\"elementor-element elementor-element-09754f2 elementor-widget elementor-widget-text-editor\" data-id=\"09754f2\" data-element_type=\"widget\" data-widget_type=\"text-editor.default\">\n\t\t\t\t<div class=\"elementor-widget-container\">\n\t\t\t\t\t<div class=\"elementor-text-editor elementor-clearfix\"><p style=\"text-align: left;\"><strong>Introduction<\/strong><br \/>L&rsquo;Omnes est le plus ancien groupement de professionnels, r\u00e9f\u00e9rence de la Naturopathie en France tant par son exigence de qualit\u00e9 que par son nombre d&rsquo;adh\u00e9rents.<\/p><p style=\"text-align: left;\"><strong>Pr\u00e9face<\/strong><br \/>Le pr\u00e9sent code d&rsquo;\u00e9thique s&rsquo;inspire des valeurs morales et d\u00e9ontologiques de la m\u00e9decine traditionnelle telles que con\u00e7ues et enseign\u00e9es par Hippocrate. La naturopathie s&rsquo;int\u00e9resse davantage \u00e0 la personne qu&rsquo;\u00e0 la maladie en r\u00e9tablissant l&rsquo;\u00e9quilibre et le bien-\u00eatre.<\/p><p>1. Le Naturopathe Omnes s&rsquo;engage \u00e0 avoir une attitude de bienveillance, de consid\u00e9ration et d&rsquo;encouragement envers son consultant. Il veille \u00e0 ne pas nuire dans les soins naturels qu&rsquo;il conseille.<\/p><p>2. Le Naturopathe Omnes s&rsquo;engage \u00e0 \u00eatre authentique dans le cadre de sa profession en r\u00e9pondant aux besoins du consultant plut\u00f4t qu&rsquo;\u00e0 ses propres d\u00e9sirs. Il s&rsquo;engage \u00e0 respecter la confidentialit\u00e9.<\/p><p>3. Le Naturopathe Omnes s&rsquo;engage \u00e0 exercer sa profession avec humanit\u00e9, int\u00e9grit\u00e9 et loyaut\u00e9 en respectant toujours la personne sur le plan physique, sexuel, \u00e9motionnel et spirituel. Il reste neutre face \u00e0 la vie priv\u00e9e du consultant.<\/p><p>4. Le Naturopathe Omnes s&rsquo;engage \u00e0 s&rsquo;informer si un traitement m\u00e9dical est en cours, il en tient compte dans l&rsquo;\u00e9tablissement de son programme th\u00e9rapeutique.<\/p><p>5. Le Naturopathe Omnes s&rsquo;engage \u00e0 transmettre \u00e0 son consultant, dans un langage vulgaris\u00e9, l&rsquo;information relative \u00e0 son \u00e9tat de sant\u00e9 et \u00e0 son programme d&rsquo;hygi\u00e8ne vitale. Il ne fait pas de diagnostic m\u00e9dical.<\/p><p>6. Le Naturopathe Omnes s&rsquo;engage \u00e0 reconna\u00eetre les limites de ses connaissances, comp\u00e9tences et des moyens dont il dispose, pour diriger son consultant si besoin vers un autre th\u00e9rapeute. Il s&rsquo;engage aussi \u00e0 entretenir des relations confraternelles de respect entre coll\u00e8gues naturopathes.<\/p><p>7. Le Naturopathe Omnes s&rsquo;engage \u00e0 afficher ses tarifs, \u00e0 demander des honoraires raisonnables, \u00e0 ne pas percevoir de r\u00e8glement anticip\u00e9, \u00e0 ne pas vendre de produits, \u00e0 ne pas accepter de vente pyramidale dit \u00ab\u00a0boule de neige\u00a0\u00bb et d&rsquo;\u00e9viter de multiplier des actes th\u00e9rapeutiques superflus.<\/p><p>8. Le Naturopathe Omnes s&rsquo;engage \u00e0 \u00e9viter toute discrimination envers la personne quelle que soit sa race, sa condition sociale, sa religion, sa nationalit\u00e9, son orientation sexuelle. Il s\u2019abstient de tout pros\u00e9lytisme.<\/p><p>9. Le Naturopathe Omnes s&rsquo;engage \u00e0 ne pas consulter dans des locaux commerciaux, dans des foires, sur des march\u00e9s, dans des salons d&rsquo;exposition et des chambres d&rsquo;h\u00f4tel.<\/p><p>10. Le Naturopathe Omnes s&rsquo;engage, \u00e0 exercer en cabinet, \u00e0 \u00eatre responsable des informations donn\u00e9es sur son site, \u00e0 ne pratiquer sur Internet que des suivis de consultation sauf en situation exceptionnelle (pand\u00e9mie, confinement, immobilisation pour raison de sant\u00e9)<\/p><p>11. Le Naturopathe Omnes s&rsquo;engage \u00e0 participer r\u00e9guli\u00e8rement \u00e0 des stages de formation et de perfectionnement (sans suivre uniquement des formations donn\u00e9es par des laboratoires) afin d&rsquo;actualiser et parfaire ses connaissances, avec un minimum de 21h par an.<\/p><p>12. Le Naturopathe Omnes s&rsquo;engage au secret professionnel et en cas de force majeure \u00e0 communiquer des renseignements aux autorit\u00e9s comp\u00e9tentes.<\/p><p>13. Le Naturopathe Omnes s&rsquo;engage avec honn\u00eatet\u00e9 et professionnalisme dans ses messages de communication \u00e0 n&rsquo;\u00e9mettre aucune promesse de gu\u00e9rison ou autre. L&rsquo;utilisation du label annuel \u00ab\u00a0Omnes-\u00e9ducateur de sant\u00e9 naturopathe\u00a0\u00bb est strictement r\u00e9serv\u00e9e aux activit\u00e9s professionnelles de l&rsquo;adh\u00e9rent.<\/p><p>14. Le Naturopathe Omnes s&rsquo;engage \u00e0 pratiquer son m\u00e9tier sans aucun usage de substances psychoactives.<\/p><p>15. Le Naturopathe Omnes s&rsquo;engage \u00e0 informer l&rsquo;association s&rsquo;il fait l&rsquo;objet d&rsquo;une enqu\u00eate judiciaire.<\/p><p>16. Le Naturopathe Omnes s&rsquo;engage \u00e0 dater\/signer ce code \u00e9thique et \u00e0 le respecter.<\/p><p>\u00a0<\/p><p style=\"text-align: center;\">OMNES c\/o KANDBAZ MONTPARNASSE \u2013 149 avenue du Maine \u2013 75014 Paris<br \/>contact@omnes.fr<br \/>www.omnes.fr &amp; www.naturopathe.net<br \/>Permanence t\u00e9l\u00e9phonique le matin au : 07.61.31.19.81<br \/>Siret : 38970433900073 &#8211; Code NAF : 9499Z 2<\/p><\/div>\n\t\t\t\t<\/div>\n\t\t\t\t<\/div>\n\t\t\t\t\t<\/div>\n\t\t<\/div>\n\t\t\t\t\t\t\t<\/div>\n\t\t<\/section>\n\t\t\t\t\t\t<\/div>\n\t\t\t\t\t<\/div>\n\t\t","protected":false},"excerpt":{"rendered":"<p>CHARTE de l&rsquo;OMNES IntroductionL&rsquo;Omnes est le plus ancien groupement de professionnels, r\u00e9f\u00e9rence de la Naturopathie en France tant par son exigence de qualit\u00e9 que par son nombre d&rsquo;adh\u00e9rents. Pr\u00e9faceLe pr\u00e9sent code d&rsquo;\u00e9thique s&rsquo;inspire des valeurs morales et d\u00e9ontologiques de la m\u00e9decine traditionnelle telles que con\u00e7ues et enseign\u00e9es par Hippocrate. La naturopathie s&rsquo;int\u00e9resse davantage \u00e0 la [&hellip;]<\/p>\n","protected":false},"author":1,"featured_media":0,"parent":0,"menu_order":0,"comment_status":"closed","ping_status":"closed","template":"","meta":[],"_links":{"self":[{"href":"https:\/\/www.celiajay.com\/index.php\/wp-json\/wp\/v2\/pages\/3521"}],"collection":[{"href":"https:\/\/www.celiajay.com\/index.php\/wp-json\/wp\/v2\/pages"}],"about":[{"href":"https:\/\/www.celiajay.com\/index.php\/wp-json\/wp\/v2\/types\/page"}],"author":[{"embeddable":true,"href":"https:\/\/www.celiajay.com\/index.php\/wp-json\/wp\/v2\/users\/1"}],"replies":[{"embeddable":true,"href":"https:\/\/www.celiajay.com\/index.php\/wp-json\/wp\/v2\/comments?post=3521"}],"version-history":[{"count":13,"href":"https:\/\/www.celiajay.com\/index.php\/wp-json\/wp\/v2\/pages\/3521\/revisions"}],"predecessor-version":[{"id":3537,"href":"https:\/\/www.celiajay.com\/index.php\/wp-json\/wp\/v2\/pages\/3521\/revisions\/3537"}],"wp:attachment":[{"href":"https:\/\/www.celiajay.com\/index.php\/wp-json\/wp\/v2\/media?parent=3521"}],"curies":[{"name":"wp","href":"https:\/\/api.w.org\/{rel}","templated":true}]}}