{"id":2808,"date":"2021-04-10T07:22:00","date_gmt":"2021-04-10T05:22:00","guid":{"rendered":"http:\/\/new.naturogers.com\/?page_id=2808"},"modified":"2025-06-11T16:28:20","modified_gmt":"2025-06-11T14:28:20","slug":"consultation-iridologie","status":"publish","type":"page","link":"https:\/\/www.celiajay.com\/index.php\/consultation-iridologie\/","title":{"rendered":"Iridologie"},"content":{"rendered":"\t\t<div data-elementor-type=\"wp-page\" data-elementor-id=\"2808\" class=\"elementor elementor-2808\" data-elementor-settings=\"[]\">\n\t\t\t\t\t\t\t<div class=\"elementor-section-wrap\">\n\t\t\t\t\t\t\t<section class=\"elementor-section elementor-top-section elementor-element elementor-element-9d2fca5 elementor-section-boxed elementor-section-height-default elementor-section-height-default default-style\" data-id=\"9d2fca5\" data-element_type=\"section\" data-settings=\"{&quot;rt_color_sets&quot;:&quot;default-style&quot;}\">\n\t\t\t\t\t\t<div class=\"elementor-container elementor-column-gap-default\">\n\t\t\t\t\t<div class=\"elementor-column elementor-col-100 elementor-top-column elementor-element elementor-element-88445ea\" data-id=\"88445ea\" data-element_type=\"column\">\n\t\t\t<div class=\"elementor-widget-wrap elementor-element-populated\">\n\t\t\t\t\t\t\t\t<div class=\"elementor-element elementor-element-7ad1a8d elementor-widget elementor-widget-spacer\" data-id=\"7ad1a8d\" data-element_type=\"widget\" data-widget_type=\"spacer.default\">\n\t\t\t\t<div class=\"elementor-widget-container\">\n\t\t\t\t\t<div class=\"elementor-spacer\">\n\t\t\t<div class=\"elementor-spacer-inner\"><\/div>\n\t\t<\/div>\n\t\t\t\t<\/div>\n\t\t\t\t<\/div>\n\t\t\t\t\t<\/div>\n\t\t<\/div>\n\t\t\t\t\t\t\t<\/div>\n\t\t<\/section>\n\t\t\t\t<section class=\"elementor-section elementor-top-section elementor-element elementor-element-295e5ff elementor-section-content-top elementor-section-boxed elementor-section-height-default elementor-section-height-default default-style\" data-id=\"295e5ff\" data-element_type=\"section\" data-settings=\"{&quot;rt_color_sets&quot;:&quot;default-style&quot;}\">\n\t\t\t\t\t\t<div class=\"elementor-container elementor-column-gap-default\">\n\t\t\t\t\t<div class=\"elementor-column elementor-col-33 elementor-top-column elementor-element elementor-element-a2aaf11\" data-id=\"a2aaf11\" data-element_type=\"column\" data-settings=\"{&quot;animation&quot;:&quot;none&quot;}\">\n\t\t\t<div class=\"elementor-widget-wrap elementor-element-populated\">\n\t\t\t\t\t\t\t\t<section class=\"elementor-section elementor-inner-section elementor-element elementor-element-d515cd2 elementor-section-boxed elementor-section-height-default elementor-section-height-default default-style\" data-id=\"d515cd2\" data-element_type=\"section\" data-settings=\"{&quot;rt_color_sets&quot;:&quot;default-style&quot;}\">\n\t\t\t\t\t\t<div class=\"elementor-container elementor-column-gap-default\">\n\t\t\t\t\t<div class=\"elementor-column elementor-col-100 elementor-inner-column elementor-element elementor-element-987215d\" data-id=\"987215d\" data-element_type=\"column\">\n\t\t\t<div class=\"elementor-widget-wrap elementor-element-populated\">\n\t\t\t\t\t\t\t\t<div class=\"elementor-element elementor-element-151e22b elementor-widget elementor-widget-rt-heading\" data-id=\"151e22b\" data-element_type=\"widget\" data-widget_type=\"rt-heading.default\">\n\t\t\t\t<div class=\"elementor-widget-container\">\n\t\t\t<div class=\"rt-heading-wrapper style-3 text-tablet-left text-mobile-left\">\n\t\t\t\t\t\t<H4 class=\"   rt-heading style-3\" >L'Iridologie<\/H4>\n\t\t\t\t\t<\/div>\t\t<\/div>\n\t\t\t\t<\/div>\n\t\t\t\t<div class=\"elementor-element elementor-element-a6a38c5 elementor-widget elementor-widget-text-editor\" data-id=\"a6a38c5\" data-element_type=\"widget\" data-widget_type=\"text-editor.default\">\n\t\t\t\t<div class=\"elementor-widget-container\">\n\t\t\t\t\t<div class=\"elementor-text-editor elementor-clearfix\"><p><strong>\u00ab\u00a0Tels sont tes yeux, tel est ton corps\u00a0\u00bb<\/strong> Hippocrate<\/p><p>L&rsquo;iridologie (ou l&rsquo;\u00e9tude de la partie color\u00e9e de l&rsquo;\u0153il) est une technique permettant d&rsquo;<strong>\u00e9tablir un bilan vital et d&rsquo;appr\u00e9hender \u00ab\u00a0le terrain\u00a0\u00bb d&rsquo;une personne<\/strong> en listant ses forces, ses d\u00e9ficiences, ses carences et ses d\u00e9s\u00e9quilibres. L&rsquo;iris \u00e9tant tr\u00e8s innerv\u00e9 et richement vascularis\u00e9, toute modification, qu&rsquo;elle soit nerveuse ou sanguine se traduira par l\u2019apparition de signes iriens comme les t\u00e2ches, les signes en creux, les d\u00e9colorations, etc\u2026<\/p><p>Les observations et les \u00e9tudes men\u00e9es par les iridologues depuis l&rsquo;antiquit\u00e9 ont permis d\u2019\u00e9tablir une c<strong>artographie des organes faisant de l\u2019iris une zone r\u00e9flexe o\u00f9 se projettent les diff\u00e9rentes parties du corps.<\/strong><\/p><p>On peut donc ainsi \u00e9valuer :<\/p><ul><li><strong>la vitalit\u00e9<\/strong> en g\u00e9n\u00e9ral,<\/li><li><strong>l\u2019h\u00e9r\u00e9dit\u00e9<\/strong> et <strong>les pr\u00e9dispositions,<\/strong><\/li><li><strong>l\u2019\u00e9tat global du syst\u00e8me nerveux<\/strong> et son influence sur l\u2019organisme.<\/li><\/ul><p>La s\u00e9ance dure en moyenne <strong>1h30<\/strong>.\u00a0<\/p><p>L\u2019examen n&rsquo;est ni invasif ni douloureux et reste sans danger. Il se pratique \u00e0 l&rsquo;aide d\u2019un iriscope permettant de prendre vos iris en photo.<\/p><\/div>\n\t\t\t\t<\/div>\n\t\t\t\t<\/div>\n\t\t\t\t<div class=\"elementor-element elementor-element-56b9e3c elementor-widget elementor-widget-rt-photo-gallery\" data-id=\"56b9e3c\" data-element_type=\"widget\" data-widget_type=\"rt-photo-gallery.default\">\n\t\t\t\t<div class=\"elementor-widget-container\">\n\t\t\t\n\t\t\t<div class=\"rt-gallery  grid-gallery\"  >\n\t\t\t\t\t<div class=\"col col-sm-12 col-12\">\n\t\t\t\t\t\t<div class=\"gallery-item-holder\">\n\t\t\t\t\t\t\t<div class=\"image-thumbnail\"><img loading=\"lazy\" src=\"https:\/\/www.celiajay.com\/wp-content\/uploads\/2021\/03\/human-eye-VWMDYGD-1-scaled.jpg\" alt=\"\" srcset=\"https:\/\/www.celiajay.com\/wp-content\/uploads\/2021\/03\/human-eye-VWMDYGD-1-scaled.jpg 2560w, https:\/\/www.celiajay.com\/wp-content\/uploads\/2021\/03\/human-eye-VWMDYGD-1-300x225.jpg 300w, https:\/\/www.celiajay.com\/wp-content\/uploads\/2021\/03\/human-eye-VWMDYGD-1-1024x768.jpg 1024w, https:\/\/www.celiajay.com\/wp-content\/uploads\/2021\/03\/human-eye-VWMDYGD-1-768x576.jpg 768w, https:\/\/www.celiajay.com\/wp-content\/uploads\/2021\/03\/human-eye-VWMDYGD-1-1536x1152.jpg 1536w, https:\/\/www.celiajay.com\/wp-content\/uploads\/2021\/03\/human-eye-VWMDYGD-1-2048x1536.jpg 2048w, https:\/\/www.celiajay.com\/wp-content\/uploads\/2021\/03\/human-eye-VWMDYGD-1-1632x1224.jpg 1632w, https:\/\/www.celiajay.com\/wp-content\/uploads\/2021\/03\/human-eye-VWMDYGD-1-1220x915.jpg 1220w, https:\/\/www.celiajay.com\/wp-content\/uploads\/2021\/03\/human-eye-VWMDYGD-1-915x686.jpg 915w, https:\/\/www.celiajay.com\/wp-content\/uploads\/2021\/03\/human-eye-VWMDYGD-1-600x450.jpg 600w, https:\/\/www.celiajay.com\/wp-content\/uploads\/2021\/03\/human-eye-VWMDYGD-1-393x295.jpg 393w, https:\/\/www.celiajay.com\/wp-content\/uploads\/2021\/03\/human-eye-VWMDYGD-1-290x218.jpg 290w\" sizes=\"https:\/\/www.celiajay.com\/wp-content\/uploads\/2021\/03\/human-eye-VWMDYGD-1-scaled.jpg 2560w, https:\/\/www.celiajay.com\/wp-content\/uploads\/2021\/03\/human-eye-VWMDYGD-1-300x225.jpg 300w, https:\/\/www.celiajay.com\/wp-content\/uploads\/2021\/03\/human-eye-VWMDYGD-1-1024x768.jpg 1024w, https:\/\/www.celiajay.com\/wp-content\/uploads\/2021\/03\/human-eye-VWMDYGD-1-768x576.jpg 768w, https:\/\/www.celiajay.com\/wp-content\/uploads\/2021\/03\/human-eye-VWMDYGD-1-1536x1152.jpg 1536w, https:\/\/www.celiajay.com\/wp-content\/uploads\/2021\/03\/human-eye-VWMDYGD-1-2048x1536.jpg 2048w, https:\/\/www.celiajay.com\/wp-content\/uploads\/2021\/03\/human-eye-VWMDYGD-1-1632x1224.jpg 1632w, https:\/\/www.celiajay.com\/wp-content\/uploads\/2021\/03\/human-eye-VWMDYGD-1-1220x915.jpg 1220w, https:\/\/www.celiajay.com\/wp-content\/uploads\/2021\/03\/human-eye-VWMDYGD-1-915x686.jpg 915w, https:\/\/www.celiajay.com\/wp-content\/uploads\/2021\/03\/human-eye-VWMDYGD-1-600x450.jpg 600w, https:\/\/www.celiajay.com\/wp-content\/uploads\/2021\/03\/human-eye-VWMDYGD-1-393x295.jpg 393w, https:\/\/www.celiajay.com\/wp-content\/uploads\/2021\/03\/human-eye-VWMDYGD-1-290x218.jpg 290w\" width=\"2560\" height=\"1920\"><\/div>\n\t\t\t\t\t\t<\/div>\n\t\t\t\t\t<\/div><\/div> \n\t\t\t\t<\/div>\n\t\t\t\t<\/div>\n\t\t\t\t\t<\/div>\n\t\t<\/div>\n\t\t\t\t\t\t\t<\/div>\n\t\t<\/section>\n\t\t\t\t\t<\/div>\n\t\t<\/div>\n\t\t\t\t<div class=\"elementor-column elementor-col-33 elementor-top-column elementor-element elementor-element-0b4a3af\" data-id=\"0b4a3af\" data-element_type=\"column\">\n\t\t\t<div class=\"elementor-widget-wrap elementor-element-populated\">\n\t\t\t\t\t\t\t\t<div class=\"elementor-element elementor-element-1905f47 elementor-view-framed rt-custom-style elementor-shape-circle elementor-widget elementor-widget-icon\" data-id=\"1905f47\" data-element_type=\"widget\" data-widget_type=\"icon.default\">\n\t\t\t\t<div class=\"elementor-widget-container\">\n\t\t\t\t\t<div class=\"elementor-icon-wrapper\">\n\t\t\t<a class=\"elementor-icon elementor-animation-grow\" href=\"\/index.php\/cabinet-mauvezin\/\">\n\t\t\t<i aria-hidden=\"true\" class=\"rt-elementor-icon icon-01_home\"><\/i>\t\t\t<\/a>\n\t\t<\/div>\n\t\t\t\t<\/div>\n\t\t\t\t<\/div>\n\t\t\t\t<div class=\"elementor-element elementor-element-c62d9da elementor-widget elementor-widget-rt-heading\" data-id=\"c62d9da\" data-element_type=\"widget\" data-widget_type=\"rt-heading.default\">\n\t\t\t\t<div class=\"elementor-widget-container\">\n\t\t\t<div class=\"rt-heading-wrapper style-3 text-center\">\n\t\t\t\t\t\t<H6 class=\"   rt-heading style-3\" >A Mauvezin (Gers)<\/H6>\n\t\t\t\t\t<\/div>\t\t<\/div>\n\t\t\t\t<\/div>\n\t\t\t\t<div class=\"elementor-element elementor-element-6b89316 elementor-widget elementor-widget-text-editor\" data-id=\"6b89316\" data-element_type=\"widget\" data-widget_type=\"text-editor.default\">\n\t\t\t\t<div class=\"elementor-widget-container\">\n\t\t\t\t\t<div class=\"elementor-text-editor elementor-clearfix\"><p>3 rue de la r\u00e9publique 32120 Mauvezin<\/p><p>Lundi &#8211; Mardi &#8211; Jeudi<\/p><p>9h &#8211; 19h30<\/p><p><strong>65\u20ac<\/strong><\/p><p>06.380.390.03<\/p><p>Paiement par ch\u00e8que, esp\u00e8ces ou virement instantan\u00e9<\/p><p>Facture sur demande<\/p><\/div>\n\t\t\t\t<\/div>\n\t\t\t\t<\/div>\n\t\t\t\t<div class=\"elementor-element elementor-element-324e9c1 elementor-widget elementor-widget-html\" data-id=\"324e9c1\" data-element_type=\"widget\" data-widget_type=\"html.default\">\n\t\t\t\t<div class=\"elementor-widget-container\">\n\t\t\t<!-- D\u00e9but de bouton iTiaki -->\r\n<style>\r\n.btn-itiaki { padding:0.8em; color:#ffffff; background:#5a7969; border-radius:0.4em; } \r\n.btn-itiaki:hover { background:#3c5b4b; color:#ffffff; }\r\n<\/style>\r\n<a href=\"https:\/\/rdv.itiaki.com\/celiajay\" title=\"Prendre rendez-vous en ligne\" class=\"btn-itiaki\" target=\"_blank\">Prendre rendez-vous<\/a>\r\n<!-- Fin de bouton iTiaki -->\t\t<\/div>\n\t\t\t\t<\/div>\n\t\t\t\t\t<\/div>\n\t\t<\/div>\n\t\t\t\t<div class=\"elementor-column elementor-col-33 elementor-top-column elementor-element elementor-element-1254337\" data-id=\"1254337\" data-element_type=\"column\">\n\t\t\t<div class=\"elementor-widget-wrap elementor-element-populated\">\n\t\t\t\t\t\t\t\t<div class=\"elementor-element elementor-element-972cf9d elementor-view-framed rt-custom-style elementor-shape-circle elementor-widget elementor-widget-icon\" data-id=\"972cf9d\" data-element_type=\"widget\" data-widget_type=\"icon.default\">\n\t\t\t\t<div class=\"elementor-widget-container\">\n\t\t\t\t\t<div class=\"elementor-icon-wrapper\">\n\t\t\t<a class=\"elementor-icon elementor-animation-grow\" href=\"\/index.php\/cabinet-blagnac\/\">\n\t\t\t<i aria-hidden=\"true\" class=\"rt-elementor-icon icon-01_home\"><\/i>\t\t\t<\/a>\n\t\t<\/div>\n\t\t\t\t<\/div>\n\t\t\t\t<\/div>\n\t\t\t\t<div class=\"elementor-element elementor-element-5f1ed7b elementor-widget elementor-widget-rt-heading\" data-id=\"5f1ed7b\" data-element_type=\"widget\" data-widget_type=\"rt-heading.default\">\n\t\t\t\t<div class=\"elementor-widget-container\">\n\t\t\t<div class=\"rt-heading-wrapper style-3 text-center\">\n\t\t\t\t\t\t<H6 class=\"   rt-heading style-3\" >A Blagnac<\/H6>\n\t\t\t\t\t<\/div>\t\t<\/div>\n\t\t\t\t<\/div>\n\t\t\t\t<div class=\"elementor-element elementor-element-2e2b51c elementor-widget elementor-widget-text-editor\" data-id=\"2e2b51c\" data-element_type=\"widget\" data-widget_type=\"text-editor.default\">\n\t\t\t\t<div class=\"elementor-widget-container\">\n\t\t\t\t\t<div class=\"elementor-text-editor elementor-clearfix\"><p>15 route de grenade 31700 Blagnac<\/p><p>Mercredi &#8211; Vendredi<\/p><p>9h30 &#8211; 20h<\/p><p><strong>65\u20ac<\/strong><\/p><p>06.380.390.03<\/p><p>Paiement par ch\u00e8que, esp\u00e8ces ou virement instantan\u00e9<\/p><p>Facture sur demande<\/p><\/div>\n\t\t\t\t<\/div>\n\t\t\t\t<\/div>\n\t\t\t\t<div class=\"elementor-element elementor-element-2f8a8fd elementor-widget elementor-widget-html\" data-id=\"2f8a8fd\" data-element_type=\"widget\" data-widget_type=\"html.default\">\n\t\t\t\t<div class=\"elementor-widget-container\">\n\t\t\t<!-- D\u00e9but de bouton iTiaki -->\r\n<style>\r\n.btn-itiaki { padding:0.8em; color:#ffffff; background:#5a7969; border-radius:0.4em; } \r\n.btn-itiaki:hover { background:#3c5b4b; color:#ffffff; }\r\n<\/style>\r\n<a href=\"https:\/\/rdv.itiaki.com\/celiajay\" title=\"Prendre rendez-vous en ligne\" class=\"btn-itiaki\" target=\"_blank\">Prendre rendez-vous<\/a>\r\n<!-- Fin de bouton iTiaki -->\t\t<\/div>\n\t\t\t\t<\/div>\n\t\t\t\t\t<\/div>\n\t\t<\/div>\n\t\t\t\t\t\t\t<\/div>\n\t\t<\/section>\n\t\t\t\t<section class=\"elementor-section elementor-top-section elementor-element elementor-element-c2e6dda elementor-section-boxed elementor-section-height-default elementor-section-height-default default-style\" data-id=\"c2e6dda\" data-element_type=\"section\" data-settings=\"{&quot;rt_color_sets&quot;:&quot;default-style&quot;}\">\n\t\t\t\t\t\t<div class=\"elementor-container elementor-column-gap-default\">\n\t\t\t\t\t<div class=\"elementor-column elementor-col-100 elementor-top-column elementor-element elementor-element-314986c\" data-id=\"314986c\" data-element_type=\"column\">\n\t\t\t<div class=\"elementor-widget-wrap elementor-element-populated\">\n\t\t\t\t\t\t\t\t<div class=\"elementor-element elementor-element-538c414 elementor-widget elementor-widget-spacer\" data-id=\"538c414\" data-element_type=\"widget\" data-widget_type=\"spacer.default\">\n\t\t\t\t<div class=\"elementor-widget-container\">\n\t\t\t\t\t<div class=\"elementor-spacer\">\n\t\t\t<div class=\"elementor-spacer-inner\"><\/div>\n\t\t<\/div>\n\t\t\t\t<\/div>\n\t\t\t\t<\/div>\n\t\t\t\t\t<\/div>\n\t\t<\/div>\n\t\t\t\t\t\t\t<\/div>\n\t\t<\/section>\n\t\t\t\t<section class=\"elementor-section elementor-top-section elementor-element elementor-element-753d0ef elementor-section-boxed elementor-section-height-default elementor-section-height-default default-style\" data-id=\"753d0ef\" data-element_type=\"section\" data-settings=\"{&quot;rt_color_sets&quot;:&quot;default-style&quot;}\">\n\t\t\t\t\t\t<div class=\"elementor-container elementor-column-gap-default\">\n\t\t\t\t\t<div class=\"elementor-column elementor-col-100 elementor-top-column elementor-element elementor-element-dad99ac\" data-id=\"dad99ac\" data-element_type=\"column\">\n\t\t\t<div class=\"elementor-widget-wrap elementor-element-populated\">\n\t\t\t\t\t\t\t\t<div class=\"elementor-element elementor-element-c796bd4 elementor-widget elementor-widget-text-editor\" data-id=\"c796bd4\" data-element_type=\"widget\" data-widget_type=\"text-editor.default\">\n\t\t\t\t<div class=\"elementor-widget-container\">\n\t\t\t\t\t<div class=\"elementor-text-editor elementor-clearfix\"><p>Un rendez-vous non d\u00e9command\u00e9 minimum 48h \u00e0 l&rsquo;avance donnera lieu au r\u00e8glement de la s\u00e9ance.<\/p><\/div>\n\t\t\t\t<\/div>\n\t\t\t\t<\/div>\n\t\t\t\t\t<\/div>\n\t\t<\/div>\n\t\t\t\t\t\t\t<\/div>\n\t\t<\/section>\n\t\t\t\t<section class=\"elementor-section elementor-top-section elementor-element elementor-element-ba17d56 elementor-section-boxed elementor-section-height-default elementor-section-height-default default-style\" data-id=\"ba17d56\" data-element_type=\"section\" data-settings=\"{&quot;rt_color_sets&quot;:&quot;default-style&quot;}\">\n\t\t\t\t\t\t<div class=\"elementor-container elementor-column-gap-default\">\n\t\t\t\t\t<div class=\"elementor-column elementor-col-100 elementor-top-column elementor-element elementor-element-f2c79d8\" data-id=\"f2c79d8\" data-element_type=\"column\">\n\t\t\t<div class=\"elementor-widget-wrap elementor-element-populated\">\n\t\t\t\t\t\t\t\t<div class=\"elementor-element elementor-element-bc8d6be elementor-widget elementor-widget-text-editor\" data-id=\"bc8d6be\" data-element_type=\"widget\" data-widget_type=\"text-editor.default\">\n\t\t\t\t<div class=\"elementor-widget-container\">\n\t\t\t\t\t<div class=\"elementor-text-editor elementor-clearfix\"><p style=\"text-align: center;\">\u00ab Conform\u00e9ment aux articles L.616-1 et R.616-1 du code de la consommation, nous proposons un dispositif de m\u00e9diation de la consommation.\u00a0L&rsquo;entit\u00e9 de m\u00e9diation retenue est :<\/p><p style=\"text-align: center;\"><strong>CNPM &#8211; MEDIATION DE LA CONSOMMATION.<\/strong>\u00a0<\/p><p style=\"text-align: center;\">En cas de litige, vous pouvez d\u00e9poser votre r\u00e9clamation sur son site : <strong>https:\/\/cnpm-mediation-consommation.eu<\/strong>\u00a0ou par voie postale en \u00e9crivant \u00e0 <strong>CNPM &#8211; MEDIATION &#8211; CONSOMMATION &#8211; 27 avenue de la lib\u00e9ration &#8211; 42400 Saint-Chamond<\/strong> \u00bb<\/p><\/div>\n\t\t\t\t<\/div>\n\t\t\t\t<\/div>\n\t\t\t\t\t<\/div>\n\t\t<\/div>\n\t\t\t\t\t\t\t<\/div>\n\t\t<\/section>\n\t\t\t\t\t\t<\/div>\n\t\t\t\t\t<\/div>\n\t\t","protected":false},"excerpt":{"rendered":"<p>L&rsquo;Iridologie \u00ab\u00a0Tels sont tes yeux, tel est ton corps\u00a0\u00bb Hippocrate L&rsquo;iridologie (ou l&rsquo;\u00e9tude de la partie color\u00e9e de l&rsquo;\u0153il) est une technique permettant d&rsquo;\u00e9tablir un bilan vital et d&rsquo;appr\u00e9hender \u00ab\u00a0le terrain\u00a0\u00bb d&rsquo;une personne en listant ses forces, ses d\u00e9ficiences, ses carences et ses d\u00e9s\u00e9quilibres. L&rsquo;iris \u00e9tant tr\u00e8s innerv\u00e9 et richement vascularis\u00e9, toute modification, qu&rsquo;elle soit [&hellip;]<\/p>\n","protected":false},"author":1,"featured_media":0,"parent":0,"menu_order":0,"comment_status":"closed","ping_status":"closed","template":"","meta":[],"_links":{"self":[{"href":"https:\/\/www.celiajay.com\/index.php\/wp-json\/wp\/v2\/pages\/2808"}],"collection":[{"href":"https:\/\/www.celiajay.com\/index.php\/wp-json\/wp\/v2\/pages"}],"about":[{"href":"https:\/\/www.celiajay.com\/index.php\/wp-json\/wp\/v2\/types\/page"}],"author":[{"embeddable":true,"href":"https:\/\/www.celiajay.com\/index.php\/wp-json\/wp\/v2\/users\/1"}],"replies":[{"embeddable":true,"href":"https:\/\/www.celiajay.com\/index.php\/wp-json\/wp\/v2\/comments?post=2808"}],"version-history":[{"count":71,"href":"https:\/\/www.celiajay.com\/index.php\/wp-json\/wp\/v2\/pages\/2808\/revisions"}],"predecessor-version":[{"id":5187,"href":"https:\/\/www.celiajay.com\/index.php\/wp-json\/wp\/v2\/pages\/2808\/revisions\/5187"}],"wp:attachment":[{"href":"https:\/\/www.celiajay.com\/index.php\/wp-json\/wp\/v2\/media?parent=2808"}],"curies":[{"name":"wp","href":"https:\/\/api.w.org\/{rel}","templated":true}]}}