{"id":2803,"date":"2021-04-10T07:21:03","date_gmt":"2021-04-10T05:21:03","guid":{"rendered":"http:\/\/new.naturogers.com\/?page_id=2803"},"modified":"2025-08-29T07:51:39","modified_gmt":"2025-08-29T05:51:39","slug":"consultation-reflexologie","status":"publish","type":"page","link":"https:\/\/www.celiajay.com\/index.php\/consultation-reflexologie\/","title":{"rendered":"R\u00e9flexologie Plantaire"},"content":{"rendered":"\t\t<div data-elementor-type=\"wp-page\" data-elementor-id=\"2803\" class=\"elementor elementor-2803\" data-elementor-settings=\"[]\">\n\t\t\t\t\t\t\t<div class=\"elementor-section-wrap\">\n\t\t\t\t\t\t\t<section class=\"elementor-section elementor-top-section elementor-element elementor-element-2a84581 elementor-section-boxed elementor-section-height-default elementor-section-height-default default-style\" data-id=\"2a84581\" data-element_type=\"section\" data-settings=\"{&quot;rt_color_sets&quot;:&quot;default-style&quot;}\">\n\t\t\t\t\t\t<div class=\"elementor-container elementor-column-gap-default\">\n\t\t\t\t\t<div class=\"elementor-column elementor-col-100 elementor-top-column elementor-element elementor-element-fb73865\" data-id=\"fb73865\" data-element_type=\"column\">\n\t\t\t<div class=\"elementor-widget-wrap elementor-element-populated\">\n\t\t\t\t\t\t\t\t<div class=\"elementor-element elementor-element-2d193bf elementor-widget elementor-widget-spacer\" data-id=\"2d193bf\" data-element_type=\"widget\" data-widget_type=\"spacer.default\">\n\t\t\t\t<div class=\"elementor-widget-container\">\n\t\t\t\t\t<div class=\"elementor-spacer\">\n\t\t\t<div class=\"elementor-spacer-inner\"><\/div>\n\t\t<\/div>\n\t\t\t\t<\/div>\n\t\t\t\t<\/div>\n\t\t\t\t\t<\/div>\n\t\t<\/div>\n\t\t\t\t\t\t\t<\/div>\n\t\t<\/section>\n\t\t\t\t<section class=\"elementor-section elementor-top-section elementor-element elementor-element-6579875 elementor-section-boxed elementor-section-height-default elementor-section-height-default default-style\" data-id=\"6579875\" data-element_type=\"section\" data-settings=\"{&quot;rt_color_sets&quot;:&quot;default-style&quot;}\">\n\t\t\t\t\t\t<div class=\"elementor-container elementor-column-gap-default\">\n\t\t\t\t\t<div class=\"elementor-column elementor-col-33 elementor-top-column elementor-element elementor-element-303b7e4\" data-id=\"303b7e4\" data-element_type=\"column\">\n\t\t\t<div class=\"elementor-widget-wrap elementor-element-populated\">\n\t\t\t\t\t\t\t\t<div class=\"elementor-element elementor-element-5585b20 elementor-widget elementor-widget-rt-heading\" data-id=\"5585b20\" data-element_type=\"widget\" data-widget_type=\"rt-heading.default\">\n\t\t\t\t<div class=\"elementor-widget-container\">\n\t\t\t<div class=\"rt-heading-wrapper style-3 text-tablet-left text-mobile-left\">\n\t\t\t\t\t\t<H4 class=\"   rt-heading style-3\" >R\u00e9flexologie Plantaire<\/H4>\n\t\t\t\t\t<\/div>\t\t<\/div>\n\t\t\t\t<\/div>\n\t\t\t\t<div class=\"elementor-element elementor-element-6bb64c1 elementor-widget elementor-widget-text-editor\" data-id=\"6bb64c1\" data-element_type=\"widget\" data-widget_type=\"text-editor.default\">\n\t\t\t\t<div class=\"elementor-widget-container\">\n\t\t\t\t\t<div class=\"elementor-text-editor elementor-clearfix\"><p>\u00a0<\/p><p>La R\u00e9flexologie est une <strong>discipline ancestrale, holistique et \u00e9nerg\u00e9tique<\/strong>, originaire d&rsquo;Asie. C&rsquo;est une technique de digito-pression bas\u00e9e sur la r\u00e9gulation du syst\u00e8me nerveux qui repose sur le principe selon lequel chaque organe, glande, fonction physiologique correspondent \u00e0 une zone ou un point pr\u00e9cis du corps. La stimulation de ces points particuliers permet la localisation des tensions et des d\u00e9s\u00e9quilibres et de <strong>r\u00e9tablir ainsi, la bonne circulation de l\u2019\u00e9nergie vitale<\/strong>.<\/p><p>La r\u00e9flexologie permet<strong>\u00a0<\/strong>d<strong>&lsquo;agir de mani\u00e8re pr\u00e9ventive ou <\/strong><strong>curative<\/strong>, ou tout simplement de <strong>s&rsquo;offrir un moment pour soi.<\/strong><\/p><p>Une s\u00e9ance dure en moyenne <strong>1 heure<\/strong><\/p><p>Il est habituellement pr\u00e9conis\u00e9 de faire dans un premier temps 3 s\u00e9ances rapproch\u00e9es de 10-15 jours pour traiter le ou les dysfonctionnements, puis d&rsquo;espacer les s\u00e9ances \u00e0 un mois.<\/p><\/div>\n\t\t\t\t<\/div>\n\t\t\t\t<\/div>\n\t\t\t\t<div class=\"elementor-element elementor-element-33a57c1 elementor-widget elementor-widget-rt-photo-gallery\" data-id=\"33a57c1\" data-element_type=\"widget\" data-widget_type=\"rt-photo-gallery.default\">\n\t\t\t\t<div class=\"elementor-widget-container\">\n\t\t\t\n\t\t\t<div class=\"rt-gallery  grid-gallery vertical-align-center\"  >\n\t\t\t\t\t<div class=\"col col-sm-12 col-12\">\n\t\t\t\t\t\t<div class=\"gallery-item-holder\">\n\t\t\t\t\t\t\t<div class=\"image-thumbnail\"><img src=\"https:\/\/www.celiajay.com\/wp-content\/uploads\/2021\/03\/beautiful-woman-having-feet-massage-in-beauty-salo-SPELGLU-scaled.jpg\" alt=\"\" ><\/div>\n\t\t\t\t\t\t<\/div>\n\t\t\t\t\t<\/div><\/div> \n\t\t\t\t<\/div>\n\t\t\t\t<\/div>\n\t\t\t\t\t<\/div>\n\t\t<\/div>\n\t\t\t\t<div class=\"elementor-column elementor-col-33 elementor-top-column elementor-element elementor-element-18301c8\" data-id=\"18301c8\" data-element_type=\"column\">\n\t\t\t<div class=\"elementor-widget-wrap elementor-element-populated\">\n\t\t\t\t\t\t\t\t<div class=\"elementor-element elementor-element-70147eb elementor-view-framed rt-custom-style elementor-shape-circle elementor-widget elementor-widget-icon\" data-id=\"70147eb\" data-element_type=\"widget\" data-widget_type=\"icon.default\">\n\t\t\t\t<div class=\"elementor-widget-container\">\n\t\t\t\t\t<div class=\"elementor-icon-wrapper\">\n\t\t\t<a class=\"elementor-icon elementor-animation-grow\" href=\"\/index.php\/cabinet-mauvezin\/\">\n\t\t\t<i aria-hidden=\"true\" class=\"rt-elementor-icon icon-01_home\"><\/i>\t\t\t<\/a>\n\t\t<\/div>\n\t\t\t\t<\/div>\n\t\t\t\t<\/div>\n\t\t\t\t<div class=\"elementor-element elementor-element-03c29cd elementor-widget elementor-widget-rt-heading\" data-id=\"03c29cd\" data-element_type=\"widget\" data-widget_type=\"rt-heading.default\">\n\t\t\t\t<div class=\"elementor-widget-container\">\n\t\t\t<div class=\"rt-heading-wrapper style-3 text-center\">\n\t\t\t\t\t\t<H6 class=\"   rt-heading style-3\" >A Mauvezin (Gers)<\/H6>\n\t\t\t\t\t<\/div>\t\t<\/div>\n\t\t\t\t<\/div>\n\t\t\t\t<div class=\"elementor-element elementor-element-96636bc elementor-widget elementor-widget-text-editor\" data-id=\"96636bc\" data-element_type=\"widget\" data-widget_type=\"text-editor.default\">\n\t\t\t\t<div class=\"elementor-widget-container\">\n\t\t\t\t\t<div class=\"elementor-text-editor elementor-clearfix\"><p>3 rue de la r\u00e9publique 32120 Mauvezin<\/p><p>Lundi &#8211; Jeudi 14h &#8211; 20h<\/p><p>Samedi 9h &#8211; 12h30<\/p><p><strong>60\u20ac la s\u00e9ance<\/strong><\/p><p><strong>270\u20ac le forfait de 5 s\u00e9ances *<\/strong><\/p><p>06.380.390.03<\/p><p>Paiement par ch\u00e8que, esp\u00e8ces ou virement instantan\u00e9<\/p><p>Facture sur demande<\/p><\/div>\n\t\t\t\t<\/div>\n\t\t\t\t<\/div>\n\t\t\t\t<div class=\"elementor-element elementor-element-ef39167 elementor-widget elementor-widget-html\" data-id=\"ef39167\" data-element_type=\"widget\" data-widget_type=\"html.default\">\n\t\t\t\t<div class=\"elementor-widget-container\">\n\t\t\t<!-- D\u00e9but de bouton iTiaki -->\r\n<style>\r\n.btn-itiaki { padding:0.8em; color:#ffffff; background:#5a7969; border-radius:0.4em; } \r\n.btn-itiaki:hover { background:#3c5b4b; color:#ffffff; }\r\n<\/style>\r\n<a href=\"https:\/\/rdv.itiaki.com\/celiajay\" title=\"Prendre rendez-vous en ligne\" class=\"btn-itiaki\" target=\"_blank\">Prendre rendez-vous<\/a>\r\n<!-- Fin de bouton iTiaki -->\t\t<\/div>\n\t\t\t\t<\/div>\n\t\t\t\t\t<\/div>\n\t\t<\/div>\n\t\t\t\t<div class=\"elementor-column elementor-col-33 elementor-top-column elementor-element elementor-element-b6b3104\" data-id=\"b6b3104\" data-element_type=\"column\">\n\t\t\t<div class=\"elementor-widget-wrap elementor-element-populated\">\n\t\t\t\t\t\t\t\t<div class=\"elementor-element elementor-element-2dc4e61 elementor-view-framed rt-custom-style elementor-shape-circle elementor-widget elementor-widget-icon\" data-id=\"2dc4e61\" data-element_type=\"widget\" data-widget_type=\"icon.default\">\n\t\t\t\t<div class=\"elementor-widget-container\">\n\t\t\t\t\t<div class=\"elementor-icon-wrapper\">\n\t\t\t<a class=\"elementor-icon elementor-animation-grow\" href=\"\/index.php\/cabinet-blagnac\/\">\n\t\t\t<i aria-hidden=\"true\" class=\"rt-elementor-icon icon-01_home\"><\/i>\t\t\t<\/a>\n\t\t<\/div>\n\t\t\t\t<\/div>\n\t\t\t\t<\/div>\n\t\t\t\t<div class=\"elementor-element elementor-element-a6097c7 elementor-widget elementor-widget-rt-heading\" data-id=\"a6097c7\" data-element_type=\"widget\" data-widget_type=\"rt-heading.default\">\n\t\t\t\t<div class=\"elementor-widget-container\">\n\t\t\t<div class=\"rt-heading-wrapper style-3 text-center\">\n\t\t\t\t\t\t<H6 class=\"   rt-heading style-3\" >A Blagnac<\/H6>\n\t\t\t\t\t<\/div>\t\t<\/div>\n\t\t\t\t<\/div>\n\t\t\t\t<div class=\"elementor-element elementor-element-4ecc918 elementor-widget elementor-widget-text-editor\" data-id=\"4ecc918\" data-element_type=\"widget\" data-widget_type=\"text-editor.default\">\n\t\t\t\t<div class=\"elementor-widget-container\">\n\t\t\t\t\t<div class=\"elementor-text-editor elementor-clearfix\"><p>15 route de grenade 31700 Blagnac<\/p><p>Mercredi &#8211; Vendredi<\/p><p>10h &#8211; 20h<\/p><p><strong>60\u20ac la s\u00e9ance<\/strong><\/p><p><strong>270\u20ac le forfait de 5 s\u00e9ances*\u00a0<\/strong><\/p><p>06.380.390.03<\/p><p>Paiement par ch\u00e8que, esp\u00e8ces ou virement instantan\u00e9<\/p><p>Facture sur demande<\/p><\/div>\n\t\t\t\t<\/div>\n\t\t\t\t<\/div>\n\t\t\t\t<div class=\"elementor-element elementor-element-227b188 elementor-widget elementor-widget-html\" data-id=\"227b188\" data-element_type=\"widget\" data-widget_type=\"html.default\">\n\t\t\t\t<div class=\"elementor-widget-container\">\n\t\t\t<!-- D\u00e9but de bouton iTiaki -->\r\n<style>\r\n.btn-itiaki { padding:0.8em; color:#ffffff; background:#5a7969; border-radius:0.4em; } \r\n.btn-itiaki:hover { background:#3c5b4b; color:#ffffff; }\r\n<\/style>\r\n<a href=\"https:\/\/rdv.itiaki.com\/celiajay\" title=\"Prendre rendez-vous en ligne\" class=\"btn-itiaki\" target=\"_blank\">Prendre rendez-vous<\/a>\r\n<!-- Fin de bouton iTiaki -->\t\t<\/div>\n\t\t\t\t<\/div>\n\t\t\t\t\t<\/div>\n\t\t<\/div>\n\t\t\t\t\t\t\t<\/div>\n\t\t<\/section>\n\t\t\t\t<section class=\"elementor-section elementor-top-section elementor-element elementor-element-ddc532d elementor-section-boxed elementor-section-height-default elementor-section-height-default default-style\" data-id=\"ddc532d\" data-element_type=\"section\" data-settings=\"{&quot;rt_color_sets&quot;:&quot;default-style&quot;}\">\n\t\t\t\t\t\t<div class=\"elementor-container elementor-column-gap-default\">\n\t\t\t\t\t<div class=\"elementor-column elementor-col-100 elementor-top-column elementor-element elementor-element-a062108\" data-id=\"a062108\" data-element_type=\"column\">\n\t\t\t<div class=\"elementor-widget-wrap elementor-element-populated\">\n\t\t\t\t\t\t\t\t<div class=\"elementor-element elementor-element-57ed1a5 elementor-widget elementor-widget-spacer\" data-id=\"57ed1a5\" data-element_type=\"widget\" data-widget_type=\"spacer.default\">\n\t\t\t\t<div class=\"elementor-widget-container\">\n\t\t\t\t\t<div class=\"elementor-spacer\">\n\t\t\t<div class=\"elementor-spacer-inner\"><\/div>\n\t\t<\/div>\n\t\t\t\t<\/div>\n\t\t\t\t<\/div>\n\t\t\t\t\t<\/div>\n\t\t<\/div>\n\t\t\t\t\t\t\t<\/div>\n\t\t<\/section>\n\t\t\t\t<section class=\"elementor-section elementor-top-section elementor-element elementor-element-53f2c1c elementor-section-boxed elementor-section-height-default elementor-section-height-default default-style\" data-id=\"53f2c1c\" data-element_type=\"section\" data-settings=\"{&quot;rt_color_sets&quot;:&quot;default-style&quot;}\">\n\t\t\t\t\t\t<div class=\"elementor-container elementor-column-gap-default\">\n\t\t\t\t\t<div class=\"elementor-column elementor-col-100 elementor-top-column elementor-element elementor-element-2f736ca\" data-id=\"2f736ca\" data-element_type=\"column\">\n\t\t\t<div class=\"elementor-widget-wrap elementor-element-populated\">\n\t\t\t\t\t\t\t\t<div class=\"elementor-element elementor-element-1b1d116 elementor-widget elementor-widget-text-editor\" data-id=\"1b1d116\" data-element_type=\"widget\" data-widget_type=\"text-editor.default\">\n\t\t\t\t<div class=\"elementor-widget-container\">\n\t\t\t\t\t<div class=\"elementor-text-editor elementor-clearfix\"><p>*Forfaits valables 6 mois.<\/p><p>Paiement en 1 ou 2 fois au 1er rendez-vous.<\/p><p>Un rendez-vous non d\u00e9command\u00e9 minimum 48h \u00e0 l&rsquo;avance donnera lieu au r\u00e8glement de la s\u00e9ance ou \u00e0 la d\u00e9duction du forfait.<\/p><\/div>\n\t\t\t\t<\/div>\n\t\t\t\t<\/div>\n\t\t\t\t\t<\/div>\n\t\t<\/div>\n\t\t\t\t\t\t\t<\/div>\n\t\t<\/section>\n\t\t\t\t\t\t<\/div>\n\t\t\t\t\t<\/div>\n\t\t","protected":false},"excerpt":{"rendered":"<p>R\u00e9flexologie Plantaire \u00a0 La R\u00e9flexologie est une discipline ancestrale, holistique et \u00e9nerg\u00e9tique, originaire d&rsquo;Asie. C&rsquo;est une technique de digito-pression bas\u00e9e sur la r\u00e9gulation du syst\u00e8me nerveux qui repose sur le principe selon lequel chaque organe, glande, fonction physiologique correspondent \u00e0 une zone ou un point pr\u00e9cis du corps. La stimulation de ces points particuliers permet [&hellip;]<\/p>\n","protected":false},"author":1,"featured_media":0,"parent":0,"menu_order":0,"comment_status":"closed","ping_status":"closed","template":"","meta":[],"_links":{"self":[{"href":"https:\/\/www.celiajay.com\/index.php\/wp-json\/wp\/v2\/pages\/2803"}],"collection":[{"href":"https:\/\/www.celiajay.com\/index.php\/wp-json\/wp\/v2\/pages"}],"about":[{"href":"https:\/\/www.celiajay.com\/index.php\/wp-json\/wp\/v2\/types\/page"}],"author":[{"embeddable":true,"href":"https:\/\/www.celiajay.com\/index.php\/wp-json\/wp\/v2\/users\/1"}],"replies":[{"embeddable":true,"href":"https:\/\/www.celiajay.com\/index.php\/wp-json\/wp\/v2\/comments?post=2803"}],"version-history":[{"count":98,"href":"https:\/\/www.celiajay.com\/index.php\/wp-json\/wp\/v2\/pages\/2803\/revisions"}],"predecessor-version":[{"id":5240,"href":"https:\/\/www.celiajay.com\/index.php\/wp-json\/wp\/v2\/pages\/2803\/revisions\/5240"}],"wp:attachment":[{"href":"https:\/\/www.celiajay.com\/index.php\/wp-json\/wp\/v2\/media?parent=2803"}],"curies":[{"name":"wp","href":"https:\/\/api.w.org\/{rel}","templated":true}]}}