{"id":2757,"date":"2021-04-09T17:14:24","date_gmt":"2021-04-09T15:14:24","guid":{"rendered":"http:\/\/new.naturogers.com\/?page_id=2757"},"modified":"2022-04-10T17:42:35","modified_gmt":"2022-04-10T15:42:35","slug":"mentions-legales","status":"publish","type":"page","link":"https:\/\/www.celiajay.com\/index.php\/mentions-legales\/","title":{"rendered":"Mentions l\u00e9gales"},"content":{"rendered":"\t\t<div data-elementor-type=\"wp-page\" data-elementor-id=\"2757\" class=\"elementor elementor-2757\" data-elementor-settings=\"[]\">\n\t\t\t\t\t\t\t<div class=\"elementor-section-wrap\">\n\t\t\t\t\t\t\t<section class=\"elementor-section elementor-top-section elementor-element elementor-element-6658195 elementor-section-boxed elementor-section-height-default elementor-section-height-default\" data-id=\"6658195\" data-element_type=\"section\">\n\t\t\t\t\t\t<div class=\"elementor-container elementor-column-gap-default\">\n\t\t\t\t\t<div class=\"elementor-column elementor-col-100 elementor-top-column elementor-element elementor-element-d065097\" data-id=\"d065097\" data-element_type=\"column\">\n\t\t\t<div class=\"elementor-widget-wrap elementor-element-populated\">\n\t\t\t\t\t\t\t\t<div class=\"elementor-element elementor-element-7a90e79 elementor-widget elementor-widget-text-editor\" data-id=\"7a90e79\" data-element_type=\"widget\" data-widget_type=\"text-editor.default\">\n\t\t\t\t<div class=\"elementor-widget-container\">\n\t\t\t\t\t<div class=\"elementor-text-editor elementor-clearfix\"><p><span style=\"text-decoration: underline;\"><strong>INFORMATIONS LEGALES<\/strong><\/span><br \/><strong>Editeur du Site<\/strong><br \/>Celia JAY Naturopathe<br \/>3 rue de la r\u00e9publique<br \/>32120 Mauvezin<br \/>06.380.390.03<br \/>SIRET : 798 237 186 00019<br \/>TVA non-applicable (Article 293B du Code G\u00e9n\u00e9ral des Imp\u00f4ts)<\/p><p>Le site internet est h\u00e9berg\u00e9 sur le domaine : <a href=\"http:\/\/www.celiajay-naturopathe.com\" target=\"_blank\" rel=\"noopener\">www.celiajay.com<\/a><\/p><p><strong>Responsable de la publication<\/strong><\/p><p>Celia JAY<br \/><a href=\"mailto:celia@celiajay-naturopathe.com\" target=\"_blank\" rel=\"noopener\">contact@celiajay.com<\/a><br \/>06.380.390.03<\/p><p><strong>H\u00e9bergement<\/strong><br \/><a href=\"http:\/\/Ovh.com\" target=\"_blank\" rel=\"noopener\">OVH<\/a><br \/>2 rue Kellermann &#8211; 59100 Roubaix &#8211; France<\/p><p><span style=\"text-decoration: underline;\"><strong>PROPRIETE INTELLECTUELLE<\/strong><\/span><br \/>Celia JAY est propri\u00e9taire exclusif de tous les droits de propri\u00e9t\u00e9 intellectuelle ou d\u00e9tient les droits d\u2019usage sur tous les \u00e9l\u00e9ments accessibles sur le site, tant sur la structure que sur les textes, images, graphismes, logo, ic\u00f4nes, sons, logiciels\u2026<\/p><p>Toute reproduction totale ou partielle du site www.celiajay-naturopathe.com, repr\u00e9sentation, modification, publication, adaptation totale ou partielle de l&rsquo;un quelconque de ces \u00e9l\u00e9ments est interdite, sauf autorisation \u00e9crite pr\u00e9alable de Celia JAY. \u00c0 d\u00e9faut, elle sera consid\u00e9r\u00e9e comme constitutive d\u2019une contrefa\u00e7on et passible de poursuite conform\u00e9ment aux dispositions des articles L.335-2 et suivants du Code de Propri\u00e9t\u00e9 Intellectuelle.<\/p><p><span style=\"text-decoration: underline;\"><strong>GESTION DES DONNEES<\/strong><\/span><br \/>Les donn\u00e9es personnelles collect\u00e9es sur le site ne seront en aucun cas distribu\u00e9es \u00e0 des tiers, ni vendues, ni lou\u00e9es, ni pr\u00eat\u00e9es. Au regard des dispositions du R\u00e8glement G\u00e9n\u00e9ral sur la Protection des Donn\u00e9es (RGPD) entr\u00e9es en vigueur le 25 mai 2018, les sites web ne font plus l\u2019objet d\u2019une d\u00e9claration aupr\u00e8s de la Commission Nationale de l\u2019Informatique et des Libert\u00e9s (www.cnil.fr). L\u2019utilisateur est inform\u00e9 que les informations qu\u2019il communique par le biais des formulaires pr\u00e9sents sur le site sont n\u00e9cessaires pour r\u00e9pondre \u00e0 sa demande et sont destin\u00e9es \u00e0 l\u2019\u00e9diteur du site.<\/p><p>Conform\u00e9ment \u00e0 la loi, vous b\u00e9n\u00e9ficiez d\u2019un droit d\u2019acc\u00e8s et de rectification aux informations qui vous concernent, ainsi que d\u2019un droit d\u2019opposition au traitement de vos donn\u00e9es pour des motifs l\u00e9gitimes. Vous pouvez exercer l\u2019ensemble de ces droits aupr\u00e8s de l\u2019\u00e9diteur du site.<\/p><p>Aucune information personnelle de l\u2019utilisateur du site n\u2019est publi\u00e9e \u00e0 l\u2019insu de l\u2019utilisateur, \u00e9chang\u00e9e, transf\u00e9r\u00e9e, c\u00e9d\u00e9e ou vendue sur un support quelconque \u00e0 des tiers.<\/p><p>Nous informons nos clients de leur droit \u00e0 s&rsquo;inscrire sur la liste d&rsquo;opposition au d\u00e9marchage t\u00e9l\u00e9phonique sur le site <a href=\"http:\/\/www.bloctel.gouv.fr\" target=\"_blank\" rel=\"noopener\"><span style=\"color: #ff99cc;\">BLOCTEL<\/span><\/a><\/p><p><strong><span style=\"text-decoration: underline;\">LIMITATION DE RESPONSABILITE<\/span><\/strong><\/p><p>Les informations contenues sur ce site sont aussi pr\u00e9cises que possibles et le site est p\u00e9riodiquement remis \u00e0 jour, mais peut toutefois contenir des inexactitudes, des omissions ou des lacunes. Si vous constatez une lacune, erreur ou ce qui para\u00eet \u00eatre un dysfonctionnement, merci de bien vouloir le signaler par email en d\u00e9crivant le probl\u00e8me de la mani\u00e8re la plus pr\u00e9cise possible (page posant probl\u00e8me, action d\u00e9clenchante, type d\u2019ordinateur et de navigateur utilis\u00e9, \u2026). www.celiajay-naturopathe.com ne peut pas \u00eatre tenu responsable des lacunes, erreurs ou dysfonctionnement engendr\u00e9s.<\/p><p>Tout contenu t\u00e9l\u00e9charg\u00e9 se fait aux risques et p\u00e9rils de l&rsquo;utilisateur et sous sa seule responsabilit\u00e9. En cons\u00e9quence, Celia JAY ne saurait \u00eatre tenu responsable d&rsquo;un quelconque dommage subi par l&rsquo;ordinateur de l&rsquo;utilisateur ou d&rsquo;une quelconque perte de donn\u00e9es cons\u00e9cutives au t\u00e9l\u00e9chargement.<\/p><p>Les liens hypertextes mis en place dans le cadre du pr\u00e9sent site internet en direction d&rsquo;autres ressources pr\u00e9sentes sur le r\u00e9seau Internet ne sauraient engager la responsabilit\u00e9 de Celia JAY.<\/p><p><strong><span style=\"text-decoration: underline;\">MEDIATION DE LA CONSOMMATION<\/span><\/strong><\/p><p>\u00ab Conform\u00e9ment aux articles L.616-1 et R.616-1 du code de la consommation, nous proposons un dispositif de m\u00e9diation de la consommation. L&rsquo;entit\u00e9 de m\u00e9diation retenue est : CNPM &#8211; MEDIATION DE LA CONSOMMATION. En cas de litige, vous pouvez d\u00e9poser votre r\u00e9clamation sur son site : <a href=\"https:\/\/cnpm-mediation-consommation.eu\" target=\"_blank\" rel=\"noopener\">CNPM-MEDIATION<\/a> ou par voie postale en \u00e9crivant \u00e0 CNPM &#8211; MEDIATION &#8211; CONSOMMATION &#8211; 27 avenue de la lib\u00e9ration &#8211; 42400 Saint-Chamond \u00bb<\/p><\/div>\n\t\t\t\t<\/div>\n\t\t\t\t<\/div>\n\t\t\t\t\t<\/div>\n\t\t<\/div>\n\t\t\t\t\t\t\t<\/div>\n\t\t<\/section>\n\t\t\t\t\t\t<\/div>\n\t\t\t\t\t<\/div>\n\t\t","protected":false},"excerpt":{"rendered":"<p>INFORMATIONS LEGALESEditeur du SiteCelia JAY Naturopathe3 rue de la r\u00e9publique32120 Mauvezin06.380.390.03SIRET : 798 237 186 00019TVA non-applicable (Article 293B du Code G\u00e9n\u00e9ral des Imp\u00f4ts) Le site internet est h\u00e9berg\u00e9 sur le domaine : www.celiajay.com Responsable de la publication Celia JAYcontact@celiajay.com06.380.390.03 H\u00e9bergementOVH2 rue Kellermann &#8211; 59100 Roubaix &#8211; France PROPRIETE INTELLECTUELLECelia JAY est propri\u00e9taire exclusif de [&hellip;]<\/p>\n","protected":false},"author":1,"featured_media":0,"parent":0,"menu_order":0,"comment_status":"closed","ping_status":"closed","template":"","meta":[],"_links":{"self":[{"href":"https:\/\/www.celiajay.com\/index.php\/wp-json\/wp\/v2\/pages\/2757"}],"collection":[{"href":"https:\/\/www.celiajay.com\/index.php\/wp-json\/wp\/v2\/pages"}],"about":[{"href":"https:\/\/www.celiajay.com\/index.php\/wp-json\/wp\/v2\/types\/page"}],"author":[{"embeddable":true,"href":"https:\/\/www.celiajay.com\/index.php\/wp-json\/wp\/v2\/users\/1"}],"replies":[{"embeddable":true,"href":"https:\/\/www.celiajay.com\/index.php\/wp-json\/wp\/v2\/comments?post=2757"}],"version-history":[{"count":35,"href":"https:\/\/www.celiajay.com\/index.php\/wp-json\/wp\/v2\/pages\/2757\/revisions"}],"predecessor-version":[{"id":3964,"href":"https:\/\/www.celiajay.com\/index.php\/wp-json\/wp\/v2\/pages\/2757\/revisions\/3964"}],"wp:attachment":[{"href":"https:\/\/www.celiajay.com\/index.php\/wp-json\/wp\/v2\/media?parent=2757"}],"curies":[{"name":"wp","href":"https:\/\/api.w.org\/{rel}","templated":true}]}}